{"id":1115,"date":"2022-04-03T14:01:09","date_gmt":"2022-04-03T14:01:09","guid":{"rendered":"http:\/\/workaddiction.org\/?page_id=1115"},"modified":"2023-01-05T06:51:44","modified_gmt":"2023-01-05T06:51:44","slug":"comorbidity","status":"publish","type":"page","link":"https:\/\/workaddiction.org\/az\/comorbidity\/","title":{"rendered":"Komorbidlik"},"content":{"rendered":"<div data-elementor-type=\"wp-page\" data-elementor-id=\"1115\" class=\"elementor elementor-1115\">\n\t\t\t\t\t\t\t\t\t<section class=\"elementor-section elementor-top-section elementor-element elementor-element-7ce3229 elementor-section-boxed elementor-section-height-default elementor-section-height-default\" data-id=\"7ce3229\" data-element_type=\"section\">\n\t\t\t\t\t\t<div class=\"elementor-container elementor-column-gap-default\">\n\t\t\t\t\t<div class=\"elementor-column elementor-col-100 elementor-top-column elementor-element elementor-element-055baa4\" data-id=\"055baa4\" data-element_type=\"column\">\n\t\t\t<div class=\"elementor-widget-wrap elementor-element-populated\">\n\t\t\t\t\t\t\t\t<div class=\"elementor-element elementor-element-8339f7f elementor-widget elementor-widget-heading\" data-id=\"8339f7f\" data-element_type=\"widget\" data-widget_type=\"heading.default\">\n\t\t\t\t<div class=\"elementor-widget-container\">\n\t\t\t<style>\/*! elementor - v3.6.2 - 04-04-2022 *\/\n.elementor-heading-title{padding:0;margin:0;line-height:1}.elementor-widget-heading .elementor-heading-title[class*=elementor-size-]>a{color:inherit;font-size:inherit;line-height:inherit}.elementor-widget-heading .elementor-heading-title.elementor-size-small{font-size:15px}.elementor-widget-heading .elementor-heading-title.elementor-size-medium{font-size:19px}.elementor-widget-heading .elementor-heading-title.elementor-size-large{font-size:29px}.elementor-widget-heading .elementor-heading-title.elementor-size-xl{font-size:39px}.elementor-widget-heading .elementor-heading-title.elementor-size-xxl{font-size:59px}<\/style><h2 class=\"elementor-heading-title elementor-size-default\">Komorbidl\u0259r: <br>\u0130\u015f as\u0131l\u0131l\u0131\u011f\u0131 il\u0259 birlikd\u0259 ba\u015f ver\u0259n poz\u011funluqlar<\/h2>\t\t<\/div>\n\t\t\t\t<\/div>\n\t\t\t\t\t<\/div>\n\t\t<\/div>\n\t\t\t\t\t\t\t<\/div>\n\t\t<\/section>\n\t\t\t\t<section class=\"elementor-section elementor-top-section elementor-element elementor-element-b9b8923 elementor-section-boxed elementor-section-height-default elementor-section-height-default\" data-id=\"b9b8923\" data-element_type=\"section\">\n\t\t\t\t\t\t<div class=\"elementor-container elementor-column-gap-default\">\n\t\t\t\t\t<div class=\"elementor-column elementor-col-100 elementor-top-column elementor-element elementor-element-9a2ee5c\" data-id=\"9a2ee5c\" data-element_type=\"column\">\n\t\t\t<div class=\"elementor-widget-wrap elementor-element-populated\">\n\t\t\t\t\t\t\t\t<div class=\"elementor-element elementor-element-ec14679 elementor-widget elementor-widget-text-editor\" data-id=\"ec14679\" data-element_type=\"widget\" data-widget_type=\"text-editor.default\">\n\t\t\t\t<div class=\"elementor-widget-container\">\n\t\t\t<style>\/*! elementor - v3.6.2 - 04-04-2022 *\/\n.elementor-widget-text-editor.elementor-drop-cap-view-stacked .elementor-drop-cap{background-color:#818a91;color:#fff}.elementor-widget-text-editor.elementor-drop-cap-view-framed .elementor-drop-cap{color:#818a91;border:3px solid;background-color:transparent}.elementor-widget-text-editor:not(.elementor-drop-cap-view-default) .elementor-drop-cap{margin-top:8px}.elementor-widget-text-editor:not(.elementor-drop-cap-view-default) .elementor-drop-cap-letter{width:1em;height:1em}.elementor-widget-text-editor .elementor-drop-cap{float:left;text-align:center;line-height:1;font-size:50px}.elementor-widget-text-editor .elementor-drop-cap-letter{display:inline-block}<\/style>\t\t\t\t<p><a href=\"https:\/\/link.springer.com\/chapter\/10.1007\/978-3-031-04772-5_9\" target=\"_blank\" style=\"font-size: 1rem;\">\u018fvv\u0259lki t\u0259dqiqatlar i\u015f as\u0131l\u0131l\u0131\u011f\u0131n\u0131n eyni vaxtda ba\u015f ver\u0259 bil\u0259c\u0259yini g\u00f6st\u0259rdi<\/a>:<\/p>\n<ul>\n<li>depressiya,<\/li>\n<li>narahatl\u0131q,<\/li>\n<li>sosial narahatl\u0131q,<\/li>\n<li>obsesif-kompulsif \u015f\u0259xsiyy\u0259t poz\u011funlu\u011fu v\u0259 dig\u0259r \u015f\u0259xsiyy\u0259t poz\u011funluqlar\u0131 (m\u0259s\u0259l\u0259n, s\u0259rh\u0259d \u015f\u0259xsiyy\u0259t poz\u011funlu\u011fu),<\/li>\n<li>yem\u0259k poz\u011funluqlar\u0131 (anoreksiya nervoza, bulimiya nervoza),<\/li>\n<li>dig\u0259r as\u0131l\u0131l\u0131q poz\u011funluqlar\u0131 (m\u0259s\u0259l\u0259n, alkoqol istifad\u0259si poz\u011funlu\u011fu, h\u0259ddind\u0259n art\u0131q yem\u0259k poz\u011funlu\u011fu il\u0259 \u0259laq\u0259li ola bil\u0259c\u0259k qida as\u0131l\u0131l\u0131\u011f\u0131, al\u0131\u015f-veri\u015f as\u0131l\u0131l\u0131\u011f\u0131\/kompulsiv sat\u0131n alma),<\/li>\n<li>bipolyar poz\u011funluq (manik-depressiv),<\/li>\n<li>yuxu poz\u011funluqlar\u0131,&nbsp;<\/li>\n<li>diqq\u0259t \u00e7at\u0131\u015fmazl\u0131\u011f\u0131 hiperaktivlik poz\u011funlu\u011fu,<\/li>\n<li>obsesif-kompulsif poz\u011funluq.<\/li>\n<\/ul>\t\t\t\t\t\t<\/div>\n\t\t\t\t<\/div>\n\t\t\t\t\t<\/div>\n\t\t<\/div>\n\t\t\t\t\t\t\t<\/div>\n\t\t<\/section>\n\t\t\t\t<section class=\"elementor-section elementor-top-section elementor-element elementor-element-14d7373 elementor-section-boxed elementor-section-height-default elementor-section-height-default\" data-id=\"14d7373\" data-element_type=\"section\">\n\t\t\t\t\t\t<div class=\"elementor-container elementor-column-gap-default\">\n\t\t\t\t\t<div class=\"elementor-column elementor-col-100 elementor-top-column elementor-element elementor-element-65cc342\" data-id=\"65cc342\" data-element_type=\"column\">\n\t\t\t<div class=\"elementor-widget-wrap elementor-element-populated\">\n\t\t\t\t\t\t\t\t<div class=\"elementor-element elementor-element-34042e8 elementor-widget elementor-widget-text-editor\" data-id=\"34042e8\" data-element_type=\"widget\" data-widget_type=\"text-editor.default\">\n\t\t\t\t<div class=\"elementor-widget-container\">\n\t\t\t\t\t\t\t<p><strong>\u018fg\u0259r i\u015fd\u0259n as\u0131l\u0131l\u0131q ya\u015fay\u0131rs\u0131n\u0131zsa, bu, m\u00fctl\u0259q bu probleml\u0259rd\u0259n h\u0259r hans\u0131 birinin sizd\u0259 olmas\u0131 dem\u0259k deyil. Bununla bel\u0259, i\u015f as\u0131l\u0131l\u0131\u011f\u0131 il\u0259 m\u00fcbariz\u0259 aparan b\u0259zi insanlar \u0259lav\u0259 olaraq b\u0259zil\u0259rind\u0259n \u0259ziyy\u0259t \u00e7\u0259k\u0259 bil\u0259r.<\/strong><\/p><p>Bu poz\u011funluqlar\u0131n b\u0259zil\u0259ri i\u015fd\u0259n as\u0131l\u0131l\u0131q riskinizi art\u0131ra bil\u0259r (m\u0259s\u0259l\u0259n, obsesif-kompulsiv \u015f\u0259xsiyy\u0259t poz\u011funlu\u011fu), b\u0259zil\u0259ri bunun s\u0259b\u0259bl\u0259ri v\u0259 n\u0259tic\u0259l\u0259ri ola bil\u0259r (m\u0259s\u0259l\u0259n, narahatl\u0131q v\u0259 ya depressiya) v\u0259 dig\u0259rl\u0259rinin \u00fcmumi s\u0259b\u0259bl\u0259ri ola bil\u0259r (m\u0259s\u0259l\u0259n, yem\u0259k poz\u011funlu\u011fu) . Buna g\u00f6r\u0259 d\u0259, bu probleml\u0259rin h\u0259lli v\u0259 m\u00fcalic\u0259si \u00fcmumi f\u0259aliyy\u0259tinizi yax\u015f\u0131la\u015fd\u0131ra v\u0259 i\u015f as\u0131l\u0131l\u0131\u011f\u0131n\u0131z\u0131 idar\u0259 etm\u0259y\u0259 k\u00f6m\u0259k ed\u0259 bil\u0259r.<\/p><p>Dig\u0259r birlikd\u0259 ba\u015f ver\u0259n psixi sa\u011flaml\u0131q probleml\u0259rinin tan\u0131nmas\u0131 \u00e7ox vacibdir, \u00e7\u00fcnki komorbidlik daha \u00e7ox funksional poz\u011funluqlarla (\u00fcmumiyy\u0259tl\u0259 daha pis f\u0259aliyy\u0259t) v\u0259 daha pis sa\u011flaml\u0131q n\u0259tic\u0259l\u0259ri il\u0259 \u0259laq\u0259l\u0259ndirilir. B\u00fct\u00fcn birlikd\u0259 m\u00f6vcud olan probleml\u0259ri h\u0259ll etm\u0259k laz\u0131md\u0131r, \u00e7\u00fcnki onlar\u0131n \u00fcmumi s\u0259b\u0259bl\u0259ri ola bil\u0259r v\u0259 bir-biri il\u0259 qar\u015f\u0131l\u0131ql\u0131 \u0259laq\u0259d\u0259 ola bil\u0259r v\u0259 relapslara s\u0259b\u0259b ola bil\u0259r. Bir insan\u0131n niy\u0259 h\u0259ddind\u0259n art\u0131q i\u015fl\u0259m\u0259y\u0259 s\u00f6vq edildiyini, dig\u0259r probleml\u0259rin bu i\u015f\u0259 m\u0259cburiyy\u0259t\u0259 nec\u0259 k\u00f6m\u0259k ed\u0259 bil\u0259c\u0259yini v\u0259 i\u015f as\u0131l\u0131l\u0131\u011f\u0131n\u0131n depressiya, narahatl\u0131q v\u0259 ya yuxusuzluq kimi dig\u0259r sa\u011flaml\u0131q probleml\u0259rin\u0259 nec\u0259 t\u0259sir ed\u0259 bil\u0259c\u0259yini anlamaq \u00e7ox vacibdir.<\/p>\t\t\t\t\t\t<\/div>\n\t\t\t\t<\/div>\n\t\t\t\t\t<\/div>\n\t\t<\/div>\n\t\t\t\t\t\t\t<\/div>\n\t\t<\/section>\n\t\t\t\t\t\t\t<\/div>","protected":false},"excerpt":{"rendered":"<p>Komorbidl\u0259r: \u0130\u015f as\u0131l\u0131l\u0131\u011f\u0131 il\u0259 birlikd\u0259 ba\u015f ver\u0259n poz\u011funluqlar \u018fvv\u0259lki t\u0259dqiqatlar i\u015fd\u0259n as\u0131l\u0131l\u0131\u011f\u0131n a\u015fa\u011f\u0131dak\u0131larla birlikd\u0259 ba\u015f ver\u0259 bil\u0259c\u0259yini g\u00f6st\u0259rdi: depressiya, narahatl\u0131q, sosial narahatl\u0131q, obsesif-kompulsiv \u015f\u0259xsiyy\u0259t poz\u011funlu\u011fu v\u0259 dig\u0259r \u015f\u0259xsiyy\u0259t poz\u011funlu\u011fu (m\u0259s\u0259l\u0259n, s\u0259rh\u0259dd\u0259 \u015f\u0259xsiyy\u0259t poz\u011funlu\u011fu), yem\u0259k poz\u011funlu\u011fu (anoreksiya nervoza) , bulimiya nervoza), dig\u0259r as\u0131l\u0131l\u0131q poz\u011funluqlar\u0131 (m\u0259s\u0259l\u0259n, alkoqol istifad\u0259si poz\u011funlu\u011fu, h\u0259ddind\u0259n art\u0131q yem\u0259k poz\u011funlu\u011fu il\u0259 \u0259laq\u0259li ola bil\u0259n qida as\u0131l\u0131l\u0131\u011f\u0131, al\u0131\u015f-veri\u015f as\u0131l\u0131l\u0131\u011f\u0131\/kompulsiv \u2026<\/p>\n<p class=\"read-more\"> <a class=\"\" href=\"https:\/\/workaddiction.org\/az\/comorbidity\/\"> <span class=\"screen-reader-text\">Komorbidlik<\/span> Daha \u00e7ox oxu &quot;<\/a><\/p>","protected":false},"author":1,"featured_media":0,"parent":0,"menu_order":0,"comment_status":"closed","ping_status":"closed","template":"","meta":{"site-sidebar-layout":"no-sidebar","site-content-layout":"page-builder","ast-main-header-display":"","ast-hfb-above-header-display":"","ast-hfb-below-header-display":"","ast-hfb-mobile-header-display":"","site-post-title":"disabled","ast-breadcrumbs-content":"","ast-featured-img":"disabled","footer-sml-layout":"","theme-transparent-header-meta":"","adv-header-id-meta":"","stick-header-meta":"","header-above-stick-meta":"","header-main-stick-meta":"","header-below-stick-meta":""},"_links":{"self":[{"href":"https:\/\/workaddiction.org\/az\/wp-json\/wp\/v2\/pages\/1115"}],"collection":[{"href":"https:\/\/workaddiction.org\/az\/wp-json\/wp\/v2\/pages"}],"about":[{"href":"https:\/\/workaddiction.org\/az\/wp-json\/wp\/v2\/types\/page"}],"author":[{"embeddable":true,"href":"https:\/\/workaddiction.org\/az\/wp-json\/wp\/v2\/users\/1"}],"replies":[{"embeddable":true,"href":"https:\/\/workaddiction.org\/az\/wp-json\/wp\/v2\/comments?post=1115"}],"version-history":[{"count":20,"href":"https:\/\/workaddiction.org\/az\/wp-json\/wp\/v2\/pages\/1115\/revisions"}],"predecessor-version":[{"id":4878,"href":"https:\/\/workaddiction.org\/az\/wp-json\/wp\/v2\/pages\/1115\/revisions\/4878"}],"wp:attachment":[{"href":"https:\/\/workaddiction.org\/az\/wp-json\/wp\/v2\/media?parent=1115"}],"curies":[{"name":"wp","href":"https:\/\/api.w.org\/{rel}","templated":true}]}}