{"id":1849,"date":"2022-09-13T18:00:48","date_gmt":"2022-09-13T18:00:48","guid":{"rendered":"http:\/\/workaddiction.org\/?page_id=1849"},"modified":"2023-01-11T03:31:50","modified_gmt":"2023-01-11T03:31:50","slug":"expectations","status":"publish","type":"page","link":"https:\/\/workaddiction.org\/az\/expectations\/","title":{"rendered":"G\u00f6zl\u0259ntil\u0259r"},"content":{"rendered":"<div data-elementor-type=\"wp-page\" data-elementor-id=\"1849\" class=\"elementor elementor-1849\">\n\t\t\t\t\t\t\t\t\t<section class=\"elementor-section elementor-top-section elementor-element elementor-element-655ebafd elementor-section-boxed elementor-section-height-default elementor-section-height-default\" data-id=\"655ebafd\" data-element_type=\"section\">\n\t\t\t\t\t\t<div class=\"elementor-container elementor-column-gap-default\">\n\t\t\t\t\t<div class=\"elementor-column elementor-col-100 elementor-top-column elementor-element elementor-element-7c1ea1e\" data-id=\"7c1ea1e\" data-element_type=\"column\">\n\t\t\t<div class=\"elementor-widget-wrap elementor-element-populated\">\n\t\t\t\t\t\t\t\t<div class=\"elementor-element elementor-element-9877594 elementor-widget elementor-widget-heading\" data-id=\"9877594\" data-element_type=\"widget\" data-widget_type=\"heading.default\">\n\t\t\t\t<div class=\"elementor-widget-container\">\n\t\t\t<style>\/*! elementor - v3.6.2 - 04-04-2022 *\/\n.elementor-heading-title{padding:0;margin:0;line-height:1}.elementor-widget-heading .elementor-heading-title[class*=elementor-size-]>a{color:inherit;font-size:inherit;line-height:inherit}.elementor-widget-heading .elementor-heading-title.elementor-size-small{font-size:15px}.elementor-widget-heading .elementor-heading-title.elementor-size-medium{font-size:19px}.elementor-widget-heading .elementor-heading-title.elementor-size-large{font-size:29px}.elementor-widget-heading .elementor-heading-title.elementor-size-xl{font-size:39px}.elementor-widget-heading .elementor-heading-title.elementor-size-xxl{font-size:59px}<\/style><h2 class=\"elementor-heading-title elementor-size-default\">G\u00f6zl\u0259ntil\u0259r<\/h2>\t\t<\/div>\n\t\t\t\t<\/div>\n\t\t\t\t<div class=\"elementor-element elementor-element-446baae6 elementor-widget elementor-widget-text-editor\" data-id=\"446baae6\" data-element_type=\"widget\" data-widget_type=\"text-editor.default\">\n\t\t\t\t<div class=\"elementor-widget-container\">\n\t\t\t<style>\/*! elementor - v3.6.2 - 04-04-2022 *\/\n.elementor-widget-text-editor.elementor-drop-cap-view-stacked .elementor-drop-cap{background-color:#818a91;color:#fff}.elementor-widget-text-editor.elementor-drop-cap-view-framed .elementor-drop-cap{color:#818a91;border:3px solid;background-color:transparent}.elementor-widget-text-editor:not(.elementor-drop-cap-view-default) .elementor-drop-cap{margin-top:8px}.elementor-widget-text-editor:not(.elementor-drop-cap-view-default) .elementor-drop-cap-letter{width:1em;height:1em}.elementor-widget-text-editor .elementor-drop-cap{float:left;text-align:center;line-height:1;font-size:50px}.elementor-widget-text-editor .elementor-drop-cap-letter{display:inline-block}<\/style>\t\t\t\t<p><!-- wp:paragraph --><\/p>\n<p>\u0130\u015f as\u0131l\u0131l\u0131\u011f\u0131ndan qurtulma proqnozu, ehtimal ki, problemin \u015fidd\u0259tind\u0259n as\u0131l\u0131d\u0131r. B\u0259zi hallarda, h\u0259yat t\u0259rzi d\u0259yi\u015fiklikl\u0259ri i\u015fkolik meyll\u0259rin azald\u0131lmas\u0131nda v\u0259 \u00fcmumi f\u0259aliyy\u0259tin v\u0259 h\u0259yat keyfiyy\u0259tinin yax\u015f\u0131la\u015fd\u0131r\u0131lmas\u0131nda faydal\u0131 ola bil\u0259r. Bununla bel\u0259, dig\u0259r hallarda, i\u015fg\u00fczar davran\u0131\u015flar\u0131n \u0259sas s\u0259b\u0259bl\u0259rini aradan qald\u0131rmaq v\u0259 sa\u011flam m\u00fcbariz\u0259 bacar\u0131qlar\u0131n\u0131 inki\u015faf etdirm\u0259k \u00fc\u00e7\u00fcn \u0259lav\u0259 pe\u015f\u0259kar psixoloji m\u00fcalic\u0259 t\u0259l\u0259b oluna bil\u0259r. M\u00fc\u0259yy\u0259n hallarda hans\u0131 m\u00fcalic\u0259 \u00fcsullar\u0131n\u0131n daha yax\u015f\u0131 i\u015fl\u0259diyini ba\u015fa d\u00fc\u015fm\u0259k \u00fc\u00e7\u00fcn daha sistemli t\u0259dqiqatlar laz\u0131md\u0131r.<\/p>\n<p>Bu yax\u0131nlarda&nbsp;<a href=\"https:\/\/onlinelibrary.wiley.com\/doi\/pdf\/10.1002\/wps.20971\" target=\"_blank\" rel=\"noreferrer noopener\">geni\u015f miqyasl\u0131 beyn\u0259lxalq t\u0259dqiqat<\/a>&nbsp;D\u00fcnyan\u0131n \u0259n t\u0259sirli psixiatriya jurnal\u0131nda d\u0259rc olunan m\u0259qal\u0259 g\u00f6st\u0259rdi ki, psixi sa\u011flaml\u0131\u011f\u0131n yax\u015f\u0131la\u015fd\u0131r\u0131lmas\u0131nda h\u0259lledici amill\u0259rd\u0259n biri yard\u0131m axtarmaq v\u0259 ilkin \u00e7\u0259tinlikl\u0259rd\u0259n ruhdan d\u00fc\u015fm\u0259m\u0259kdir.&nbsp;<\/p>\n<p><!-- \/wp:paragraph --><!-- wp:paragraph --><\/p>\n<p><strong>K\u00f6m\u0259k axtarma\u011f\u0131 dayand\u0131rmayanlar\u0131n 90%-d\u0259n \u00e7oxu n\u0259hay\u0259t psixi sa\u011flaml\u0131qlar\u0131n\u0131 yax\u015f\u0131la\u015fd\u0131r\u0131r!<\/strong><\/p>\n<p><!-- \/wp:paragraph --><\/p>\t\t\t\t\t\t<\/div>\n\t\t\t\t<\/div>\n\t\t\t\t\t<\/div>\n\t\t<\/div>\n\t\t\t\t\t\t\t<\/div>\n\t\t<\/section>\n\t\t\t\t\t\t\t<\/div>","protected":false},"excerpt":{"rendered":"<p>G\u00f6zl\u0259ntil\u0259r \u0130\u015f as\u0131l\u0131l\u0131\u011f\u0131ndan sa\u011falma proqnozu, ehtimal ki, problemin \u015fidd\u0259tind\u0259n as\u0131l\u0131d\u0131r. B\u0259zi hallarda, h\u0259yat t\u0259rzi d\u0259yi\u015fiklikl\u0259ri i\u015fkolik meyll\u0259rin azald\u0131lmas\u0131nda v\u0259 \u00fcmumi f\u0259aliyy\u0259tin v\u0259 h\u0259yat keyfiyy\u0259tinin yax\u015f\u0131la\u015fd\u0131r\u0131lmas\u0131nda faydal\u0131 ola bil\u0259r. Bununla bel\u0259, dig\u0259r hallarda, i\u015fg\u00fczarl\u0131\u011f\u0131n \u0259sas s\u0259b\u0259bl\u0259rini aradan qald\u0131rmaq \u00fc\u00e7\u00fcn \u0259lav\u0259 pe\u015f\u0259kar psixoloji m\u00fcalic\u0259 t\u0259l\u0259b oluna bil\u0259r ...<\/p>\n<p class=\"read-more\"> <a class=\"\" href=\"https:\/\/workaddiction.org\/az\/expectations\/\"> <span class=\"screen-reader-text\">G\u00f6zl\u0259ntil\u0259r<\/span> Daha \u00e7ox oxu &quot;<\/a><\/p>","protected":false},"author":1,"featured_media":0,"parent":0,"menu_order":0,"comment_status":"closed","ping_status":"closed","template":"","meta":{"site-sidebar-layout":"default","site-content-layout":"default","ast-main-header-display":"","ast-hfb-above-header-display":"","ast-hfb-below-header-display":"","ast-hfb-mobile-header-display":"","site-post-title":"","ast-breadcrumbs-content":"","ast-featured-img":"","footer-sml-layout":"","theme-transparent-header-meta":"","adv-header-id-meta":"","stick-header-meta":"","header-above-stick-meta":"","header-main-stick-meta":"","header-below-stick-meta":""},"_links":{"self":[{"href":"https:\/\/workaddiction.org\/az\/wp-json\/wp\/v2\/pages\/1849"}],"collection":[{"href":"https:\/\/workaddiction.org\/az\/wp-json\/wp\/v2\/pages"}],"about":[{"href":"https:\/\/workaddiction.org\/az\/wp-json\/wp\/v2\/types\/page"}],"author":[{"embeddable":true,"href":"https:\/\/workaddiction.org\/az\/wp-json\/wp\/v2\/users\/1"}],"replies":[{"embeddable":true,"href":"https:\/\/workaddiction.org\/az\/wp-json\/wp\/v2\/comments?post=1849"}],"version-history":[{"count":33,"href":"https:\/\/workaddiction.org\/az\/wp-json\/wp\/v2\/pages\/1849\/revisions"}],"predecessor-version":[{"id":5080,"href":"https:\/\/workaddiction.org\/az\/wp-json\/wp\/v2\/pages\/1849\/revisions\/5080"}],"wp:attachment":[{"href":"https:\/\/workaddiction.org\/az\/wp-json\/wp\/v2\/media?parent=1849"}],"curies":[{"name":"wp","href":"https:\/\/api.w.org\/{rel}","templated":true}]}}