{"id":5618,"date":"2025-01-03T19:32:15","date_gmt":"2025-01-03T19:32:15","guid":{"rendered":"https:\/\/workaddiction.org\/?page_id=5618"},"modified":"2025-09-06T19:50:30","modified_gmt":"2025-09-06T19:50:30","slug":"international-work-addiction-scale","status":"publish","type":"page","link":"https:\/\/workaddiction.org\/az\/international-work-addiction-scale\/","title":{"rendered":"Beyn\u0259lxalq \u0130\u015f As\u0131l\u0131l\u0131\u011f\u0131 \u00d6l\u00e7\u00fcs\u00fc"},"content":{"rendered":"<div data-elementor-type=\"wp-page\" data-elementor-id=\"5618\" class=\"elementor elementor-5618\">\n\t\t\t\t\t\t\t\t\t<section class=\"elementor-section elementor-top-section elementor-element elementor-element-9d63819 elementor-section-boxed elementor-section-height-default elementor-section-height-default\" data-id=\"9d63819\" data-element_type=\"section\">\n\t\t\t\t\t\t<div class=\"elementor-container elementor-column-gap-default\">\n\t\t\t\t\t<div class=\"elementor-column elementor-col-66 elementor-top-column elementor-element elementor-element-eed3494\" data-id=\"eed3494\" data-element_type=\"column\">\n\t\t\t<div class=\"elementor-widget-wrap elementor-element-populated\">\n\t\t\t\t\t\t\t\t<div class=\"elementor-element elementor-element-9e43eca elementor-widget elementor-widget-heading\" data-id=\"9e43eca\" data-element_type=\"widget\" data-widget_type=\"heading.default\">\n\t\t\t\t<div class=\"elementor-widget-container\">\n\t\t\t<style>\/*! elementor - v3.6.2 - 04-04-2022 *\/\n.elementor-heading-title{padding:0;margin:0;line-height:1}.elementor-widget-heading .elementor-heading-title[class*=elementor-size-]>a{color:inherit;font-size:inherit;line-height:inherit}.elementor-widget-heading .elementor-heading-title.elementor-size-small{font-size:15px}.elementor-widget-heading .elementor-heading-title.elementor-size-medium{font-size:19px}.elementor-widget-heading .elementor-heading-title.elementor-size-large{font-size:29px}.elementor-widget-heading .elementor-heading-title.elementor-size-xl{font-size:39px}.elementor-widget-heading .elementor-heading-title.elementor-size-xxl{font-size:59px}<\/style><h3 class=\"elementor-heading-title elementor-size-default\"><a href=\"http:\/\/workaddiction.org\/wp-content\/uploads\/2025\/09\/IWAS_language-versions.pdf\" target=\"_blank\"><br>International Work \nAddiction Scale (IWAS)<\/a><\/h3>\t\t<\/div>\n\t\t\t\t<\/div>\n\t\t\t\t<div class=\"elementor-element elementor-element-295a438 elementor-widget elementor-widget-heading\" data-id=\"295a438\" data-element_type=\"widget\" data-widget_type=\"heading.default\">\n\t\t\t\t<div class=\"elementor-widget-container\">\n\t\t\t<h4 class=\"elementor-heading-title elementor-size-default\"><a href=\"http:\/\/workaddiction.org\/wp-content\/uploads\/2025\/09\/IWAS_language-versions.pdf\" target=\"_blank\">68 Languages<br>Download it here!<\/a><\/h4>\t\t<\/div>\n\t\t\t\t<\/div>\n\t\t\t\t\t<\/div>\n\t\t<\/div>\n\t\t\t\t<div class=\"elementor-column elementor-col-33 elementor-top-column elementor-element elementor-element-833e09e\" data-id=\"833e09e\" data-element_type=\"column\">\n\t\t\t<div class=\"elementor-widget-wrap elementor-element-populated\">\n\t\t\t\t\t\t\t\t<div class=\"elementor-element elementor-element-fd1e3d4 elementor-widget elementor-widget-image\" data-id=\"fd1e3d4\" data-element_type=\"widget\" data-widget_type=\"image.default\">\n\t\t\t\t<div class=\"elementor-widget-container\">\n\t\t\t<style>\/*! elementor - v3.6.2 - 04-04-2022 *\/\n.elementor-widget-image{text-align:center}.elementor-widget-image a{display:inline-block}.elementor-widget-image a img[src$=\".svg\"]{width:48px}.elementor-widget-image img{vertical-align:middle;display:inline-block}<\/style>\t\t\t\t\t\t\t\t\t\t\t\t\t<a href=\"http:\/\/workaddiction.org\/wp-content\/uploads\/2025\/09\/IWAS_language-versions.pdf\">\n\t\t\t\t\t\t\t<img width=\"1024\" height=\"473\" src=\"https:\/\/workaddiction.org\/wp-content\/uploads\/2025\/02\/IWAS-1-e1739309579743-1024x473.png\" class=\"attachment-large size-large\" alt=\"\" loading=\"lazy\" srcset=\"https:\/\/workaddiction.org\/wp-content\/uploads\/2025\/02\/IWAS-1-e1739309579743-1024x473.png 1024w, https:\/\/workaddiction.org\/wp-content\/uploads\/2025\/02\/IWAS-1-e1739309579743-300x139.png 300w, https:\/\/workaddiction.org\/wp-content\/uploads\/2025\/02\/IWAS-1-e1739309579743-768x355.png 768w, https:\/\/workaddiction.org\/wp-content\/uploads\/2025\/02\/IWAS-1-e1739309579743-18x8.png 18w, https:\/\/workaddiction.org\/wp-content\/uploads\/2025\/02\/IWAS-1-e1739309579743.png 1414w\" sizes=\"(max-width: 1024px) 100vw, 1024px\" \/>\t\t\t\t\t\t\t\t<\/a>\n\t\t\t\t\t\t\t\t\t\t\t\t\t\t\t<\/div>\n\t\t\t\t<\/div>\n\t\t\t\t\t<\/div>\n\t\t<\/div>\n\t\t\t\t\t\t\t<\/div>\n\t\t<\/section>\n\t\t\t\t\t\t\t<\/div>","protected":false},"excerpt":{"rendered":"<p>International Work Addiction Scale (IWAS) 68 LanguagesDownload it here!<\/p>","protected":false},"author":1,"featured_media":0,"parent":0,"menu_order":0,"comment_status":"closed","ping_status":"closed","template":"","meta":{"site-sidebar-layout":"no-sidebar","site-content-layout":"page-builder","ast-main-header-display":"","ast-hfb-above-header-display":"","ast-hfb-below-header-display":"","ast-hfb-mobile-header-display":"","site-post-title":"disabled","ast-breadcrumbs-content":"","ast-featured-img":"disabled","footer-sml-layout":"","theme-transparent-header-meta":"","adv-header-id-meta":"","stick-header-meta":"","header-above-stick-meta":"","header-main-stick-meta":"","header-below-stick-meta":""},"_links":{"self":[{"href":"https:\/\/workaddiction.org\/az\/wp-json\/wp\/v2\/pages\/5618"}],"collection":[{"href":"https:\/\/workaddiction.org\/az\/wp-json\/wp\/v2\/pages"}],"about":[{"href":"https:\/\/workaddiction.org\/az\/wp-json\/wp\/v2\/types\/page"}],"author":[{"embeddable":true,"href":"https:\/\/workaddiction.org\/az\/wp-json\/wp\/v2\/users\/1"}],"replies":[{"embeddable":true,"href":"https:\/\/workaddiction.org\/az\/wp-json\/wp\/v2\/comments?post=5618"}],"version-history":[{"count":16,"href":"https:\/\/workaddiction.org\/az\/wp-json\/wp\/v2\/pages\/5618\/revisions"}],"predecessor-version":[{"id":5704,"href":"https:\/\/workaddiction.org\/az\/wp-json\/wp\/v2\/pages\/5618\/revisions\/5704"}],"wp:attachment":[{"href":"https:\/\/workaddiction.org\/az\/wp-json\/wp\/v2\/media?parent=5618"}],"curies":[{"name":"wp","href":"https:\/\/api.w.org\/{rel}","templated":true}]}}