{"id":1115,"date":"2022-04-03T14:01:09","date_gmt":"2022-04-03T14:01:09","guid":{"rendered":"http:\/\/workaddiction.org\/?page_id=1115"},"modified":"2023-01-05T06:51:44","modified_gmt":"2023-01-05T06:51:44","slug":"comorbidity","status":"publish","type":"page","link":"https:\/\/workaddiction.org\/bs\/comorbidity\/","title":{"rendered":"Komorbiditet"},"content":{"rendered":"<div data-elementor-type=\"wp-page\" data-elementor-id=\"1115\" class=\"elementor elementor-1115\">\n\t\t\t\t\t\t\t\t\t<section class=\"elementor-section elementor-top-section elementor-element elementor-element-7ce3229 elementor-section-boxed elementor-section-height-default elementor-section-height-default\" data-id=\"7ce3229\" data-element_type=\"section\">\n\t\t\t\t\t\t<div class=\"elementor-container elementor-column-gap-default\">\n\t\t\t\t\t<div class=\"elementor-column elementor-col-100 elementor-top-column elementor-element elementor-element-055baa4\" data-id=\"055baa4\" data-element_type=\"column\">\n\t\t\t<div class=\"elementor-widget-wrap elementor-element-populated\">\n\t\t\t\t\t\t\t\t<div class=\"elementor-element elementor-element-8339f7f elementor-widget elementor-widget-heading\" data-id=\"8339f7f\" data-element_type=\"widget\" data-widget_type=\"heading.default\">\n\t\t\t\t<div class=\"elementor-widget-container\">\n\t\t\t<style>\/*! elementor - v3.6.2 - 04-04-2022 *\/\n.elementor-heading-title{padding:0;margin:0;line-height:1}.elementor-widget-heading .elementor-heading-title[class*=elementor-size-]>a{color:inherit;font-size:inherit;line-height:inherit}.elementor-widget-heading .elementor-heading-title.elementor-size-small{font-size:15px}.elementor-widget-heading .elementor-heading-title.elementor-size-medium{font-size:19px}.elementor-widget-heading .elementor-heading-title.elementor-size-large{font-size:29px}.elementor-widget-heading .elementor-heading-title.elementor-size-xl{font-size:39px}.elementor-widget-heading .elementor-heading-title.elementor-size-xxl{font-size:59px}<\/style><h2 class=\"elementor-heading-title elementor-size-default\">komorbiditeti: <br>Poreme\u0107aji koji se javljaju zajedno sa ovisno\u0161\u0107u o poslu<\/h2>\t\t<\/div>\n\t\t\t\t<\/div>\n\t\t\t\t\t<\/div>\n\t\t<\/div>\n\t\t\t\t\t\t\t<\/div>\n\t\t<\/section>\n\t\t\t\t<section class=\"elementor-section elementor-top-section elementor-element elementor-element-b9b8923 elementor-section-boxed elementor-section-height-default elementor-section-height-default\" data-id=\"b9b8923\" data-element_type=\"section\">\n\t\t\t\t\t\t<div class=\"elementor-container elementor-column-gap-default\">\n\t\t\t\t\t<div class=\"elementor-column elementor-col-100 elementor-top-column elementor-element elementor-element-9a2ee5c\" data-id=\"9a2ee5c\" data-element_type=\"column\">\n\t\t\t<div class=\"elementor-widget-wrap elementor-element-populated\">\n\t\t\t\t\t\t\t\t<div class=\"elementor-element elementor-element-ec14679 elementor-widget elementor-widget-text-editor\" data-id=\"ec14679\" data-element_type=\"widget\" data-widget_type=\"text-editor.default\">\n\t\t\t\t<div class=\"elementor-widget-container\">\n\t\t\t<style>\/*! elementor - v3.6.2 - 04-04-2022 *\/\n.elementor-widget-text-editor.elementor-drop-cap-view-stacked .elementor-drop-cap{background-color:#818a91;color:#fff}.elementor-widget-text-editor.elementor-drop-cap-view-framed .elementor-drop-cap{color:#818a91;border:3px solid;background-color:transparent}.elementor-widget-text-editor:not(.elementor-drop-cap-view-default) .elementor-drop-cap{margin-top:8px}.elementor-widget-text-editor:not(.elementor-drop-cap-view-default) .elementor-drop-cap-letter{width:1em;height:1em}.elementor-widget-text-editor .elementor-drop-cap{float:left;text-align:center;line-height:1;font-size:50px}.elementor-widget-text-editor .elementor-drop-cap-letter{display:inline-block}<\/style>\t\t\t\t<p><a href=\"https:\/\/link.springer.com\/chapter\/10.1007\/978-3-031-04772-5_9\" target=\"_blank\" style=\"font-size: 1rem;\">Prethodne studije su otkrile da se ovisnost o poslu mo\u017ee pojaviti zajedno<\/a>:<\/p>\n<ul>\n<li>depresija,<\/li>\n<li>anksioznost,<\/li>\n<li>socijalna anksioznost,<\/li>\n<li>opsesivno-kompulzivni poreme\u0107aj li\u010dnosti i drugi poreme\u0107aji li\u010dnosti (npr. grani\u010dni poreme\u0107aj li\u010dnosti),<\/li>\n<li>poreme\u0107aji u ishrani (anoreksija nervoza, bulimija nervoza),<\/li>\n<li>drugi poreme\u0107aji ovisnosti (npr. poreme\u0107aj upotrebe alkohola, ovisnost o hrani koja mo\u017ee biti povezana s poreme\u0107ajem prejedanja, ovisnost o kupovini\/kompulzivna kupovina),<\/li>\n<li>bipolarni poreme\u0107aj (mani\u010dno-depresivni),<\/li>\n<li>poreme\u0107aji spavanja,&nbsp;<\/li>\n<li>poreme\u0107aj pa\u017enje i hiperaktivnost,<\/li>\n<li>opsesivno-kompulzivni poreme\u0107aj.<\/li>\n<\/ul>\t\t\t\t\t\t<\/div>\n\t\t\t\t<\/div>\n\t\t\t\t\t<\/div>\n\t\t<\/div>\n\t\t\t\t\t\t\t<\/div>\n\t\t<\/section>\n\t\t\t\t<section class=\"elementor-section elementor-top-section elementor-element elementor-element-14d7373 elementor-section-boxed elementor-section-height-default elementor-section-height-default\" data-id=\"14d7373\" data-element_type=\"section\">\n\t\t\t\t\t\t<div class=\"elementor-container elementor-column-gap-default\">\n\t\t\t\t\t<div class=\"elementor-column elementor-col-100 elementor-top-column elementor-element elementor-element-65cc342\" data-id=\"65cc342\" data-element_type=\"column\">\n\t\t\t<div class=\"elementor-widget-wrap elementor-element-populated\">\n\t\t\t\t\t\t\t\t<div class=\"elementor-element elementor-element-34042e8 elementor-widget elementor-widget-text-editor\" data-id=\"34042e8\" data-element_type=\"widget\" data-widget_type=\"text-editor.default\">\n\t\t\t\t<div class=\"elementor-widget-container\">\n\t\t\t\t\t\t\t<p><strong>Ako iskusite ovisnost o poslu, to ne zna\u010di nu\u017eno da imate bilo koji od ovih problema. Me\u0111utim, neki ljudi koji se bore s ovisno\u0161\u0107u o poslu mogu dodatno patiti od nekih od njih.<\/strong><\/p><p>Neki od ovih poreme\u0107aja mogu pove\u0107ati rizik od ovisnosti o poslu (npr. opsesivno kompulzivni poreme\u0107aj li\u010dnosti), neki mogu biti uzroci kao i rezultati (npr. anksioznost ili depresija), a drugi mogu imati uobi\u010dajene uzroke (npr. poreme\u0107aji u ishrani) . Stoga, rje\u0161avanje i lije\u010denje ovih problema mo\u017ee pobolj\u0161ati va\u0161e cjelokupno funkcioniranje i pomo\u0107i vam da upravljate ovisno\u0161\u0107u o poslu.<\/p><p>Prepoznavanje drugih prate\u0107ih problema mentalnog zdravlja veoma je va\u017eno jer je komorbiditet povezan sa ve\u0107im funkcionalnim o\u0161te\u0107enjima (op\u0107enito lo\u0161ijim funkcionisanjem) i lo\u0161ijim zdravstvenim ishodima. Neophodno je pozabaviti se svim koegzistiraju\u0107im problemima jer oni mogu imati zajedni\u010dke uzroke i mogu biti u interakciji jedni s drugima i uzrokovati recidive. Klju\u010dno je razumjeti za\u0161to je osoba tjerana na pretjerani rad, kako drugi problemi mogu doprinijeti ovoj prisili na rad i kako ovisnost o poslu mo\u017ee utjecati na druge zdravstvene probleme kao \u0161to su depresija, anksioznost ili nesanica.<\/p>\t\t\t\t\t\t<\/div>\n\t\t\t\t<\/div>\n\t\t\t\t\t<\/div>\n\t\t<\/div>\n\t\t\t\t\t\t\t<\/div>\n\t\t<\/section>\n\t\t\t\t\t\t\t<\/div>","protected":false},"excerpt":{"rendered":"<p>Komorbiditeti: poreme\u0107aji koji se javljaju zajedno s ovisno\u0161\u0107u o poslu Prethodne studije su otkrile da se ovisnost o poslu mo\u017ee pojaviti zajedno sa: depresijom, anksiozno\u0161\u0107u, socijalnom anksiozno\u0161\u0107u, opsesivno-kompulzivnim poreme\u0107ajem li\u010dnosti i drugim poreme\u0107ajima li\u010dnosti (npr. grani\u010dni poreme\u0107aj li\u010dnosti), poreme\u0107ajima u ishrani (anoreksija nervoza , bulimija nervoza), drugi poreme\u0107aji ovisnosti (npr. poreme\u0107aj upotrebe alkohola, ovisnost o hrani koja mo\u017ee biti povezana s poreme\u0107ajem prejedanja, ovisnost o kupovini\/kompulzivnost\u2026<\/p>\n<p class=\"read-more\"> <a class=\"\" href=\"https:\/\/workaddiction.org\/bs\/comorbidity\/\"> <span class=\"screen-reader-text\">Komorbiditet<\/span> \u010citaj vi\u0161e &quot;<\/a><\/p>","protected":false},"author":1,"featured_media":0,"parent":0,"menu_order":0,"comment_status":"closed","ping_status":"closed","template":"","meta":{"site-sidebar-layout":"no-sidebar","site-content-layout":"page-builder","ast-main-header-display":"","ast-hfb-above-header-display":"","ast-hfb-below-header-display":"","ast-hfb-mobile-header-display":"","site-post-title":"disabled","ast-breadcrumbs-content":"","ast-featured-img":"disabled","footer-sml-layout":"","theme-transparent-header-meta":"","adv-header-id-meta":"","stick-header-meta":"","header-above-stick-meta":"","header-main-stick-meta":"","header-below-stick-meta":""},"_links":{"self":[{"href":"https:\/\/workaddiction.org\/bs\/wp-json\/wp\/v2\/pages\/1115"}],"collection":[{"href":"https:\/\/workaddiction.org\/bs\/wp-json\/wp\/v2\/pages"}],"about":[{"href":"https:\/\/workaddiction.org\/bs\/wp-json\/wp\/v2\/types\/page"}],"author":[{"embeddable":true,"href":"https:\/\/workaddiction.org\/bs\/wp-json\/wp\/v2\/users\/1"}],"replies":[{"embeddable":true,"href":"https:\/\/workaddiction.org\/bs\/wp-json\/wp\/v2\/comments?post=1115"}],"version-history":[{"count":20,"href":"https:\/\/workaddiction.org\/bs\/wp-json\/wp\/v2\/pages\/1115\/revisions"}],"predecessor-version":[{"id":4878,"href":"https:\/\/workaddiction.org\/bs\/wp-json\/wp\/v2\/pages\/1115\/revisions\/4878"}],"wp:attachment":[{"href":"https:\/\/workaddiction.org\/bs\/wp-json\/wp\/v2\/media?parent=1115"}],"curies":[{"name":"wp","href":"https:\/\/api.w.org\/{rel}","templated":true}]}}