{"id":1849,"date":"2022-09-13T18:00:48","date_gmt":"2022-09-13T18:00:48","guid":{"rendered":"http:\/\/workaddiction.org\/?page_id=1849"},"modified":"2023-01-11T03:31:50","modified_gmt":"2023-01-11T03:31:50","slug":"expectations","status":"publish","type":"page","link":"https:\/\/workaddiction.org\/bs\/expectations\/","title":{"rendered":"O\u010dekivanja"},"content":{"rendered":"<div data-elementor-type=\"wp-page\" data-elementor-id=\"1849\" class=\"elementor elementor-1849\">\n\t\t\t\t\t\t\t\t\t<section class=\"elementor-section elementor-top-section elementor-element elementor-element-655ebafd elementor-section-boxed elementor-section-height-default elementor-section-height-default\" data-id=\"655ebafd\" data-element_type=\"section\">\n\t\t\t\t\t\t<div class=\"elementor-container elementor-column-gap-default\">\n\t\t\t\t\t<div class=\"elementor-column elementor-col-100 elementor-top-column elementor-element elementor-element-7c1ea1e\" data-id=\"7c1ea1e\" data-element_type=\"column\">\n\t\t\t<div class=\"elementor-widget-wrap elementor-element-populated\">\n\t\t\t\t\t\t\t\t<div class=\"elementor-element elementor-element-9877594 elementor-widget elementor-widget-heading\" data-id=\"9877594\" data-element_type=\"widget\" data-widget_type=\"heading.default\">\n\t\t\t\t<div class=\"elementor-widget-container\">\n\t\t\t<style>\/*! elementor - v3.6.2 - 04-04-2022 *\/\n.elementor-heading-title{padding:0;margin:0;line-height:1}.elementor-widget-heading .elementor-heading-title[class*=elementor-size-]>a{color:inherit;font-size:inherit;line-height:inherit}.elementor-widget-heading .elementor-heading-title.elementor-size-small{font-size:15px}.elementor-widget-heading .elementor-heading-title.elementor-size-medium{font-size:19px}.elementor-widget-heading .elementor-heading-title.elementor-size-large{font-size:29px}.elementor-widget-heading .elementor-heading-title.elementor-size-xl{font-size:39px}.elementor-widget-heading .elementor-heading-title.elementor-size-xxl{font-size:59px}<\/style><h2 class=\"elementor-heading-title elementor-size-default\">O\u010dekivanja<\/h2>\t\t<\/div>\n\t\t\t\t<\/div>\n\t\t\t\t<div class=\"elementor-element elementor-element-446baae6 elementor-widget elementor-widget-text-editor\" data-id=\"446baae6\" data-element_type=\"widget\" data-widget_type=\"text-editor.default\">\n\t\t\t\t<div class=\"elementor-widget-container\">\n\t\t\t<style>\/*! elementor - v3.6.2 - 04-04-2022 *\/\n.elementor-widget-text-editor.elementor-drop-cap-view-stacked .elementor-drop-cap{background-color:#818a91;color:#fff}.elementor-widget-text-editor.elementor-drop-cap-view-framed .elementor-drop-cap{color:#818a91;border:3px solid;background-color:transparent}.elementor-widget-text-editor:not(.elementor-drop-cap-view-default) .elementor-drop-cap{margin-top:8px}.elementor-widget-text-editor:not(.elementor-drop-cap-view-default) .elementor-drop-cap-letter{width:1em;height:1em}.elementor-widget-text-editor .elementor-drop-cap{float:left;text-align:center;line-height:1;font-size:50px}.elementor-widget-text-editor .elementor-drop-cap-letter{display:inline-block}<\/style>\t\t\t\t<p><!-- wp:paragraph --><\/p>\n<p>Prognoza za oporavak od ovisnosti o poslu vjerovatno ovisi o ozbiljnosti problema. U nekim slu\u010dajevima, modifikacije \u017eivotnog stila mogu se pokazati korisnima u smanjenju radoholi\u010dkih sklonosti i pobolj\u0161anju cjelokupnog funkcioniranja i kvalitete \u017eivota. Me\u0111utim, u drugim slu\u010dajevima mo\u017ee biti potreban dodatni profesionalni psiholo\u0161ki tretman kako bi se rije\u0161ili osnovni uzroci radoholi\u010dkog pona\u0161anja i razvile zdrave vje\u0161tine suo\u010davanja. Potrebna su sistemati\u010dnija istra\u017eivanja kako bi se razumjelo koji modaliteti lije\u010denja najbolje djeluju u odre\u0111enim slu\u010dajevima.<\/p>\n<p>Nedavno&nbsp;<a href=\"https:\/\/onlinelibrary.wiley.com\/doi\/pdf\/10.1002\/wps.20971\" target=\"_blank\" rel=\"noreferrer noopener\">velika me\u0111unarodna studija<\/a>&nbsp;objavljeno u najupe\u010datljivijem psihijatrijskom \u010dasopisu na svijetu pokazalo je da je jedan od klju\u010dnih faktora u pobolj\u0161anju mentalnog zdravlja tra\u017eenje pomo\u0107i i ne obeshrabrenje po\u010detnim pote\u0161ko\u0107ama.&nbsp;<\/p>\n<p><!-- \/wp:paragraph --><!-- wp:paragraph --><\/p>\n<p><strong>Vi\u0161e od 90% onih koji ne prestaju tra\u017eiti pomo\u0107 na kraju pobolj\u0161aju svoje mentalno zdravlje!<\/strong><\/p>\n<p><!-- \/wp:paragraph --><\/p>\t\t\t\t\t\t<\/div>\n\t\t\t\t<\/div>\n\t\t\t\t\t<\/div>\n\t\t<\/div>\n\t\t\t\t\t\t\t<\/div>\n\t\t<\/section>\n\t\t\t\t\t\t\t<\/div>","protected":false},"excerpt":{"rendered":"<p>O\u010dekivanja Prognoza za oporavak od ovisnosti o poslu vjerovatno zavisi od te\u017eine problema. U nekim slu\u010dajevima, modifikacije \u017eivotnog stila mogu se pokazati korisnim u smanjenju radoholi\u010darskih sklonosti i pobolj\u0161anju cjelokupnog funkcioniranja i kvalitete \u017eivota. Me\u0111utim, u drugim slu\u010dajevima mo\u017ee biti potreban dodatni profesionalni psiholo\u0161ki tretman kako bi se rije\u0161ili osnovni uzroci radoholi\u010dara\u2026<\/p>\n<p class=\"read-more\"> <a class=\"\" href=\"https:\/\/workaddiction.org\/bs\/expectations\/\"> <span class=\"screen-reader-text\">O\u010dekivanja<\/span> \u010citaj vi\u0161e &quot;<\/a><\/p>","protected":false},"author":1,"featured_media":0,"parent":0,"menu_order":0,"comment_status":"closed","ping_status":"closed","template":"","meta":{"site-sidebar-layout":"default","site-content-layout":"default","ast-main-header-display":"","ast-hfb-above-header-display":"","ast-hfb-below-header-display":"","ast-hfb-mobile-header-display":"","site-post-title":"","ast-breadcrumbs-content":"","ast-featured-img":"","footer-sml-layout":"","theme-transparent-header-meta":"","adv-header-id-meta":"","stick-header-meta":"","header-above-stick-meta":"","header-main-stick-meta":"","header-below-stick-meta":""},"_links":{"self":[{"href":"https:\/\/workaddiction.org\/bs\/wp-json\/wp\/v2\/pages\/1849"}],"collection":[{"href":"https:\/\/workaddiction.org\/bs\/wp-json\/wp\/v2\/pages"}],"about":[{"href":"https:\/\/workaddiction.org\/bs\/wp-json\/wp\/v2\/types\/page"}],"author":[{"embeddable":true,"href":"https:\/\/workaddiction.org\/bs\/wp-json\/wp\/v2\/users\/1"}],"replies":[{"embeddable":true,"href":"https:\/\/workaddiction.org\/bs\/wp-json\/wp\/v2\/comments?post=1849"}],"version-history":[{"count":33,"href":"https:\/\/workaddiction.org\/bs\/wp-json\/wp\/v2\/pages\/1849\/revisions"}],"predecessor-version":[{"id":5080,"href":"https:\/\/workaddiction.org\/bs\/wp-json\/wp\/v2\/pages\/1849\/revisions\/5080"}],"wp:attachment":[{"href":"https:\/\/workaddiction.org\/bs\/wp-json\/wp\/v2\/media?parent=1849"}],"curies":[{"name":"wp","href":"https:\/\/api.w.org\/{rel}","templated":true}]}}