{"id":1118,"date":"2022-04-03T14:01:24","date_gmt":"2022-04-03T14:01:24","guid":{"rendered":"http:\/\/workaddiction.org\/?page_id=1118"},"modified":"2023-01-05T06:57:57","modified_gmt":"2023-01-05T06:57:57","slug":"diagnosis","status":"publish","type":"page","link":"https:\/\/workaddiction.org\/cs\/diagnosis\/","title":{"rendered":"Diagn\u00f3za"},"content":{"rendered":"<div data-elementor-type=\"wp-page\" data-elementor-id=\"1118\" class=\"elementor elementor-1118\">\n\t\t\t\t\t\t\t\t\t<section class=\"elementor-section elementor-top-section elementor-element elementor-element-081e3df elementor-section-boxed elementor-section-height-default elementor-section-height-default\" data-id=\"081e3df\" data-element_type=\"section\">\n\t\t\t\t\t\t<div class=\"elementor-container elementor-column-gap-default\">\n\t\t\t\t\t<div class=\"elementor-column elementor-col-100 elementor-top-column elementor-element elementor-element-b259d5c\" data-id=\"b259d5c\" data-element_type=\"column\">\n\t\t\t<div class=\"elementor-widget-wrap\">\n\t\t\t\t\t\t\t\t\t<\/div>\n\t\t<\/div>\n\t\t\t\t\t\t\t<\/div>\n\t\t<\/section>\n\t\t\t\t<section class=\"elementor-section elementor-top-section elementor-element elementor-element-92ed071 elementor-section-boxed elementor-section-height-default elementor-section-height-default\" data-id=\"92ed071\" data-element_type=\"section\">\n\t\t\t\t\t\t<div class=\"elementor-container elementor-column-gap-default\">\n\t\t\t\t\t<div class=\"elementor-column elementor-col-100 elementor-top-column elementor-element elementor-element-48515ae\" data-id=\"48515ae\" data-element_type=\"column\">\n\t\t\t<div class=\"elementor-widget-wrap elementor-element-populated\">\n\t\t\t\t\t\t\t\t<div class=\"elementor-element elementor-element-4bd9a72 elementor-widget elementor-widget-heading\" data-id=\"4bd9a72\" data-element_type=\"widget\" data-widget_type=\"heading.default\">\n\t\t\t\t<div class=\"elementor-widget-container\">\n\t\t\t<style>\/*! elementor - v3.6.2 - 04-04-2022 *\/\n.elementor-heading-title{padding:0;margin:0;line-height:1}.elementor-widget-heading .elementor-heading-title[class*=elementor-size-]>a{color:inherit;font-size:inherit;line-height:inherit}.elementor-widget-heading .elementor-heading-title.elementor-size-small{font-size:15px}.elementor-widget-heading .elementor-heading-title.elementor-size-medium{font-size:19px}.elementor-widget-heading .elementor-heading-title.elementor-size-large{font-size:29px}.elementor-widget-heading .elementor-heading-title.elementor-size-xl{font-size:39px}.elementor-widget-heading .elementor-heading-title.elementor-size-xxl{font-size:59px}<\/style><h2 class=\"elementor-heading-title elementor-size-default\">Diagnostika z\u00e1vislosti na pr\u00e1ci<\/h2>\t\t<\/div>\n\t\t\t\t<\/div>\n\t\t\t\t\t<\/div>\n\t\t<\/div>\n\t\t\t\t\t\t\t<\/div>\n\t\t<\/section>\n\t\t\t\t<section class=\"elementor-section elementor-top-section elementor-element elementor-element-4b1f047 elementor-section-boxed elementor-section-height-default elementor-section-height-default\" data-id=\"4b1f047\" data-element_type=\"section\">\n\t\t\t\t\t\t<div class=\"elementor-container elementor-column-gap-default\">\n\t\t\t\t\t<div class=\"elementor-column elementor-col-100 elementor-top-column elementor-element elementor-element-a7813fd\" data-id=\"a7813fd\" data-element_type=\"column\">\n\t\t\t<div class=\"elementor-widget-wrap elementor-element-populated\">\n\t\t\t\t\t\t\t\t<div class=\"elementor-element elementor-element-181cfbe elementor-widget elementor-widget-text-editor\" data-id=\"181cfbe\" data-element_type=\"widget\" data-widget_type=\"text-editor.default\">\n\t\t\t\t<div class=\"elementor-widget-container\">\n\t\t\t<style>\/*! elementor - v3.6.2 - 04-04-2022 *\/\n.elementor-widget-text-editor.elementor-drop-cap-view-stacked .elementor-drop-cap{background-color:#818a91;color:#fff}.elementor-widget-text-editor.elementor-drop-cap-view-framed .elementor-drop-cap{color:#818a91;border:3px solid;background-color:transparent}.elementor-widget-text-editor:not(.elementor-drop-cap-view-default) .elementor-drop-cap{margin-top:8px}.elementor-widget-text-editor:not(.elementor-drop-cap-view-default) .elementor-drop-cap-letter{width:1em;height:1em}.elementor-widget-text-editor .elementor-drop-cap{float:left;text-align:center;line-height:1;font-size:50px}.elementor-widget-text-editor .elementor-drop-cap-letter{display:inline-block}<\/style>\t\t\t\t<p>Na t\u00e9to str\u00e1nce diskutujeme o tom, jak lze diagnostikovat z\u00e1vislost na pr\u00e1ci, a o praktick\u00fdch aspektech hled\u00e1n\u00ed odborn\u00e9 pomoci s n\u00ed, v\u010detn\u011b toho, zda va\u0161e zdravotn\u00ed poji\u0161t\u011bn\u00ed m\u016f\u017ee pokr\u00fdvat klinickou pomoc pro kompulzivn\u00ed probl\u00e9my souvisej\u00edc\u00ed s prac\u00ed.<\/p>\n<p>V sou\u010dasn\u00e9 dob\u011b nen\u00ed pracovn\u00ed z\u00e1vislost ofici\u00e1ln\u011b uzn\u00e1na jako an <span style=\"text-decoration: underline;\"><strong>n\u00e1vykov\u00e1 porucha<\/strong><\/span> v ofici\u00e1ln\u00edch klasifikac\u00edch nemoc\u00ed a poruch, jako je DSM 5 podle Americk\u00e9 psychiatrick\u00e9 asociace nebo MKN 11 podle Sv\u011btov\u00e9 zdravotnick\u00e9 organizace.<\/p>\n<p>P\u0159\u00edli\u0161n\u00e1 oddanost pr\u00e1ci na \u00fakor rodinn\u00fdch nebo soci\u00e1ln\u00edch vztah\u016f je pova\u017eov\u00e1na za symptom <span style=\"text-decoration: underline;\"><strong>obsedantn\u011b kompulzivn\u00ed porucha osobnosti (OCPD)<\/strong><\/span> v DSM 5. Tato porucha osobnosti byla d\u0159\u00edve rozpozn\u00e1na jako anankastick\u00e1 porucha osobnosti v MKN 10 a v sou\u010dasnosti jsou charakteristiky t\u00e9to poruchy souvisej\u00edc\u00ed s rigidn\u00edm perfekcionismem a emo\u010dn\u00edm a behavior\u00e1ln\u00edm omezen\u00edm uzn\u00e1v\u00e1ny jako <span style=\"text-decoration: underline;\"><strong>Anankastia<\/strong><\/span> dom\u00e9na v poruch\u00e1ch osobnosti v MKN 11. Prakticky to znamen\u00e1, \u017ee v mnoha zem\u00edch m\u016f\u017eete vyhledat klinickou pomoc, kter\u00e1 m\u016f\u017ee b\u00fdt hrazena z va\u0161eho zdravotn\u00edho poji\u0161t\u011bn\u00ed. <span style=\"text-decoration: underline;\"><strong>To se v jednotliv\u00fdch zem\u00edch li\u0161\u00ed a mo\u017en\u00e1 budete muset konzultovat sv\u00e9 m\u00edstn\u00ed zdravotn\u00edky, abyste zjistili p\u0159esn\u00e9 podm\u00ednky, za kter\u00fdch m\u016f\u017eete ve sv\u00e9 zemi vyhledat odbornou pomoc.&nbsp;<\/strong><\/span><\/p>\n<p style=\"text-align: center;\"><span style=\"text-decoration: underline;\"><strong>ANANKASTIE V PORUCHY OSOBNOSTI NEBO OBT\u00cd\u017dNOSTI OSOBNOSTI (ICD 11, K\u00d3D 6D11.4)<\/strong><\/span><\/p>\n<p>Sv\u011btov\u00e1 zdravotnick\u00e1 organizace definuje&nbsp;<a href=\"https:\/\/icd.who.int\/browse11\/l-m\/en#\/http%3a%2f%2fid.who.int%2ficd%2fentity%2f848330288\" target=\"_blank\" rel=\"noopener\">Anankastia&nbsp;<\/a>jako jeden z \u201ev\u00fdrazn\u00fdch osobnostn\u00edch rys\u016f nebo vzorc\u016f\u201c spojen\u00fdch s poruchou osobnosti:<\/p>\n<p><em>\u201eZ\u00e1kladn\u00edm rysem dom\u00e9ny rys\u016f Anankastia je \u00fazk\u00e9 zam\u011b\u0159en\u00ed na vlastn\u00ed p\u0159\u00edsn\u00fd standard dokonalosti a spr\u00e1vn\u00e9ho a \u0161patn\u00e9ho a na kontrolu vlastn\u00edho chov\u00e1n\u00ed a chov\u00e1n\u00ed druh\u00fdch a kontroln\u00ed situace, aby se zajistila shoda s t\u011bmito standardy. Mezi b\u011b\u017en\u00e9 projevy Anankastie, z nich\u017e ne v\u0161echny mohou b\u00fdt u dan\u00e9ho jedince v danou chv\u00edli p\u0159\u00edtomny, pat\u0159\u00ed: perfekcionismus (nap\u0159. z\u00e1jem o spole\u010densk\u00e1 pravidla, povinnosti a normy dobra a zla, \u00fazkostliv\u00e1 pozornost k detailu, rigidn\u00ed, systematick\u00fd, ka\u017edodenn\u00ed rutiny, nadm\u011brn\u00e9 pl\u00e1nov\u00e1n\u00ed a pl\u00e1novitost, d\u016fraz na organizaci, po\u0159\u00e1dek a \u00fahlednost); a emocion\u00e1ln\u00ed a behavior\u00e1ln\u00ed omezen\u00ed (nap\u0159. rigidn\u00ed kontrola nad emo\u010dn\u00edm projevem, tvrdohlavost a nepru\u017enost, vyh\u00fdb\u00e1n\u00ed se riziku, vytrvalost a deliberativnost).<\/em><\/p>\n<p style=\"text-align: center;\"><span style=\"text-decoration: underline;\"><strong>Z\u00c1VISLOST NA PR\u00c1CI JAKO N\u00c1VYKOV\u00c1 PORUCHA<\/strong><\/span><\/p>\n<p>St\u00e1le v\u00edce studi\u00ed v\u0161ak ukazuje, \u017ee z\u00e1vislost na pr\u00e1ci vykazuje d\u016fle\u017eit\u00e9 charakteristiky n\u00e1vykov\u00e9 poruchy a jej\u00ed ch\u00e1p\u00e1n\u00ed se vyv\u00edj\u00ed.<\/p>\n<p>V sou\u010dasn\u00e9 dob\u011b v\u00e1m ve v\u011bt\u0161in\u011b zem\u00ed sv\u011bta nem\u016f\u017ee b\u00fdt ofici\u00e1ln\u011b diagnostikov\u00e1na z\u00e1vislost na pr\u00e1ci, stejn\u011b jako v\u00e1m m\u016f\u017ee b\u00fdt l\u00e9ka\u0159sky diagnostikov\u00e1na deprese, \u00fazkostn\u00e1 porucha nebo porucha u\u017e\u00edv\u00e1n\u00ed alkoholu. Nicm\u00e9n\u011b v mnoha zem\u00edch&nbsp;<a href=\"https:\/\/www.nhs.uk\/live-well\/addiction-support\/addiction-what-is-it\/\" target=\"_blank\" rel=\"noopener\">zdravotnick\u00e1 za\u0159\u00edzen\u00ed a organizace zab\u00fdvaj\u00edc\u00ed se n\u00e1vykov\u00fdmi poruchami<\/a> rozpoznat z\u00e1vislost na pr\u00e1ci jako n\u00e1vykov\u00fd probl\u00e9m. <span style=\"text-decoration: underline;\"><strong>To znamen\u00e1, \u017ee existuj\u00ed zdravotn\u00edci a terapeuti, kte\u0159\u00ed v\u00e1m mohou pomoci s rozpozn\u00e1n\u00edm va\u0161eho probl\u00e9mu a jeho l\u00e9\u010dbou.<\/strong> <\/span>V\u00edce informac\u00ed poskytujeme na <a href=\"https:\/\/workaddiction.org\/cs\/find-help\/\" target=\"_blank\" rel=\"noopener\">kde na t\u00e9to webov\u00e9 str\u00e1nce hledat pomoc<\/a>.<\/p>\n<p style=\"text-align: center;\"><span style=\"text-decoration: underline;\"><strong>JAK MOHU B\u00ddT DIAGNOSTIKOVAN\u00dd?<\/strong><\/span><\/p>\n<p>To bude do ur\u010dit\u00e9 m\u00edry z\u00e1viset na tom, zda budete hledat pomoc ve zdravotnick\u00fdch za\u0159\u00edzen\u00edch, centrech pro z\u00e1vislosti nebo soukrom\u00e9ho poradce \u010di terapeuta.<\/p>\n<p>Obvykle m\u016f\u017eete o\u010dek\u00e1vat rozhovor o va\u0161ich probl\u00e9mech se zdravotn\u00edkem nebo terapeutem. Krom\u011b toho mohou b\u00fdt provedeny n\u011bkter\u00e9 psychologick\u00e9 nebo klinick\u00e9 testy k posouzen\u00ed celkov\u00e9ho psychologick\u00e9ho fungov\u00e1n\u00ed a soub\u011b\u017en\u00e9ho v\u00fdskytu jin\u00fdch poruch nebo zdravotn\u00edch probl\u00e9m\u016f. Mohou zahrnovat strukturovan\u00e9 nebo polostrukturovan\u00e9 rozhovory, nap\u0159. m\u016f\u017ee b\u00fdt provedeno komplexn\u00ed hodnocen\u00ed osobnosti a tak\u00e9 vypln\u011bn\u00ed diagnostick\u00fdch dotazn\u00edk\u016f.<\/p>\n<p><span style=\"text-decoration: underline;\"><span style=\"color: #ff0000;\"><strong>Doporu\u010dujeme zejm\u00e9na:<\/strong><\/span><\/span><\/p>\n<ul>\n<li><span style=\"color: #ff0000;\"><strong>konzultace se zdravotn\u00edky, zejm\u00e9na se specializac\u00ed na probl\u00e9my souvisej\u00edc\u00ed se z\u00e1vislost\u00ed, a<\/strong><\/span><\/li>\n<li><span style=\"color: #ff0000;\"><strong>hled\u00e1n\u00ed komplexn\u00ed diagn\u00f3zy, zejm\u00e9na pokud jde o poruchy, kter\u00e9 se vyskytuj\u00ed sou\u010dasn\u011b se z\u00e1vislost\u00ed na pr\u00e1ci.<\/strong><\/span><\/li>\n<\/ul>\n<p><a style=\"font-size: 1rem;\" href=\"https:\/\/link.springer.com\/chapter\/10.1007\/978-3-031-04772-5_9\" target=\"_blank\" rel=\"noopener\">P\u0159edchoz\u00ed studie<\/a>&nbsp;zjistili, \u017ee z\u00e1vislost na pr\u00e1ci se m\u016f\u017ee vyskytovat spole\u010dn\u011b s:<\/p>\n<ul>\n<li>Deprese,<\/li>\n<li>\u00fazkost,<\/li>\n<li>soci\u00e1ln\u00ed \u00fazkost,<\/li>\n<li>obsedantn\u011b-kompulzivn\u00ed porucha osobnosti a dal\u0161\u00ed poruchy osobnosti (nap\u0159. hrani\u010dn\u00ed porucha osobnosti),<\/li>\n<li>poruchy p\u0159\u00edjmu potravy (ment\u00e1ln\u00ed anorexie, ment\u00e1ln\u00ed bulimie),<\/li>\n<li>jin\u00e9 n\u00e1vykov\u00e9 poruchy (nap\u0159. porucha u\u017e\u00edv\u00e1n\u00ed alkoholu, z\u00e1vislost na j\u00eddle, kter\u00e1 m\u016f\u017ee souviset s poruchou p\u0159ej\u00edd\u00e1n\u00ed, z\u00e1vislost na nakupov\u00e1n\u00ed\/kompulzivn\u00ed nakupov\u00e1n\u00ed),<\/li>\n<li>bipol\u00e1rn\u00ed porucha (manicko-depresivn\u00ed),<\/li>\n<li>poruchy sp\u00e1nku,&nbsp;<\/li>\n<li>porucha pozornosti s hyperaktivitou,<\/li>\n<li>obsedantn\u011b kompulzivn\u00ed porucha.<\/li>\n<\/ul>\n<p><strong>Pokud za\u017e\u00edv\u00e1te z\u00e1vislost na pr\u00e1ci, nemus\u00ed to nutn\u011b znamenat, \u017ee m\u00e1te n\u011bkter\u00fd z t\u011bchto probl\u00e9m\u016f. N\u011bkte\u0159\u00ed lid\u00e9 bojuj\u00edc\u00ed se z\u00e1vislost\u00ed na pr\u00e1ci v\u0161ak mohou n\u011bkter\u00fdmi z nich nav\u00edc trp\u011bt.<\/strong><\/p>\n<p>N\u011bkter\u00e9 z t\u011bchto poruch mohou zv\u00fd\u0161it va\u0161e riziko z\u00e1vislosti na pr\u00e1ci (nap\u0159. obsedantn\u011b kompulzivn\u00ed porucha osobnosti), n\u011bkter\u00e9 mohou b\u00fdt jej\u00edmi p\u0159\u00ed\u010dinami i n\u00e1sledky (nap\u0159. \u00fazkost nebo deprese) a jin\u00e9 mohou m\u00edt b\u011b\u017en\u00e9 p\u0159\u00ed\u010diny (nap\u0159. poruchy p\u0159\u00edjmu potravy). . Proto \u0159e\u0161en\u00ed a l\u00e9\u010dba t\u011bchto probl\u00e9m\u016f m\u016f\u017ee zlep\u0161it va\u0161e celkov\u00e9 fungov\u00e1n\u00ed a pomoci v\u00e1m zvl\u00e1dnout va\u0161i z\u00e1vislost na pr\u00e1ci.<\/p>\n<p>Rozpozn\u00e1n\u00ed dal\u0161\u00edch soub\u011b\u017en\u011b se vyskytuj\u00edc\u00edch probl\u00e9m\u016f du\u0161evn\u00edho zdrav\u00ed je velmi d\u016fle\u017eit\u00e9, proto\u017ee komorbidita je spojena s v\u011bt\u0161\u00edmi funk\u010dn\u00edmi poruchami (obecn\u011b hor\u0161\u00edm fungov\u00e1n\u00edm) a hor\u0161\u00edmi zdravotn\u00edmi v\u00fdsledky. Je nutn\u00e9 \u0159e\u0161it v\u0161echny koexistuj\u00edc\u00ed probl\u00e9my, proto\u017ee mohou m\u00edt spole\u010dn\u00e9 p\u0159\u00ed\u010diny a mohou se vz\u00e1jemn\u011b ovliv\u0148ovat a zp\u016fsobovat recidivy. Je d\u016fle\u017eit\u00e9 pochopit, pro\u010d je \u010dlov\u011bk nucen pracovat nadm\u011brn\u011b, jak mohou k tomuto nucen\u00ed pracovat dal\u0161\u00ed probl\u00e9my a jak m\u016f\u017ee z\u00e1vislost na pr\u00e1ci ovlivnit dal\u0161\u00ed zdravotn\u00ed probl\u00e9my, jako je deprese, \u00fazkost nebo nespavost.<\/p>\t\t\t\t\t\t<\/div>\n\t\t\t\t<\/div>\n\t\t\t\t\t<\/div>\n\t\t<\/div>\n\t\t\t\t\t\t\t<\/div>\n\t\t<\/section>\n\t\t\t\t\t\t\t<\/div>","protected":false},"excerpt":{"rendered":"<p>Diagnostika z\u00e1vislosti na pr\u00e1ci Na t\u00e9to str\u00e1nce pojedn\u00e1v\u00e1me o tom, jak lze diagnostikovat z\u00e1vislost na pr\u00e1ci, a o praktick\u00fdch aspektech, jak s n\u00ed vyhledat odbornou pomoc, v\u010detn\u011b toho, zda va\u0161e zdravotn\u00ed poji\u0161t\u011bn\u00ed m\u016f\u017ee pokr\u00fdvat klinickou pomoc pro kompulzivn\u00ed probl\u00e9my souvisej\u00edc\u00ed s prac\u00ed. V sou\u010dasn\u00e9 dob\u011b nen\u00ed pracovn\u00ed z\u00e1vislost ofici\u00e1ln\u011b uzn\u00e1v\u00e1na jako n\u00e1vykov\u00e1 porucha v ofici\u00e1ln\u00ed klasifikaci nemoc\u00ed a poruch\u2026<\/p>\n<p class=\"read-more\"> <a class=\"\" href=\"https:\/\/workaddiction.org\/cs\/diagnosis\/\"> <span class=\"screen-reader-text\">Diagn\u00f3za<\/span> Pokra\u010dovat ve \u010dten\u00ed \u00bb<\/a><\/p>","protected":false},"author":1,"featured_media":0,"parent":0,"menu_order":0,"comment_status":"closed","ping_status":"closed","template":"","meta":{"site-sidebar-layout":"no-sidebar","site-content-layout":"page-builder","ast-main-header-display":"","ast-hfb-above-header-display":"","ast-hfb-below-header-display":"","ast-hfb-mobile-header-display":"","site-post-title":"disabled","ast-breadcrumbs-content":"","ast-featured-img":"disabled","footer-sml-layout":"","theme-transparent-header-meta":"","adv-header-id-meta":"","stick-header-meta":"","header-above-stick-meta":"","header-main-stick-meta":"","header-below-stick-meta":""},"_links":{"self":[{"href":"https:\/\/workaddiction.org\/cs\/wp-json\/wp\/v2\/pages\/1118"}],"collection":[{"href":"https:\/\/workaddiction.org\/cs\/wp-json\/wp\/v2\/pages"}],"about":[{"href":"https:\/\/workaddiction.org\/cs\/wp-json\/wp\/v2\/types\/page"}],"author":[{"embeddable":true,"href":"https:\/\/workaddiction.org\/cs\/wp-json\/wp\/v2\/users\/1"}],"replies":[{"embeddable":true,"href":"https:\/\/workaddiction.org\/cs\/wp-json\/wp\/v2\/comments?post=1118"}],"version-history":[{"count":107,"href":"https:\/\/workaddiction.org\/cs\/wp-json\/wp\/v2\/pages\/1118\/revisions"}],"predecessor-version":[{"id":4884,"href":"https:\/\/workaddiction.org\/cs\/wp-json\/wp\/v2\/pages\/1118\/revisions\/4884"}],"wp:attachment":[{"href":"https:\/\/workaddiction.org\/cs\/wp-json\/wp\/v2\/media?parent=1118"}],"curies":[{"name":"wp","href":"https:\/\/api.w.org\/{rel}","templated":true}]}}