{"id":1124,"date":"2022-04-03T14:02:12","date_gmt":"2022-04-03T14:02:12","guid":{"rendered":"http:\/\/workaddiction.org\/?page_id=1124"},"modified":"2022-11-05T17:31:00","modified_gmt":"2022-11-05T17:31:00","slug":"macro","status":"publish","type":"page","link":"https:\/\/workaddiction.org\/cs\/macro\/","title":{"rendered":"Makro"},"content":{"rendered":"<div data-elementor-type=\"wp-page\" data-elementor-id=\"1124\" class=\"elementor elementor-1124\">\n\t\t\t\t\t\t\t\t\t<section class=\"elementor-section elementor-top-section elementor-element elementor-element-75c09ad elementor-section-boxed elementor-section-height-default elementor-section-height-default\" data-id=\"75c09ad\" data-element_type=\"section\">\n\t\t\t\t\t\t<div class=\"elementor-container elementor-column-gap-default\">\n\t\t\t\t\t<div class=\"elementor-column elementor-col-100 elementor-top-column elementor-element elementor-element-4e0ccc3\" data-id=\"4e0ccc3\" data-element_type=\"column\">\n\t\t\t<div class=\"elementor-widget-wrap elementor-element-populated\">\n\t\t\t\t\t\t\t\t<div class=\"elementor-element elementor-element-a7326d3 elementor-widget elementor-widget-heading\" data-id=\"a7326d3\" data-element_type=\"widget\" data-widget_type=\"heading.default\">\n\t\t\t\t<div class=\"elementor-widget-container\">\n\t\t\t<style>\/*! elementor - v3.6.2 - 04-04-2022 *\/\n.elementor-heading-title{padding:0;margin:0;line-height:1}.elementor-widget-heading .elementor-heading-title[class*=elementor-size-]>a{color:inherit;font-size:inherit;line-height:inherit}.elementor-widget-heading .elementor-heading-title.elementor-size-small{font-size:15px}.elementor-widget-heading .elementor-heading-title.elementor-size-medium{font-size:19px}.elementor-widget-heading .elementor-heading-title.elementor-size-large{font-size:29px}.elementor-widget-heading .elementor-heading-title.elementor-size-xl{font-size:39px}.elementor-widget-heading .elementor-heading-title.elementor-size-xxl{font-size:59px}<\/style><h2 class=\"elementor-heading-title elementor-size-default\">Makro\u00farove\u0148: Vl\u00e1dy a zdravotnick\u00e9 organizace<\/h2>\t\t<\/div>\n\t\t\t\t<\/div>\n\t\t\t\t\t<\/div>\n\t\t<\/div>\n\t\t\t\t\t\t\t<\/div>\n\t\t<\/section>\n\t\t\t\t<section class=\"elementor-section elementor-top-section elementor-element elementor-element-cd6d21c elementor-section-boxed elementor-section-height-default elementor-section-height-default\" data-id=\"cd6d21c\" data-element_type=\"section\">\n\t\t\t\t\t\t<div class=\"elementor-container elementor-column-gap-default\">\n\t\t\t\t\t<div class=\"elementor-column elementor-col-100 elementor-top-column elementor-element elementor-element-67ec5bc\" data-id=\"67ec5bc\" data-element_type=\"column\">\n\t\t\t<div class=\"elementor-widget-wrap elementor-element-populated\">\n\t\t\t\t\t\t\t\t<div class=\"elementor-element elementor-element-3a60f30 elementor-widget elementor-widget-text-editor\" data-id=\"3a60f30\" data-element_type=\"widget\" data-widget_type=\"text-editor.default\">\n\t\t\t\t<div class=\"elementor-widget-container\">\n\t\t\t<style>\/*! elementor - v3.6.2 - 04-04-2022 *\/\n.elementor-widget-text-editor.elementor-drop-cap-view-stacked .elementor-drop-cap{background-color:#818a91;color:#fff}.elementor-widget-text-editor.elementor-drop-cap-view-framed .elementor-drop-cap{color:#818a91;border:3px solid;background-color:transparent}.elementor-widget-text-editor:not(.elementor-drop-cap-view-default) .elementor-drop-cap{margin-top:8px}.elementor-widget-text-editor:not(.elementor-drop-cap-view-default) .elementor-drop-cap-letter{width:1em;height:1em}.elementor-widget-text-editor .elementor-drop-cap{float:left;text-align:center;line-height:1;font-size:50px}.elementor-widget-text-editor .elementor-drop-cap-letter{display:inline-block}<\/style>\t\t\t\t<p style=\"text-align: center;\"><span style=\"color: #ff0000;\"><strong>Tato str\u00e1nka je st\u00e1le ve v\u00fdvoji. Brzy budeme aktualizovat v\u00edce<\/strong><b>\u00a0informace.<\/b><\/span><\/p><p style=\"text-align: center;\"><span style=\"color: #ff0000;\"><strong>N\u00ed\u017ee m\u016f\u017eete naj\u00edt n\u011bkter\u00e9 ji\u017e dostupn\u00e9 informace.<\/strong><\/span><\/p>\t\t\t\t\t\t<\/div>\n\t\t\t\t<\/div>\n\t\t\t\t<div class=\"elementor-element elementor-element-9c2b086 elementor-widget elementor-widget-text-editor\" data-id=\"9c2b086\" data-element_type=\"widget\" data-widget_type=\"text-editor.default\">\n\t\t\t\t<div class=\"elementor-widget-container\">\n\t\t\t\t\t\t\t<p><a href=\"https:\/\/workaddiction.org\/cs\/macro\/\">Vl\u00e1dy a mezin\u00e1rodn\u00ed instituce<\/a>\u00a0m\u016f\u017ee zv\u00e1\u017eit n\u011bkter\u00e1 doporu\u010den\u00ed, aby se sn\u00ed\u017eila popula\u010dn\u00ed \u00farove\u0148 pracovn\u00ed z\u00e1vislosti. Ty jsou vysoce opodstatn\u011bn\u00e9, proto\u017ee z\u00e1vislost na pr\u00e1ci je ve v\u011bt\u0161in\u011b zem\u00ed relativn\u011b roz\u0161\u00ed\u0159en\u00e1 a rozsah probl\u00e9mu vy\u017eaduje syst\u00e9movou a systematickou prevenci a \u0159e\u0161en\u00ed. Tyto jsou tak\u00e9 nej\u010dast\u011bji\u00a0<a href=\"https:\/\/www.who.int\/teams\/mental-health-and-substance-use\/promotion-prevention\/mental-health-in-the-workplace\">stejn\u00e1 doporu\u010den\u00ed, kter\u00e1 by pravd\u011bpodobn\u011b sn\u00ed\u017eila dal\u0161\u00ed zdravotn\u00ed probl\u00e9my a souvisej\u00edc\u00ed soci\u00e1ln\u00ed a ekonomick\u00e9 n\u00e1klady<\/a>\u00a0kv\u016fli rostouc\u00ed \u201epandemii\u201c.\u00a0<a href=\"https:\/\/www.who.int\/news\/item\/28-05-2019-burn-out-an-occupational-phenomenon-international-classification-of-diseases\">probl\u00e9my souvisej\u00edc\u00ed se stresem z povol\u00e1n\u00ed, jako je syndrom vyho\u0159en\u00ed\u00a0<\/a>a pracovn\u00ed deprese.<\/p>\t\t\t\t\t\t<\/div>\n\t\t\t\t<\/div>\n\t\t\t\t\t<\/div>\n\t\t<\/div>\n\t\t\t\t\t\t\t<\/div>\n\t\t<\/section>\n\t\t\t\t<section class=\"elementor-section elementor-top-section elementor-element elementor-element-1fa5eb0 elementor-section-boxed elementor-section-height-default elementor-section-height-default\" data-id=\"1fa5eb0\" data-element_type=\"section\">\n\t\t\t\t\t\t<div class=\"elementor-container elementor-column-gap-default\">\n\t\t\t\t\t<div class=\"elementor-column elementor-col-100 elementor-top-column elementor-element elementor-element-f67f581\" data-id=\"f67f581\" data-element_type=\"column\">\n\t\t\t<div class=\"elementor-widget-wrap elementor-element-populated\">\n\t\t\t\t\t\t\t\t<div class=\"elementor-element elementor-element-6f1b530 elementor-widget elementor-widget-text-editor\" data-id=\"6f1b530\" data-element_type=\"widget\" data-widget_type=\"text-editor.default\">\n\t\t\t\t<div class=\"elementor-widget-container\">\n\t\t\t\t\t\t\t<p style=\"text-align: center;\"><strong>ZLEP\u0160EN\u00cd STABILITY ZAM\u011aSTNANOSTI<\/strong><\/p>\n<p>Nezam\u011bstnanost a pracovn\u00ed nestabilita souvis\u00ed s nep\u0159\u00edzniv\u00fdmi soci\u00e1ln\u00edmi a psychologick\u00fdmi d\u016fsledky, jako jsou deprese a sebevra\u017edy. Z\u00e1rove\u0148 zvy\u0161uj\u00ed p\u0159epracovanost a s n\u00ed spojen\u00e9 negativn\u00ed jevy u zam\u011bstnan\u00fdch. Nap\u0159\u00edklad ekonomick\u00e1 krize m\u00e1 za n\u00e1sledek nejen sebevra\u017edy mezi t\u011bmi, kte\u0159\u00ed se sna\u017e\u00ed naj\u00edt pr\u00e1ci, ale tak\u00e9 mezi t\u011bmi, kte\u0159\u00ed d\u011blaj\u00ed maximum, aby si ji udr\u017eeli. Oba&nbsp;<a href=\"https:\/\/jech.bmj.com\/content\/64\/8\/649.short\" target=\"_blank\">\u00famrt\u00ed z p\u0159epracov\u00e1n\u00ed (karoshi) a sebevra\u017ed z p\u0159epracov\u00e1n\u00ed (karojisatsu) se zvy\u0161uje b\u011bhem ekonomick\u00fdch pot\u00ed\u017e\u00ed<\/a>.<\/p>\t\t\t\t\t\t<\/div>\n\t\t\t\t<\/div>\n\t\t\t\t\t<\/div>\n\t\t<\/div>\n\t\t\t\t\t\t\t<\/div>\n\t\t<\/section>\n\t\t\t\t<section class=\"elementor-section elementor-top-section elementor-element elementor-element-385b3c2 elementor-section-boxed elementor-section-height-default elementor-section-height-default\" data-id=\"385b3c2\" data-element_type=\"section\">\n\t\t\t\t\t\t<div class=\"elementor-container elementor-column-gap-default\">\n\t\t\t\t\t<div class=\"elementor-column elementor-col-100 elementor-top-column elementor-element elementor-element-22f8064\" data-id=\"22f8064\" data-element_type=\"column\">\n\t\t\t<div class=\"elementor-widget-wrap elementor-element-populated\">\n\t\t\t\t\t\t\t\t<div class=\"elementor-element elementor-element-40e88cb elementor-widget elementor-widget-text-editor\" data-id=\"40e88cb\" data-element_type=\"widget\" data-widget_type=\"text-editor.default\">\n\t\t\t\t<div class=\"elementor-widget-container\">\n\t\t\t\t\t\t\t<p style=\"text-align: center;\"><strong>ZLEP\u0160EN\u00cd SOCI\u00c1LN\u00cd P\u00c9\u010cE<\/strong><\/p>\t\t\t\t\t\t<\/div>\n\t\t\t\t<\/div>\n\t\t\t\t\t<\/div>\n\t\t<\/div>\n\t\t\t\t\t\t\t<\/div>\n\t\t<\/section>\n\t\t\t\t\t\t\t<\/div>","protected":false},"excerpt":{"rendered":"<p>Makro\u00farove\u0148: Vl\u00e1dy a zdravotnick\u00e9 organizace Tato str\u00e1nka je st\u00e1le ve v\u00fdvoji. Brzy budeme aktualizovat dal\u0161\u00ed informace. N\u00ed\u017ee m\u016f\u017eete naj\u00edt n\u011bkter\u00e9 ji\u017e dostupn\u00e9 informace. Vl\u00e1dy a mezin\u00e1rodn\u00ed instituce mohou zv\u00e1\u017eit n\u011bkter\u00e1 doporu\u010den\u00ed, aby sn\u00ed\u017eily popula\u010dn\u00ed \u00farove\u0148 pracovn\u00ed z\u00e1vislosti. Ty jsou vysoce opodstatn\u011bn\u00e9, proto\u017ee z\u00e1vislost na pr\u00e1ci je ve v\u011bt\u0161in\u011b zem\u00ed relativn\u011b roz\u0161\u00ed\u0159en\u00e1, \u2026<\/p>\n<p class=\"read-more\"> <a class=\"\" href=\"https:\/\/workaddiction.org\/cs\/macro\/\"> <span class=\"screen-reader-text\">Makro<\/span> Pokra\u010dovat ve \u010dten\u00ed \u00bb<\/a><\/p>","protected":false},"author":1,"featured_media":0,"parent":0,"menu_order":0,"comment_status":"closed","ping_status":"closed","template":"","meta":{"site-sidebar-layout":"no-sidebar","site-content-layout":"page-builder","ast-main-header-display":"","ast-hfb-above-header-display":"","ast-hfb-below-header-display":"","ast-hfb-mobile-header-display":"","site-post-title":"disabled","ast-breadcrumbs-content":"","ast-featured-img":"disabled","footer-sml-layout":"","theme-transparent-header-meta":"","adv-header-id-meta":"","stick-header-meta":"","header-above-stick-meta":"","header-main-stick-meta":"","header-below-stick-meta":""},"_links":{"self":[{"href":"https:\/\/workaddiction.org\/cs\/wp-json\/wp\/v2\/pages\/1124"}],"collection":[{"href":"https:\/\/workaddiction.org\/cs\/wp-json\/wp\/v2\/pages"}],"about":[{"href":"https:\/\/workaddiction.org\/cs\/wp-json\/wp\/v2\/types\/page"}],"author":[{"embeddable":true,"href":"https:\/\/workaddiction.org\/cs\/wp-json\/wp\/v2\/users\/1"}],"replies":[{"embeddable":true,"href":"https:\/\/workaddiction.org\/cs\/wp-json\/wp\/v2\/comments?post=1124"}],"version-history":[{"count":26,"href":"https:\/\/workaddiction.org\/cs\/wp-json\/wp\/v2\/pages\/1124\/revisions"}],"predecessor-version":[{"id":3692,"href":"https:\/\/workaddiction.org\/cs\/wp-json\/wp\/v2\/pages\/1124\/revisions\/3692"}],"wp:attachment":[{"href":"https:\/\/workaddiction.org\/cs\/wp-json\/wp\/v2\/media?parent=1124"}],"curies":[{"name":"wp","href":"https:\/\/api.w.org\/{rel}","templated":true}]}}