{"id":1147,"date":"2022-04-03T14:11:31","date_gmt":"2022-04-03T14:11:31","guid":{"rendered":"http:\/\/workaddiction.org\/?page_id=1147"},"modified":"2023-01-05T07:55:59","modified_gmt":"2023-01-05T07:55:59","slug":"therapeutic","status":"publish","type":"page","link":"https:\/\/workaddiction.org\/et\/therapeutic\/","title":{"rendered":"Terapeutiline"},"content":{"rendered":"<div data-elementor-type=\"wp-page\" data-elementor-id=\"1147\" class=\"elementor elementor-1147\">\n\t\t\t\t\t\t\t\t\t<section class=\"elementor-section elementor-top-section elementor-element elementor-element-f203211 elementor-section-boxed elementor-section-height-default elementor-section-height-default\" data-id=\"f203211\" data-element_type=\"section\">\n\t\t\t\t\t\t<div class=\"elementor-container elementor-column-gap-default\">\n\t\t\t\t\t<div class=\"elementor-column elementor-col-100 elementor-top-column elementor-element elementor-element-48e78a0\" data-id=\"48e78a0\" data-element_type=\"column\">\n\t\t\t<div class=\"elementor-widget-wrap elementor-element-populated\">\n\t\t\t\t\t\t\t\t<div class=\"elementor-element elementor-element-5f1d51c elementor-widget elementor-widget-heading\" data-id=\"5f1d51c\" data-element_type=\"widget\" data-widget_type=\"heading.default\">\n\t\t\t\t<div class=\"elementor-widget-container\">\n\t\t\t<style>\/*! elementor - v3.6.2 - 04-04-2022 *\/\n.elementor-heading-title{padding:0;margin:0;line-height:1}.elementor-widget-heading .elementor-heading-title[class*=elementor-size-]>a{color:inherit;font-size:inherit;line-height:inherit}.elementor-widget-heading .elementor-heading-title.elementor-size-small{font-size:15px}.elementor-widget-heading .elementor-heading-title.elementor-size-medium{font-size:19px}.elementor-widget-heading .elementor-heading-title.elementor-size-large{font-size:29px}.elementor-widget-heading .elementor-heading-title.elementor-size-xl{font-size:39px}.elementor-widget-heading .elementor-heading-title.elementor-size-xxl{font-size:59px}<\/style><h2 class=\"elementor-heading-title elementor-size-default\">Terapeutilised l\u00e4henemisviisid<\/h2>\t\t<\/div>\n\t\t\t\t<\/div>\n\t\t\t\t\t<\/div>\n\t\t<\/div>\n\t\t\t\t\t\t\t<\/div>\n\t\t<\/section>\n\t\t\t\t<section class=\"elementor-section elementor-top-section elementor-element elementor-element-e5bb07e elementor-section-boxed elementor-section-height-default elementor-section-height-default\" data-id=\"e5bb07e\" data-element_type=\"section\">\n\t\t\t\t\t\t<div class=\"elementor-container elementor-column-gap-default\">\n\t\t\t\t\t<div class=\"elementor-column elementor-col-100 elementor-top-column elementor-element elementor-element-645b4da\" data-id=\"645b4da\" data-element_type=\"column\">\n\t\t\t<div class=\"elementor-widget-wrap elementor-element-populated\">\n\t\t\t\t\t\t\t\t<div class=\"elementor-element elementor-element-5fd59f4 elementor-widget elementor-widget-text-editor\" data-id=\"5fd59f4\" data-element_type=\"widget\" data-widget_type=\"text-editor.default\">\n\t\t\t\t<div class=\"elementor-widget-container\">\n\t\t\t<style>\/*! elementor - v3.6.2 - 04-04-2022 *\/\n.elementor-widget-text-editor.elementor-drop-cap-view-stacked .elementor-drop-cap{background-color:#818a91;color:#fff}.elementor-widget-text-editor.elementor-drop-cap-view-framed .elementor-drop-cap{color:#818a91;border:3px solid;background-color:transparent}.elementor-widget-text-editor:not(.elementor-drop-cap-view-default) .elementor-drop-cap{margin-top:8px}.elementor-widget-text-editor:not(.elementor-drop-cap-view-default) .elementor-drop-cap-letter{width:1em;height:1em}.elementor-widget-text-editor .elementor-drop-cap{float:left;text-align:center;line-height:1;font-size:50px}.elementor-widget-text-editor .elementor-drop-cap-letter{display:inline-block}<\/style>\t\t\t\t<p>T\u00f6\u00f6s\u00f5ltuvuse ravimisel on t\u00f5husad erinevad raviviisid. M\u00f5ned neist on \u00fcldiselt t\u00f5husad paljude s\u00f5ltuvuste ja vaimse tervise probleemide ravis, sealhulgas kognitiivse k\u00e4itumisteraapia v\u00f5i motiveeriva intervjueerimisega. Teised on spetsiaalselt loodud t\u00f6\u00f6s\u00f5ltuvuse probleemi lahendamiseks, n\u00e4iteks anon\u00fc\u00fcmsete t\u00f6\u00f6narkomaanide r\u00fchmad. Samuti on olemas ravimeetodid, mis k\u00e4sitlevad spetsiifilisi t\u00f6\u00f6s\u00f5ltuvusega seotud probleeme, nagu skeemiteraapia, mida kasutatakse obsessiiv-kompulsiivse isiksuseh\u00e4ire ravis v\u00f5i radikaalselt avatud dialektiline k\u00e4itumisteraapia (RO-DBT), mis on suunatud h\u00e4iretele, mida iseloomustab liigne enesekontroll, st h\u00e4ired. \u00fclekontrollist.<\/p>\t\t\t\t\t\t<\/div>\n\t\t\t\t<\/div>\n\t\t\t\t<div class=\"elementor-element elementor-element-b4435a6 elementor-widget elementor-widget-text-editor\" data-id=\"b4435a6\" data-element_type=\"widget\" data-widget_type=\"text-editor.default\">\n\t\t\t\t<div class=\"elementor-widget-container\">\n\t\t\t\t\t\t\t<p style=\"text-align: center;\"><strong>MOTIVATSIOONILINE INTERVJUU<\/strong><\/p><p>MI on l\u00fchike ja v\u00e4ga kuluefektiivne l\u00e4henemisviis s\u00f5ltuvust tekitava k\u00e4itumise muutmiseks\u00a0<a href=\"https:\/\/media.wcwpds.wisc.edu\/motivational-interviewing\/files\/Research-on-Social-Work-Practice.pdf\" target=\"_blank\" rel=\"noopener\">olulised empiirilised t\u00f5endid<\/a>. See sisaldab laia valikut tehnikaid, mida kasutatakse, et aidata inimestel k\u00e4itumise muutuste suhtes ambivalentsust uurida ja lahendada.\u00a0<\/p><p>Sekkumised v\u00f5ivad olla nii l\u00fchikesed kui \u00fcks kohtumine.<\/p>\t\t\t\t\t\t<\/div>\n\t\t\t\t<\/div>\n\t\t\t\t\t<\/div>\n\t\t<\/div>\n\t\t\t\t\t\t\t<\/div>\n\t\t<\/section>\n\t\t\t\t<section class=\"elementor-section elementor-top-section elementor-element elementor-element-ce6ada8 elementor-section-boxed elementor-section-height-default elementor-section-height-default\" data-id=\"ce6ada8\" data-element_type=\"section\">\n\t\t\t\t\t\t<div class=\"elementor-container elementor-column-gap-default\">\n\t\t\t\t\t<div class=\"elementor-column elementor-col-100 elementor-top-column elementor-element elementor-element-2874f6f\" data-id=\"2874f6f\" data-element_type=\"column\">\n\t\t\t<div class=\"elementor-widget-wrap elementor-element-populated\">\n\t\t\t\t\t\t\t\t<div class=\"elementor-element elementor-element-23ac3f8 elementor-widget elementor-widget-text-editor\" data-id=\"23ac3f8\" data-element_type=\"widget\" data-widget_type=\"text-editor.default\">\n\t\t\t\t<div class=\"elementor-widget-container\">\n\t\t\t\t\t\t\t<p style=\"text-align: center;\"><strong>KOGNITIIVNE K\u00c4ITUMINE TERAAPIA<\/strong><\/p>\n<p>CBT-d on edukalt kasutatud&nbsp;<a href=\"https:\/\/www.sciencedirect.com\/science\/article\/pii\/B9780128149324000112\" target=\"_blank\" rel=\"noopener\">s\u00f5ltuvuse ravi<\/a>, kaasa arvatud&nbsp;<a href=\"https:\/\/www.sciencedirect.com\/science\/article\/pii\/S2352154622000274\" target=\"_blank\" rel=\"noopener\">k\u00e4itumuslikud s\u00f5ltuvused<\/a>. CBT-l on erinevaid viise, nagu ratsionaalne emotsionaalne k\u00e4itumisteraapia (REBT), r\u00fchma-CBT v\u00f5i radikaalselt avatud dialektiline k\u00e4itumisteraapia (RO DBT).<\/p>\n<p><a style=\"font-size: 1rem;\" href=\"https:\/\/d1wqtxts1xzle7.cloudfront.net\/39758328\/Handbook_of_Addictive_Disorders_-_A_Practical_Guide_to_Diag._and_Trtmt_-_R._Coombs_Wiley__2004_WW-with-cover-page-v2.pdf?Expires=1667585178&amp;Signature=Z5lGKd9wRTliWb8dcIgx1l8LER2XdUxlP1O5css7whLz4XTGT6Dyl-vq4tHOyOR1bpipVBtuMDGNpyp5aHmnvZGpUvsva5WAc6yF6vNUoMfen5pBdg82VmweWNi0pY~kMnZDQ1cX5z0XjmUtOUoBwS1e1pzW7SDZbmdLGtzLKe0Yns3k0M8fzc2xm6dPvaInPX73usc1xLUORW6HZyOhDZUW1beQqc7gMCctl6VFWo2l9KYApYQ1vkNwi0RpHitt~3bElG36IoIzELzYkKhPz8pUuuzOdx3m5v64vPVm9YbvXe3FeMe6P430MUJNzMpC00-QQNQGW0W9HGlEAOelxg__&amp;Key-Pair-Id=APKAJLOHF5GGSLRBV4ZA#page=402\" target=\"_blank\" rel=\"noopener\">Berglas<\/a>&nbsp;ja&nbsp;<a href=\"https:\/\/www.elgaronline.com\/view\/1845424085.00024.xml\" target=\"_blank\" rel=\"noopener\">Chen<\/a> kirjeldas ratsionaalse emotsionaalse k\u00e4itumisteraapia (REBT) p\u00f5him\u00f5tteid, mida rakendatakse t\u00f6\u00f6s\u00f5ltuvusele. <a href=\"https:\/\/www.tandfonline.com\/doi\/abs\/10.1080\/09515070210143507\" target=\"_blank\" rel=\"noopener\">Burwell ja Chen&nbsp;<\/a>t\u00f5i n\u00e4ite, mis h\u00f5lmab kognitiivset \u00fcmberkujundamist, emotsionaalset sekkumist, enese aktsepteerimist, h\u00e4bir\u00fcnnakut, k\u00e4itumise muutmist, \u00fclesannete delegeerimist teistele, piiride seadmist, \u00e4revuse desensibiliseerimist, asendustegevuse harjutamist ja vaba aja veetmist.<\/p>\t\t\t\t\t\t<\/div>\n\t\t\t\t<\/div>\n\t\t\t\t\t<\/div>\n\t\t<\/div>\n\t\t\t\t\t\t\t<\/div>\n\t\t<\/section>\n\t\t\t\t<section class=\"elementor-section elementor-top-section elementor-element elementor-element-6cbc022 elementor-section-boxed elementor-section-height-default elementor-section-height-default\" data-id=\"6cbc022\" data-element_type=\"section\">\n\t\t\t\t\t\t<div class=\"elementor-container elementor-column-gap-default\">\n\t\t\t\t\t<div class=\"elementor-column elementor-col-100 elementor-top-column elementor-element elementor-element-54560db\" data-id=\"54560db\" data-element_type=\"column\">\n\t\t\t<div class=\"elementor-widget-wrap elementor-element-populated\">\n\t\t\t\t\t\t\t\t<div class=\"elementor-element elementor-element-07bc407 elementor-widget elementor-widget-text-editor\" data-id=\"07bc407\" data-element_type=\"widget\" data-widget_type=\"text-editor.default\">\n\t\t\t\t<div class=\"elementor-widget-container\">\n\t\t\t\t\t\t\t<p style=\"text-align: center;\"><strong>RADIKAALSELT AVATUD DIALEKTILINE K\u00c4ITUMINE TERAAPIA<\/strong><\/p><p><a style=\"font-size: 1rem;\" href=\"https:\/\/www.abct.org\/fact-sheets\/radically-open-dialectical-behavior-therapy\/\" target=\"_blank\" rel=\"noopener\">Radikaalselt avatud dialektiline k\u00e4itumisteraapia<\/a>\u00a0(RO DBT) on teatud t\u00fc\u00fcpi kognitiivne k\u00e4itumuslik teraapia, mis on v\u00e4lja t\u00f6\u00f6tatud \u00fclekontrollih\u00e4irete jaoks. See on t\u00f5endusp\u00f5hine ravi,\u00a0<a href=\"https:\/\/www.ncbi.nlm.nih.gov\/pmc\/articles\/PMC6955577\/\" target=\"_blank\" rel=\"noopener\">mida toetavad kliinilised uuringud<\/a>, mis on suunatud h\u00e4irete spektrile, mida iseloomustab liigne enesekontroll, sealhulgas ravile vastupidav depressioon ja \u00e4revus, anorexia nervosa ja isiksuseh\u00e4ired, nagu obsessiiv-kompulsiivne isiksuseh\u00e4ire, mis on tihedalt seotud t\u00f6\u00f6s\u00f5ltuvusega.<\/p><p>\u00dclekontrollitud isiksuse ja toimetulekustiili keskmes on kalduvus omada liigset enesekontrolli, mis v\u00e4ljendub k\u00e4itumusliku ja kognitiivse paindumatuse, emotsioonide k\u00f5rge p\u00e4rssimise, k\u00f5rge detailikesksuse t\u00f6\u00f6tlemise ja perfektsionismina ning sotsiaalse seotuse puudumisena. Inimesed, keda iseloomustab \u00fclekontrollitud toimetulek, kipuvad suhtuma elusse t\u00f5siselt, seadma k\u00f5rgeid isiklikke standardeid, tegema k\u00f5vasti t\u00f6\u00f6d, k\u00e4ituma sobivalt ja toovad sageli ohvriks isiklikud vajadused, et saavutada soovitud eesm\u00e4rke v\u00f5i aidata teisi; ometi tunnevad nad sisimas sageli, et nad ei tea, kuidas teistega \u00fchineda v\u00f5i intiimseid sidemeid luua.\u00a0<\/p><p>M\u00f5iste &quot;radikaalne avatus&quot; t\u00e4hendab, et emotsionaalsel heaolul on kolm olulist aspekti: avatus, paindlikkus ja sotsiaalne seotus. RO DBT p\u00f5hineb eeldusel, et sotsiaalse seotuse suurendamine sotsiaalse signaalimise suunamise kaudu on ravi muutmise keskne mehhanism. Seet\u00f5ttu on RO DBT suunatud halvasti kohanevale sotsiaalsele signaalimisele, et parandada inimese sotsiaalset toimimist.<\/p><p>See l\u00e4henemine v\u00f5ib olla abiks t\u00f6\u00f6s\u00f5ltuvusega v\u00f5itlevatele inimestele, kes n\u00e4itavad \u00fcles liigset enesekontrolli, mis m\u00f5jutab nende v\u00f5imet luua l\u00e4hedasi ja rahuldust pakkuvaid sotsiaalseid suhteid. Teisis\u00f5nu, see v\u00f5ib olla soovitatav neile, kes t\u00f6\u00f6tavad liigselt, kuna nad kogevad \u00fcksindust. Teistega suhtlemise v\u00f5ime arendamine v\u00f5ib v\u00f5imaldada keskenduda t\u00f6\u00f6lt sotsiaalsele elule ja muudele meeldivatele kogemustele.<\/p>\t\t\t\t\t\t<\/div>\n\t\t\t\t<\/div>\n\t\t\t\t\t<\/div>\n\t\t<\/div>\n\t\t\t\t\t\t\t<\/div>\n\t\t<\/section>\n\t\t\t\t<section class=\"elementor-section elementor-top-section elementor-element elementor-element-7867b58 elementor-section-boxed elementor-section-height-default elementor-section-height-default\" data-id=\"7867b58\" data-element_type=\"section\">\n\t\t\t\t\t\t<div class=\"elementor-container elementor-column-gap-default\">\n\t\t\t\t\t<div class=\"elementor-column elementor-col-100 elementor-top-column elementor-element elementor-element-4a8b3ef\" data-id=\"4a8b3ef\" data-element_type=\"column\">\n\t\t\t<div class=\"elementor-widget-wrap elementor-element-populated\">\n\t\t\t\t\t\t\t\t<div class=\"elementor-element elementor-element-e7dfe5a elementor-widget elementor-widget-text-editor\" data-id=\"e7dfe5a\" data-element_type=\"widget\" data-widget_type=\"text-editor.default\">\n\t\t\t\t<div class=\"elementor-widget-container\">\n\t\t\t\t\t\t\t<p style=\"text-align: center;\"><strong>PERETERAAPIA<\/strong><\/p><p>T\u00f6\u00f6s\u00f5ltlaste pereteraapiat harrastas ja kirjeldas\u00a0<a href=\"https:\/\/www.tandfonline.com\/doi\/abs\/10.1080\/01926189808251087\" target=\"_blank\" rel=\"noopener\">Robinson<\/a>. Ta anal\u00fc\u00fcsis t\u00f6\u00f6narkomaanide perekonna struktuurseid ja d\u00fcnaamilisi omadusi ning andis ravisoovitusi.\u00a0<\/p><p>Nende hulka kuulusid:<\/p><ul><li>eituse tunnistamine ja sellega t\u00f6\u00f6tamine,<\/li><li>lastele seatud ebarealistlikud ootused,<\/li><li>t\u00f6\u00f6narkomaani perekonna struktuuri tuvastamine,<\/li><li>t\u00f6\u00f6vestluse piiride l\u00e4bir\u00e4\u00e4kimine,<\/li><li>t\u00f5husa probleemilahenduse arendamine,<\/li><li>parem suhtlus,<\/li><li>selgemalt v\u00e4ljakujunenud perekonnarollid,<\/li><li>suuremad afektiivsed reaktsioonid,<\/li><li>afektiivsem kaasatus ja k\u00f5rgem \u00fcldine perekonna toimimine,<\/li><li>s\u00f5ltuvuse p\u00f5lvkondadevahelise olemuse j\u00e4lgimine ja<\/li><li>intiimsusprobleemide lahendamine.\u00a0<\/li><\/ul><p>Pereteraapiale on saadaval erinevad l\u00e4henemisviisid.<\/p>\t\t\t\t\t\t<\/div>\n\t\t\t\t<\/div>\n\t\t\t\t\t<\/div>\n\t\t<\/div>\n\t\t\t\t\t\t\t<\/div>\n\t\t<\/section>\n\t\t\t\t<section class=\"elementor-section elementor-top-section elementor-element elementor-element-1af612f elementor-section-boxed elementor-section-height-default elementor-section-height-default\" data-id=\"1af612f\" data-element_type=\"section\">\n\t\t\t\t\t\t<div class=\"elementor-container elementor-column-gap-default\">\n\t\t\t\t\t<div class=\"elementor-column elementor-col-100 elementor-top-column elementor-element elementor-element-da0669a\" data-id=\"da0669a\" data-element_type=\"column\">\n\t\t\t<div class=\"elementor-widget-wrap elementor-element-populated\">\n\t\t\t\t\t\t\t\t<div class=\"elementor-element elementor-element-915464a elementor-widget elementor-widget-text-editor\" data-id=\"915464a\" data-element_type=\"widget\" data-widget_type=\"text-editor.default\">\n\t\t\t\t<div class=\"elementor-widget-container\">\n\t\t\t\t\t\t\t<p style=\"text-align: center;\"><strong>ANON\u00dc\u00dcMSED T\u00d6\u00d6HOOLIKAD \u2013 ENESEABI R\u00dcHMAD<\/strong><\/p><p><a style=\"font-size: 1rem;\" href=\"https:\/\/workaholics-anonymous.org\/\" target=\"_blank\" rel=\"noopener\">Anon\u00fc\u00fcmsed t\u00f6\u00f6narkomaanid<\/a>\u00a0grupid l\u00e4htuvad kogemuste jagamise ja \u00fcksteise toetamise p\u00f5him\u00f5tetest \u00fchiste probleemide lahendamisel ja t\u00f6\u00f6s\u00f5ltuvusest taastumisel. Organisatsioon pakub kogu maailmas online- ja v\u00f5rgu\u00fchenduseta kohtumisi, kirjandust ja konverentse. See p\u00f5hineb 12-etapilisel programmil ja tugir\u00fchmadel ning on selle pakkunud\u00a0<a href=\"https:\/\/workaholics-anonymous.org\/literature\/book-of-recovery\" target=\"_blank\" rel=\"noopener\">raamat<\/a>\u00a0m\u00f5eldud taastumisele kaasaaitamiseks.<\/p><p>See peegeldab vaimsusp\u00f5hist l\u00e4henemist s\u00f5ltuvusravile ja pikast t\u00f6\u00f6ajast taastumisele. Seni ei ole selle sekkumise t\u00f5husust empiiriliselt hinnatud. Sellegipoolest eksisteerib ja tegutseb kontsern paljudes riikides aktiivselt peaaegu 30 aastat, mis toetab selle potentsiaalset kasu kaudselt.<\/p>\t\t\t\t\t\t<\/div>\n\t\t\t\t<\/div>\n\t\t\t\t\t<\/div>\n\t\t<\/div>\n\t\t\t\t\t\t\t<\/div>\n\t\t<\/section>\n\t\t\t\t<section class=\"elementor-section elementor-top-section elementor-element elementor-element-014db06 elementor-section-boxed elementor-section-height-default elementor-section-height-default\" data-id=\"014db06\" data-element_type=\"section\">\n\t\t\t\t\t\t<div class=\"elementor-container elementor-column-gap-default\">\n\t\t\t\t\t<div class=\"elementor-column elementor-col-100 elementor-top-column elementor-element elementor-element-05ca6b8\" data-id=\"05ca6b8\" data-element_type=\"column\">\n\t\t\t<div class=\"elementor-widget-wrap elementor-element-populated\">\n\t\t\t\t\t\t\t\t<div class=\"elementor-element elementor-element-b82bcf7 elementor-widget elementor-widget-text-editor\" data-id=\"b82bcf7\" data-element_type=\"widget\" data-widget_type=\"text-editor.default\">\n\t\t\t\t<div class=\"elementor-widget-container\">\n\t\t\t\t\t\t\t<p style=\"text-align: center;\"><strong>SKEEMTERAPIA<\/strong><\/p><p>See on teraapiat\u00fc\u00fcp, mida kasutatakse peamiselt isiksuseh\u00e4irete, sh\u00a0<a href=\"https:\/\/www.researchgate.net\/profile\/Alice-Diedrich-2\/publication\/271329556_Obsessive-Compulsive_Personality_Disorder_a_Current_Review\/links\/552cd2f40cf21acb0920f25f\/Obsessive-Compulsive-Personality-Disorder-a-Current-Review.pdf\" target=\"_blank\" rel=\"noopener\">obsessiiv-kompulsiivne isiksuseh\u00e4ire<\/a> (OCPD), mis on tihedalt seotud t\u00f6\u00f6s\u00f5ltuvusega. See n\u00e4itab ka t\u00f5husust ravis <a href=\"https:\/\/www.sciencedirect.com\/science\/article\/abs\/pii\/S221265701830093X\" target=\"_blank\" rel=\"noopener\">isiksuseh\u00e4ired, mis kaasnevad s\u00f5ltuvustega<\/a>. See integreerib kognitiivse k\u00e4itumisteraapia, kiindumus- ja objektisuhete teooriate ning Gestalt- ja kogemusteraapiate elemente.<\/p>\t\t\t\t\t\t<\/div>\n\t\t\t\t<\/div>\n\t\t\t\t\t<\/div>\n\t\t<\/div>\n\t\t\t\t\t\t\t<\/div>\n\t\t<\/section>\n\t\t\t\t\t\t\t<\/div>","protected":false},"excerpt":{"rendered":"<p>Terapeutilised l\u00e4henemisviisid T\u00f6\u00f6s\u00f5ltuvuse ravimisel v\u00f5ivad olla t\u00f5husad erinevad raviviisid. M\u00f5ned neist on \u00fcldiselt t\u00f5husad paljude s\u00f5ltuvuste ja vaimse tervise probleemide ravis, sealhulgas kognitiivse k\u00e4itumisteraapia v\u00f5i motiveeriva intervjueerimisega. Teised on spetsiaalselt loodud t\u00f6\u00f6s\u00f5ltuvuse probleemi lahendamiseks, n\u00e4iteks anon\u00fc\u00fcmsed t\u00f6\u00f6narkomaanid\u2026<\/p>\n<p class=\"read-more\"> <a class=\"\" href=\"https:\/\/workaddiction.org\/et\/therapeutic\/\"> <span class=\"screen-reader-text\">Terapeutiline<\/span> Loe rohkem &quot;<\/a><\/p>","protected":false},"author":1,"featured_media":0,"parent":0,"menu_order":0,"comment_status":"closed","ping_status":"closed","template":"","meta":{"site-sidebar-layout":"no-sidebar","site-content-layout":"page-builder","ast-main-header-display":"","ast-hfb-above-header-display":"","ast-hfb-below-header-display":"","ast-hfb-mobile-header-display":"","site-post-title":"disabled","ast-breadcrumbs-content":"","ast-featured-img":"disabled","footer-sml-layout":"","theme-transparent-header-meta":"","adv-header-id-meta":"","stick-header-meta":"","header-above-stick-meta":"","header-main-stick-meta":"","header-below-stick-meta":""},"_links":{"self":[{"href":"https:\/\/workaddiction.org\/et\/wp-json\/wp\/v2\/pages\/1147"}],"collection":[{"href":"https:\/\/workaddiction.org\/et\/wp-json\/wp\/v2\/pages"}],"about":[{"href":"https:\/\/workaddiction.org\/et\/wp-json\/wp\/v2\/types\/page"}],"author":[{"embeddable":true,"href":"https:\/\/workaddiction.org\/et\/wp-json\/wp\/v2\/users\/1"}],"replies":[{"embeddable":true,"href":"https:\/\/workaddiction.org\/et\/wp-json\/wp\/v2\/comments?post=1147"}],"version-history":[{"count":161,"href":"https:\/\/workaddiction.org\/et\/wp-json\/wp\/v2\/pages\/1147\/revisions"}],"predecessor-version":[{"id":4956,"href":"https:\/\/workaddiction.org\/et\/wp-json\/wp\/v2\/pages\/1147\/revisions\/4956"}],"wp:attachment":[{"href":"https:\/\/workaddiction.org\/et\/wp-json\/wp\/v2\/media?parent=1147"}],"curies":[{"name":"wp","href":"https:\/\/api.w.org\/{rel}","templated":true}]}}