{"id":1360,"date":"2022-04-20T09:44:49","date_gmt":"2022-04-20T09:44:49","guid":{"rendered":"http:\/\/workaddiction.org\/?page_id=1360"},"modified":"2023-01-19T07:16:16","modified_gmt":"2023-01-19T07:16:16","slug":"history","status":"publish","type":"page","link":"https:\/\/workaddiction.org\/et\/history\/","title":{"rendered":"Ajalugu"},"content":{"rendered":"<div data-elementor-type=\"wp-page\" data-elementor-id=\"1360\" class=\"elementor elementor-1360\">\n\t\t\t\t\t\t\t\t\t<section class=\"elementor-section elementor-top-section elementor-element elementor-element-9b78341 elementor-section-boxed elementor-section-height-default elementor-section-height-default\" data-id=\"9b78341\" data-element_type=\"section\">\n\t\t\t\t\t\t<div class=\"elementor-container elementor-column-gap-default\">\n\t\t\t\t\t<div class=\"elementor-column elementor-col-100 elementor-top-column elementor-element elementor-element-2aca42a\" data-id=\"2aca42a\" data-element_type=\"column\">\n\t\t\t<div class=\"elementor-widget-wrap elementor-element-populated\">\n\t\t\t\t\t\t\t\t<div class=\"elementor-element elementor-element-4d5545f elementor-widget elementor-widget-text-editor\" data-id=\"4d5545f\" data-element_type=\"widget\" data-widget_type=\"text-editor.default\">\n\t\t\t\t<div class=\"elementor-widget-container\">\n\t\t\t<style>\/*! elementor - v3.6.2 - 04-04-2022 *\/\n.elementor-widget-text-editor.elementor-drop-cap-view-stacked .elementor-drop-cap{background-color:#818a91;color:#fff}.elementor-widget-text-editor.elementor-drop-cap-view-framed .elementor-drop-cap{color:#818a91;border:3px solid;background-color:transparent}.elementor-widget-text-editor:not(.elementor-drop-cap-view-default) .elementor-drop-cap{margin-top:8px}.elementor-widget-text-editor:not(.elementor-drop-cap-view-default) .elementor-drop-cap-letter{width:1em;height:1em}.elementor-widget-text-editor .elementor-drop-cap{float:left;text-align:center;line-height:1;font-size:50px}.elementor-widget-text-editor .elementor-drop-cap-letter{display:inline-block}<\/style>\t\t\t\t\t\t\t\t\t\t<\/div>\n\t\t\t\t<\/div>\n\t\t\t\t\t<\/div>\n\t\t<\/div>\n\t\t\t\t\t\t\t<\/div>\n\t\t<\/section>\n\t\t\t\t<section class=\"elementor-section elementor-top-section elementor-element elementor-element-f0797d8 elementor-section-boxed elementor-section-height-default elementor-section-height-default\" data-id=\"f0797d8\" data-element_type=\"section\">\n\t\t\t\t\t\t<div class=\"elementor-container elementor-column-gap-default\">\n\t\t\t\t\t<div class=\"elementor-column elementor-col-100 elementor-top-column elementor-element elementor-element-d9d3ae7\" data-id=\"d9d3ae7\" data-element_type=\"column\">\n\t\t\t<div class=\"elementor-widget-wrap elementor-element-populated\">\n\t\t\t\t\t\t\t\t<div class=\"elementor-element elementor-element-90bfad7 elementor-widget elementor-widget-heading\" data-id=\"90bfad7\" data-element_type=\"widget\" data-widget_type=\"heading.default\">\n\t\t\t\t<div class=\"elementor-widget-container\">\n\t\t\t<style>\/*! elementor - v3.6.2 - 04-04-2022 *\/\n.elementor-heading-title{padding:0;margin:0;line-height:1}.elementor-widget-heading .elementor-heading-title[class*=elementor-size-]>a{color:inherit;font-size:inherit;line-height:inherit}.elementor-widget-heading .elementor-heading-title.elementor-size-small{font-size:15px}.elementor-widget-heading .elementor-heading-title.elementor-size-medium{font-size:19px}.elementor-widget-heading .elementor-heading-title.elementor-size-large{font-size:29px}.elementor-widget-heading .elementor-heading-title.elementor-size-xl{font-size:39px}.elementor-widget-heading .elementor-heading-title.elementor-size-xxl{font-size:59px}<\/style><h2 class=\"elementor-heading-title elementor-size-default\">Ajalugu<\/h2>\t\t<\/div>\n\t\t\t\t<\/div>\n\t\t\t\t\t<\/div>\n\t\t<\/div>\n\t\t\t\t\t\t\t<\/div>\n\t\t<\/section>\n\t\t\t\t<section class=\"elementor-section elementor-top-section elementor-element elementor-element-6b780fd elementor-section-boxed elementor-section-height-default elementor-section-height-default\" data-id=\"6b780fd\" data-element_type=\"section\">\n\t\t\t\t\t\t<div class=\"elementor-container elementor-column-gap-default\">\n\t\t\t\t\t<div class=\"elementor-column elementor-col-100 elementor-top-column elementor-element elementor-element-6ce2116\" data-id=\"6ce2116\" data-element_type=\"column\">\n\t\t\t<div class=\"elementor-widget-wrap elementor-element-populated\">\n\t\t\t\t\t\t\t\t<div class=\"elementor-element elementor-element-6746f6c elementor-widget elementor-widget-text-editor\" data-id=\"6746f6c\" data-element_type=\"widget\" data-widget_type=\"text-editor.default\">\n\t\t\t\t<div class=\"elementor-widget-container\">\n\t\t\t\t\t\t\t<p style=\"text-align: left;\"><span style=\"color: #000000;\">T\u00f6\u00f6s\u00f5ltuvus kuulub k\u00e4itumuslike s\u00f5ltuvuste hulka, millel on suhteliselt pikk uurimis- ja teoreetilise uurimise ajalugu.<\/span><\/p>\n<p style=\"text-align: left;\"><span style=\"color: #000000;\"> T\u00f5en\u00e4oliselt on kompulsiivne \u00fclet\u00f6\u00f6tamine inim\u00fchiskondades olnud juba iidsetest aegadest; aga meile teadaolevalt ei ole selle teema kohta s\u00fcstemaatilisi uuringuid saadaval. Liigne t\u00f6\u00f6 ja tootlikkusega tegelemine, mis on sageli seotud ahnuse, liigse mure ja \u00e4revusega, v\u00f5ib vaieldamatult olla&nbsp;<\/span><a href=\"https:\/\/link.springer.com\/chapter\/10.1007\/978-3-031-04772-5_9\" target=\"_blank\" rel=\"noopener\">ulatus tagasi v\u00e4hemalt 5\/6 sajandisse eKr<\/a><span style=\"color: #000000;\">.&nbsp;<\/span><\/p>\n<p style=\"text-align: center;\"><strong>KLIINILISE JA TEADUSLIKU HUVI AJAJ\u00c4RG<\/strong><\/p>\n<p style=\"text-align: left;\"><strong>1903<\/strong> <span style=\"color: #000000;\">Pierre Janet kirjeldas &quot;ps\u00fchhasteeniat&quot;, mis on seotud perfektsionistlike muredega (ja meenutab midagi, mida hiljem nimetatakse obsessiiv-kompulsiivseks isiksuseh\u00e4ireks; OCPD), mille v\u00f5ttis hiljem kasutusele Sigmund Freud. Tehti kindlaks, et ps\u00fchhasteenikud kogevad f\u00fc\u00fcsilisi probleeme, nagu peavalu, seljavalud v\u00f5i unetus. <\/span><\/p>\n<p style=\"text-align: left;\"><span style=\"color: #000000;\"><strong>1919<\/strong> S\u00e1ndor <\/span><span style=\"color: #000000;\">Ferenci kirjeldas nn.<\/span><a href=\"https:\/\/www.textlog.de\/8527.html\" target=\"_blank\" rel=\"noopener\">P\u00fchap\u00e4evane neuroos<\/a><span style=\"color: #000000;\">\u201c. S\u00fcmptomid s<\/span><span style=\"color: #000000; font-size: 16px;\">ps\u00fchhasteenikutega sarnaseid ja muid f\u00fc\u00fcsilisi s\u00fcmptomeid t\u00e4heldati <\/span><span style=\"color: #000000;\">m\u00f5ned inimesed nendel p\u00e4evadel, mil nad p\u00fc\u00fcdsid t\u00f6\u00f6lt puhata. See on v\u00f5ib-olla esimene m\u00e4rk&nbsp;<\/span><span style=\"color: #000000; font-size: 16px; font-style: normal; font-weight: 400;\">t\u00f6\u00f6s\u00f5ltuvusega seotud v\u00f5\u00f5rutusn\u00e4htudest <\/span><span style=\"color: #000000; font-size: 16px;\">kliinilises kirjanduses.&nbsp;<\/span><\/p>\n<p><strong>1952<\/strong> <span style=\"color: #000000;\">DSM-I (APA 1952, lk 37) h\u00f5lmas kompulsiivset isiksust, millel on sellised tunnused nagu &quot;suurep\u00e4rane t\u00f6\u00f6v\u00f5ime&quot; ja &quot;tavalise l\u00f5\u00f5gastumisv\u00f5ime puudumine&quot;.<\/span><\/p>\n<p style=\"text-align: left;\"><span style=\"color: #000000;\"><strong>1968\/1971<\/strong> T\u00f6\u00f6narkomaani\/t\u00f6\u00f6s\u00f5ltuvuse m\u00f5istet tutvustas ps\u00fchholoogilises kirjanduses&nbsp;<\/span><a href=\"https:\/\/www.nytimes.com\/1999\/10\/26\/us\/wayne-e-oates-82-is-dead-coined-the-term-workaholic.html\" target=\"_blank\" rel=\"noopener\">Wayne Oates<\/a><span style=\"color: #000000;\">.<\/span><\/p>\n<p><strong>1970. aastad<\/strong> <span style=\"color: #000000;\"> &nbsp;Juba 1970. aastatel on tunnistatud t\u00f6\u00f6narkomaanide tendentse&nbsp;<\/span><a href=\"https:\/\/jamanetwork.com\/journals\/jama\/article-abstract\/349598\" target=\"_blank\" rel=\"noopener\">k\u00f5rgetasemelist meditsiinilist kirjandust<\/a><span style=\"color: #000000;\">.<\/span><\/p>\n<p><strong>2013<\/strong> <span style=\"color: #000000;\">Liigne t\u00f6\u00f6le p\u00fchendumine oli \u00fcks v\u00e4heseid OCPD kriteeriume, mis on p\u00fcsinud DSM-III-st kuni DSM 5-ni (APA 2013), ja seda nimetatakse OCPD kirjanduses sageli &quot;t\u00f6\u00f6narkomaaniaks&quot; (Grilo et al. 2004).<\/span><\/p>\t\t\t\t\t\t<\/div>\n\t\t\t\t<\/div>\n\t\t\t\t\t<\/div>\n\t\t<\/div>\n\t\t\t\t\t\t\t<\/div>\n\t\t<\/section>\n\t\t\t\t\t\t\t<\/div>","protected":false},"excerpt":{"rendered":"<p>Ajalugu T\u00f6\u00f6s\u00f5ltuvus kuulub k\u00e4itumuslike s\u00f5ltuvuste hulka, millel on suhteliselt pikk ajalugu ja teoreetiline uurimine. T\u00f5en\u00e4oliselt on kompulsiivne \u00fclet\u00f6\u00f6tamine inim\u00fchiskondades olnud juba iidsetest aegadest; aga meile teadaolevalt ei ole selle teema kohta s\u00fcstemaatilisi uuringuid saadaval. Liigne t\u00f6\u00f6 ja tootlikkusega tegelemine, mis on sageli seotud ahnuse, liigse murega ja\u2026<\/p>\n<p class=\"read-more\"> <a class=\"\" href=\"https:\/\/workaddiction.org\/et\/history\/\"> <span class=\"screen-reader-text\">Ajalugu<\/span> Loe rohkem &quot;<\/a><\/p>","protected":false},"author":1,"featured_media":0,"parent":0,"menu_order":0,"comment_status":"closed","ping_status":"closed","template":"","meta":{"site-sidebar-layout":"no-sidebar","site-content-layout":"page-builder","ast-main-header-display":"","ast-hfb-above-header-display":"","ast-hfb-below-header-display":"","ast-hfb-mobile-header-display":"","site-post-title":"disabled","ast-breadcrumbs-content":"","ast-featured-img":"disabled","footer-sml-layout":"","theme-transparent-header-meta":"","adv-header-id-meta":"","stick-header-meta":"","header-above-stick-meta":"","header-main-stick-meta":"","header-below-stick-meta":""},"_links":{"self":[{"href":"https:\/\/workaddiction.org\/et\/wp-json\/wp\/v2\/pages\/1360"}],"collection":[{"href":"https:\/\/workaddiction.org\/et\/wp-json\/wp\/v2\/pages"}],"about":[{"href":"https:\/\/workaddiction.org\/et\/wp-json\/wp\/v2\/types\/page"}],"author":[{"embeddable":true,"href":"https:\/\/workaddiction.org\/et\/wp-json\/wp\/v2\/users\/1"}],"replies":[{"embeddable":true,"href":"https:\/\/workaddiction.org\/et\/wp-json\/wp\/v2\/comments?post=1360"}],"version-history":[{"count":86,"href":"https:\/\/workaddiction.org\/et\/wp-json\/wp\/v2\/pages\/1360\/revisions"}],"predecessor-version":[{"id":5111,"href":"https:\/\/workaddiction.org\/et\/wp-json\/wp\/v2\/pages\/1360\/revisions\/5111"}],"wp:attachment":[{"href":"https:\/\/workaddiction.org\/et\/wp-json\/wp\/v2\/media?parent=1360"}],"curies":[{"name":"wp","href":"https:\/\/api.w.org\/{rel}","templated":true}]}}