{"id":1147,"date":"2022-04-03T14:11:31","date_gmt":"2022-04-03T14:11:31","guid":{"rendered":"http:\/\/workaddiction.org\/?page_id=1147"},"modified":"2023-01-05T07:55:59","modified_gmt":"2023-01-05T07:55:59","slug":"therapeutic","status":"publish","type":"page","link":"https:\/\/workaddiction.org\/hr\/therapeutic\/","title":{"rendered":"Terapeutski"},"content":{"rendered":"<div data-elementor-type=\"wp-page\" data-elementor-id=\"1147\" class=\"elementor elementor-1147\">\n\t\t\t\t\t\t\t\t\t<section class=\"elementor-section elementor-top-section elementor-element elementor-element-f203211 elementor-section-boxed elementor-section-height-default elementor-section-height-default\" data-id=\"f203211\" data-element_type=\"section\">\n\t\t\t\t\t\t<div class=\"elementor-container elementor-column-gap-default\">\n\t\t\t\t\t<div class=\"elementor-column elementor-col-100 elementor-top-column elementor-element elementor-element-48e78a0\" data-id=\"48e78a0\" data-element_type=\"column\">\n\t\t\t<div class=\"elementor-widget-wrap elementor-element-populated\">\n\t\t\t\t\t\t\t\t<div class=\"elementor-element elementor-element-5f1d51c elementor-widget elementor-widget-heading\" data-id=\"5f1d51c\" data-element_type=\"widget\" data-widget_type=\"heading.default\">\n\t\t\t\t<div class=\"elementor-widget-container\">\n\t\t\t<style>\/*! elementor - v3.6.2 - 04-04-2022 *\/\n.elementor-heading-title{padding:0;margin:0;line-height:1}.elementor-widget-heading .elementor-heading-title[class*=elementor-size-]>a{color:inherit;font-size:inherit;line-height:inherit}.elementor-widget-heading .elementor-heading-title.elementor-size-small{font-size:15px}.elementor-widget-heading .elementor-heading-title.elementor-size-medium{font-size:19px}.elementor-widget-heading .elementor-heading-title.elementor-size-large{font-size:29px}.elementor-widget-heading .elementor-heading-title.elementor-size-xl{font-size:39px}.elementor-widget-heading .elementor-heading-title.elementor-size-xxl{font-size:59px}<\/style><h2 class=\"elementor-heading-title elementor-size-default\">Terapijski pristupi<\/h2>\t\t<\/div>\n\t\t\t\t<\/div>\n\t\t\t\t\t<\/div>\n\t\t<\/div>\n\t\t\t\t\t\t\t<\/div>\n\t\t<\/section>\n\t\t\t\t<section class=\"elementor-section elementor-top-section elementor-element elementor-element-e5bb07e elementor-section-boxed elementor-section-height-default elementor-section-height-default\" data-id=\"e5bb07e\" data-element_type=\"section\">\n\t\t\t\t\t\t<div class=\"elementor-container elementor-column-gap-default\">\n\t\t\t\t\t<div class=\"elementor-column elementor-col-100 elementor-top-column elementor-element elementor-element-645b4da\" data-id=\"645b4da\" data-element_type=\"column\">\n\t\t\t<div class=\"elementor-widget-wrap elementor-element-populated\">\n\t\t\t\t\t\t\t\t<div class=\"elementor-element elementor-element-5fd59f4 elementor-widget elementor-widget-text-editor\" data-id=\"5fd59f4\" data-element_type=\"widget\" data-widget_type=\"text-editor.default\">\n\t\t\t\t<div class=\"elementor-widget-container\">\n\t\t\t<style>\/*! elementor - v3.6.2 - 04-04-2022 *\/\n.elementor-widget-text-editor.elementor-drop-cap-view-stacked .elementor-drop-cap{background-color:#818a91;color:#fff}.elementor-widget-text-editor.elementor-drop-cap-view-framed .elementor-drop-cap{color:#818a91;border:3px solid;background-color:transparent}.elementor-widget-text-editor:not(.elementor-drop-cap-view-default) .elementor-drop-cap{margin-top:8px}.elementor-widget-text-editor:not(.elementor-drop-cap-view-default) .elementor-drop-cap-letter{width:1em;height:1em}.elementor-widget-text-editor .elementor-drop-cap{float:left;text-align:center;line-height:1;font-size:50px}.elementor-widget-text-editor .elementor-drop-cap-letter{display:inline-block}<\/style>\t\t\t\t<p>Postoje razli\u010dite vrste terapija koje mogu biti u\u010dinkovite u lije\u010denju ovisnosti o radu. Neki od njih op\u0107enito su u\u010dinkoviti u lije\u010denju \u0161irokog spektra ovisnosti i problema s mentalnim zdravljem, uklju\u010duju\u0107i kognitivnu bihevioralnu terapiju ili motivacijsko intervjuiranje. Druge su posebno osmi\u0161ljene za rje\u0161avanje problema ovisnosti o radu, poput grupa anonimnih radoholi\u010dara. Postoje i metode lije\u010denja koje se bave specifi\u010dnim problemima povezanima s ovisno\u0161\u0107u o radu, kao \u0161to je shematerapija koja se koristi u lije\u010denju opsesivno kompulzivnog poreme\u0107aja osobnosti ili radikalno otvorena dijalekti\u010dka bihevioralna terapija (RO-DBT) usmjerena na spektar poreme\u0107aja karakteriziranih pretjeranom samokontrolom, tj. prekomjerne kontrole.<\/p>\t\t\t\t\t\t<\/div>\n\t\t\t\t<\/div>\n\t\t\t\t<div class=\"elementor-element elementor-element-b4435a6 elementor-widget elementor-widget-text-editor\" data-id=\"b4435a6\" data-element_type=\"widget\" data-widget_type=\"text-editor.default\">\n\t\t\t\t<div class=\"elementor-widget-container\">\n\t\t\t\t\t\t\t<p style=\"text-align: center;\"><strong>MOTIVACIONO INTERVJUIRANJE<\/strong><\/p><p>MI je kratak i vrlo isplativ pristup modificiranju ovisni\u010dkog pona\u0161anja s\u00a0<a href=\"https:\/\/media.wcwpds.wisc.edu\/motivational-interviewing\/files\/Research-on-Social-Work-Practice.pdf\" target=\"_blank\" rel=\"noopener\">zna\u010dajni empirijski dokazi<\/a>. Uklju\u010duje \u0161irok raspon tehnika koje se koriste za pomo\u0107 ljudima u istra\u017eivanju i rje\u0161avanju ambivalencije u vezi s promjenom pona\u0161anja.\u00a0<\/p><p>Intervencije mogu biti kratke kao jedan sastanak.<\/p>\t\t\t\t\t\t<\/div>\n\t\t\t\t<\/div>\n\t\t\t\t\t<\/div>\n\t\t<\/div>\n\t\t\t\t\t\t\t<\/div>\n\t\t<\/section>\n\t\t\t\t<section class=\"elementor-section elementor-top-section elementor-element elementor-element-ce6ada8 elementor-section-boxed elementor-section-height-default elementor-section-height-default\" data-id=\"ce6ada8\" data-element_type=\"section\">\n\t\t\t\t\t\t<div class=\"elementor-container elementor-column-gap-default\">\n\t\t\t\t\t<div class=\"elementor-column elementor-col-100 elementor-top-column elementor-element elementor-element-2874f6f\" data-id=\"2874f6f\" data-element_type=\"column\">\n\t\t\t<div class=\"elementor-widget-wrap elementor-element-populated\">\n\t\t\t\t\t\t\t\t<div class=\"elementor-element elementor-element-23ac3f8 elementor-widget elementor-widget-text-editor\" data-id=\"23ac3f8\" data-element_type=\"widget\" data-widget_type=\"text-editor.default\">\n\t\t\t\t<div class=\"elementor-widget-container\">\n\t\t\t\t\t\t\t<p style=\"text-align: center;\"><strong>KOGNITIVNA BIHEVIORALNA TERAPIJA<\/strong><\/p>\n<p>CBT se uspje\u0161no koristi u&nbsp;<a href=\"https:\/\/www.sciencedirect.com\/science\/article\/pii\/B9780128149324000112\" target=\"_blank\" rel=\"noopener\">lije\u010denje ovisnosti<\/a>, uklju\u010duju\u0107i&nbsp;<a href=\"https:\/\/www.sciencedirect.com\/science\/article\/pii\/S2352154622000274\" target=\"_blank\" rel=\"noopener\">bihevioralne ovisnosti<\/a>. Postoje razli\u010diti modaliteti KBT-a kao \u0161to je Racionalna emotivno bihevioralna terapija (REBT), grupna KBT ili Radikalno otvorena dijalekti\u010dka bihevioralna terapija (RO DBT).<\/p>\n<p><a style=\"font-size: 1rem;\" href=\"https:\/\/d1wqtxts1xzle7.cloudfront.net\/39758328\/Handbook_of_Addictive_Disorders_-_A_Practical_Guide_to_Diag._and_Trtmt_-_R._Coombs_Wiley__2004_WW-with-cover-page-v2.pdf?Expires=1667585178&amp;Signature=Z5lGKd9wRTliWb8dcIgx1l8LER2XdUxlP1O5css7whLz4XTGT6Dyl-vq4tHOyOR1bpipVBtuMDGNpyp5aHmnvZGpUvsva5WAc6yF6vNUoMfen5pBdg82VmweWNi0pY~kMnZDQ1cX5z0XjmUtOUoBwS1e1pzW7SDZbmdLGtzLKe0Yns3k0M8fzc2xm6dPvaInPX73usc1xLUORW6HZyOhDZUW1beQqc7gMCctl6VFWo2l9KYApYQ1vkNwi0RpHitt~3bElG36IoIzELzYkKhPz8pUuuzOdx3m5v64vPVm9YbvXe3FeMe6P430MUJNzMpC00-QQNQGW0W9HGlEAOelxg__&amp;Key-Pair-Id=APKAJLOHF5GGSLRBV4ZA#page=402\" target=\"_blank\" rel=\"noopener\">Berglas<\/a>&nbsp;i&nbsp;<a href=\"https:\/\/www.elgaronline.com\/view\/1845424085.00024.xml\" target=\"_blank\" rel=\"noopener\">Chen<\/a> opisao je principe racionalne emotivno bihevioralne terapije (REBT) primijenjene na ovisnost o radu. <a href=\"https:\/\/www.tandfonline.com\/doi\/abs\/10.1080\/09515070210143507\" target=\"_blank\" rel=\"noopener\">Burwell i Chen&nbsp;<\/a>dao je primjer slu\u010daja koji uklju\u010duje kognitivno preoblikovanje, emotivnu intervenciju, prihva\u0107anje sebe, vje\u017ebu napada srama, modifikaciju pona\u0161anja, delegiranje zadataka drugima, postavljanje granica, desenzibiliziranje anksioznosti, prakticiranje zamjene i vje\u017ebanje dokolice.<\/p>\t\t\t\t\t\t<\/div>\n\t\t\t\t<\/div>\n\t\t\t\t\t<\/div>\n\t\t<\/div>\n\t\t\t\t\t\t\t<\/div>\n\t\t<\/section>\n\t\t\t\t<section class=\"elementor-section elementor-top-section elementor-element elementor-element-6cbc022 elementor-section-boxed elementor-section-height-default elementor-section-height-default\" data-id=\"6cbc022\" data-element_type=\"section\">\n\t\t\t\t\t\t<div class=\"elementor-container elementor-column-gap-default\">\n\t\t\t\t\t<div class=\"elementor-column elementor-col-100 elementor-top-column elementor-element elementor-element-54560db\" data-id=\"54560db\" data-element_type=\"column\">\n\t\t\t<div class=\"elementor-widget-wrap elementor-element-populated\">\n\t\t\t\t\t\t\t\t<div class=\"elementor-element elementor-element-07bc407 elementor-widget elementor-widget-text-editor\" data-id=\"07bc407\" data-element_type=\"widget\" data-widget_type=\"text-editor.default\">\n\t\t\t\t<div class=\"elementor-widget-container\">\n\t\t\t\t\t\t\t<p style=\"text-align: center;\"><strong>RADIKALNO OTVORENA DIJALEKTI\u010cKA TERAPIJA PONA\u0160ANJA<\/strong><\/p><p><a style=\"font-size: 1rem;\" href=\"https:\/\/www.abct.org\/fact-sheets\/radically-open-dialectical-behavior-therapy\/\" target=\"_blank\" rel=\"noopener\">Radikalno otvorena dijalekti\u010dka bihevioralna terapija<\/a>\u00a0(RO DBT) je vrsta kognitivne bihevioralne terapije razvijene za poreme\u0107aje prekomjerne kontrole. To je lije\u010denje utemeljeno na dokazima,\u00a0<a href=\"https:\/\/www.ncbi.nlm.nih.gov\/pmc\/articles\/PMC6955577\/\" target=\"_blank\" rel=\"noopener\">potkrijepljeno klini\u010dkim istra\u017eivanjem<\/a>, ciljaju\u0107i na spektar poreme\u0107aja koje karakterizira pretjerana samokontrola, uklju\u010duju\u0107i depresiju i anksioznost otpornu na lije\u010denje, anoreksiju nervozu i poreme\u0107aje osobnosti kao \u0161to je opsesivno-kompulzivni poreme\u0107aj osobnosti koji je usko povezan s ovisno\u0161\u0107u o radu.<\/p><p>Sr\u017e pretjerano kontrolirane osobnosti i stila suo\u010davanja je sklonost prevelikoj samokontroli, \u0161to se o\u010dituje kao bihevioralna i kognitivna nefleksibilnost, visoka inhibicija emocija, obrada koja je usredoto\u010dena na detalje i perfekcionizam te nedostatak dru\u0161tvene povezanosti. Pojedinci koje karakterizira pretjerano kontrolirano suo\u010davanje sklone su ozbiljnosti u \u017eivotu, postavljaju visoke osobne standarde, marljivo rade, pona\u0161aju se primjereno i \u010desto \u0107e \u017ertvovati osobne potrebe kako bi postigli \u017eeljene ciljeve ili pomogli drugima; ali iznutra se \u010desto osje\u0107aju &quot;bez znanja&quot; o tome kako se pridru\u017eiti drugima ili uspostaviti intimne veze.\u00a0<\/p><p>Izraz &quot;radikalna otvorenost&quot; zna\u010di da postoje tri va\u017ena aspekta emocionalnog blagostanja: otvorenost, fleksibilnost i dru\u0161tvena povezanost. RO DBT temelji se na pretpostavci da je pove\u0107anje dru\u0161tvene povezanosti putem ciljanja socijalnog signaliziranja sredi\u0161nji mehanizam promjene u lije\u010denju. Stoga RO DBT cilja na maladaptivno socijalno signaliziranje kako bi se pobolj\u0161alo socijalno funkcioniranje osobe.<\/p><p>Ovaj pristup mo\u017ee biti od pomo\u0107i osobama koje se bore s ovisno\u0161\u0107u o radu koje pokazuju pretjeranu samokontrolu \u0161to utje\u010de na njihovu sposobnost razvijanja bliskih i zadovoljavaju\u0107ih dru\u0161tvenih odnosa. Drugim rije\u010dima, mo\u017ee se preporu\u010diti onima koji pretjerano rade jer su usamljeni. Razvijanje sposobnosti povezivanja s drugima mo\u017ee omogu\u0107iti ponovno fokusiranje s posla na dru\u0161tveni \u017eivot i druga ugodna iskustva.<\/p>\t\t\t\t\t\t<\/div>\n\t\t\t\t<\/div>\n\t\t\t\t\t<\/div>\n\t\t<\/div>\n\t\t\t\t\t\t\t<\/div>\n\t\t<\/section>\n\t\t\t\t<section class=\"elementor-section elementor-top-section elementor-element elementor-element-7867b58 elementor-section-boxed elementor-section-height-default elementor-section-height-default\" data-id=\"7867b58\" data-element_type=\"section\">\n\t\t\t\t\t\t<div class=\"elementor-container elementor-column-gap-default\">\n\t\t\t\t\t<div class=\"elementor-column elementor-col-100 elementor-top-column elementor-element elementor-element-4a8b3ef\" data-id=\"4a8b3ef\" data-element_type=\"column\">\n\t\t\t<div class=\"elementor-widget-wrap elementor-element-populated\">\n\t\t\t\t\t\t\t\t<div class=\"elementor-element elementor-element-e7dfe5a elementor-widget elementor-widget-text-editor\" data-id=\"e7dfe5a\" data-element_type=\"widget\" data-widget_type=\"text-editor.default\">\n\t\t\t\t<div class=\"elementor-widget-container\">\n\t\t\t\t\t\t\t<p style=\"text-align: center;\"><strong>OBITELJSKA TERAPIJA<\/strong><\/p><p>Obiteljsku terapiju ovisnika o radu provodila je i opisala\u00a0<a href=\"https:\/\/www.tandfonline.com\/doi\/abs\/10.1080\/01926189808251087\" target=\"_blank\" rel=\"noopener\">Robinson<\/a>. Analizirao je strukturne i dinami\u010dke karakteristike obitelji radoholi\u010dara i dao preporuke za lije\u010denje.\u00a0<\/p><p>To uklju\u010duje:<\/p><ul><li>priznavanje i rad s poricanjem,<\/li><li>nerealna o\u010dekivanja od djece,<\/li><li>prepoznavanje strukture radoholi\u010darske obitelji,<\/li><li>pregovaranje o granicama oko razgovora o poslu,<\/li><li>razvoj u\u010dinkovitog rje\u0161avanja problema,<\/li><li>bolja komunikacija,<\/li><li>jasnije postavljene obiteljske uloge,<\/li><li>ve\u0107e afektivne reakcije,<\/li><li>ve\u0107u afektivnu uklju\u010denost i ve\u0107e op\u0107e funkcioniranje obitelji,<\/li><li>pra\u0107enje me\u0111ugeneracijske prirode ovisnosti, i<\/li><li>rje\u0161avanje intimnih problema.\u00a0<\/li><\/ul><p>Dostupni su razli\u010diti pristupi obiteljskoj terapiji.<\/p>\t\t\t\t\t\t<\/div>\n\t\t\t\t<\/div>\n\t\t\t\t\t<\/div>\n\t\t<\/div>\n\t\t\t\t\t\t\t<\/div>\n\t\t<\/section>\n\t\t\t\t<section class=\"elementor-section elementor-top-section elementor-element elementor-element-1af612f elementor-section-boxed elementor-section-height-default elementor-section-height-default\" data-id=\"1af612f\" data-element_type=\"section\">\n\t\t\t\t\t\t<div class=\"elementor-container elementor-column-gap-default\">\n\t\t\t\t\t<div class=\"elementor-column elementor-col-100 elementor-top-column elementor-element elementor-element-da0669a\" data-id=\"da0669a\" data-element_type=\"column\">\n\t\t\t<div class=\"elementor-widget-wrap elementor-element-populated\">\n\t\t\t\t\t\t\t\t<div class=\"elementor-element elementor-element-915464a elementor-widget elementor-widget-text-editor\" data-id=\"915464a\" data-element_type=\"widget\" data-widget_type=\"text-editor.default\">\n\t\t\t\t<div class=\"elementor-widget-container\">\n\t\t\t\t\t\t\t<p style=\"text-align: center;\"><strong>ANONIMNI RADOHOLI\u010cARI \u2013 GRUPE ZA SAMOPOMO\u0106<\/strong><\/p><p><a style=\"font-size: 1rem;\" href=\"https:\/\/workaholics-anonymous.org\/\" target=\"_blank\" rel=\"noopener\">Anonimni radoholi\u010dari<\/a>\u00a0grupe se temelje na na\u010delima razmjene iskustava i me\u0111usobne podr\u0161ke u rje\u0161avanju zajedni\u010dkih problema i oporavku od ovisnosti o radu. Organizacija nudi sastanke diljem svijeta online i offline, literaturu i konferencije. Temelji se na programu od 12 koraka i grupama podr\u0161ke, a osigurao je svoje\u00a0<a href=\"https:\/\/workaholics-anonymous.org\/literature\/book-of-recovery\" target=\"_blank\" rel=\"noopener\">knjiga<\/a>\u00a0dizajniran za pomo\u0107 pri oporavku.<\/p><p>Odra\u017eava duhovno utemeljen pristup lije\u010denju ovisnosti i oporavku od dugih radnih sati. Do sada nije empirijski procijenjena u\u010dinkovitost ove intervencije. Unato\u010d tome, grupa postoji i aktivno djeluje u brojnim zemljama ve\u0107 gotovo 30 godina, \u0161to daje neku neizravnu podr\u0161ku njenim potencijalnim koristima.<\/p>\t\t\t\t\t\t<\/div>\n\t\t\t\t<\/div>\n\t\t\t\t\t<\/div>\n\t\t<\/div>\n\t\t\t\t\t\t\t<\/div>\n\t\t<\/section>\n\t\t\t\t<section class=\"elementor-section elementor-top-section elementor-element elementor-element-014db06 elementor-section-boxed elementor-section-height-default elementor-section-height-default\" data-id=\"014db06\" data-element_type=\"section\">\n\t\t\t\t\t\t<div class=\"elementor-container elementor-column-gap-default\">\n\t\t\t\t\t<div class=\"elementor-column elementor-col-100 elementor-top-column elementor-element elementor-element-05ca6b8\" data-id=\"05ca6b8\" data-element_type=\"column\">\n\t\t\t<div class=\"elementor-widget-wrap elementor-element-populated\">\n\t\t\t\t\t\t\t\t<div class=\"elementor-element elementor-element-b82bcf7 elementor-widget elementor-widget-text-editor\" data-id=\"b82bcf7\" data-element_type=\"widget\" data-widget_type=\"text-editor.default\">\n\t\t\t\t<div class=\"elementor-widget-container\">\n\t\t\t\t\t\t\t<p style=\"text-align: center;\"><strong>TERAPIJA SHEMA<\/strong><\/p><p>To je vrsta terapije koja se prvenstveno koristi u lije\u010denju poreme\u0107aja osobnosti, uklju\u010duju\u0107i\u00a0<a href=\"https:\/\/www.researchgate.net\/profile\/Alice-Diedrich-2\/publication\/271329556_Obsessive-Compulsive_Personality_Disorder_a_Current_Review\/links\/552cd2f40cf21acb0920f25f\/Obsessive-Compulsive-Personality-Disorder-a-Current-Review.pdf\" target=\"_blank\" rel=\"noopener\">opsesivno kompulzivni poreme\u0107aj osobnosti<\/a> (OCPD) koji je usko povezan s ovisno\u0161\u0107u o radu. Tako\u0111er pokazuje u\u010dinkovitost u lije\u010denju <a href=\"https:\/\/www.sciencedirect.com\/science\/article\/abs\/pii\/S221265701830093X\" target=\"_blank\" rel=\"noopener\">poreme\u0107aji osobnosti koji se javljaju zajedno s ovisnostima<\/a>. Integrira elemente kognitivne bihevioralne terapije, teorije privr\u017eenosti i objektnih odnosa te gestalt i iskustvene terapije.<\/p>\t\t\t\t\t\t<\/div>\n\t\t\t\t<\/div>\n\t\t\t\t\t<\/div>\n\t\t<\/div>\n\t\t\t\t\t\t\t<\/div>\n\t\t<\/section>\n\t\t\t\t\t\t\t<\/div>","protected":false},"excerpt":{"rendered":"<p>Terapijski pristupi Postoje razli\u010dite vrste terapija koje mogu biti u\u010dinkovite u lije\u010denju ovisnosti o radu. Neki od njih op\u0107enito su u\u010dinkoviti u lije\u010denju \u0161irokog spektra ovisnosti i problema s mentalnim zdravljem, uklju\u010duju\u0107i kognitivnu bihevioralnu terapiju ili motivacijsko intervjuiranje. Drugi su posebno osmi\u0161ljeni za rje\u0161avanje problema ovisnosti o radu, poput Anonimnih radoholi\u010dara...<\/p>\n<p class=\"read-more\"> <a class=\"\" href=\"https:\/\/workaddiction.org\/hr\/therapeutic\/\"> <span class=\"screen-reader-text\">Terapeutski<\/span> \u010citaj vi\u0161e &quot;<\/a><\/p>","protected":false},"author":1,"featured_media":0,"parent":0,"menu_order":0,"comment_status":"closed","ping_status":"closed","template":"","meta":{"site-sidebar-layout":"no-sidebar","site-content-layout":"page-builder","ast-main-header-display":"","ast-hfb-above-header-display":"","ast-hfb-below-header-display":"","ast-hfb-mobile-header-display":"","site-post-title":"disabled","ast-breadcrumbs-content":"","ast-featured-img":"disabled","footer-sml-layout":"","theme-transparent-header-meta":"","adv-header-id-meta":"","stick-header-meta":"","header-above-stick-meta":"","header-main-stick-meta":"","header-below-stick-meta":""},"_links":{"self":[{"href":"https:\/\/workaddiction.org\/hr\/wp-json\/wp\/v2\/pages\/1147"}],"collection":[{"href":"https:\/\/workaddiction.org\/hr\/wp-json\/wp\/v2\/pages"}],"about":[{"href":"https:\/\/workaddiction.org\/hr\/wp-json\/wp\/v2\/types\/page"}],"author":[{"embeddable":true,"href":"https:\/\/workaddiction.org\/hr\/wp-json\/wp\/v2\/users\/1"}],"replies":[{"embeddable":true,"href":"https:\/\/workaddiction.org\/hr\/wp-json\/wp\/v2\/comments?post=1147"}],"version-history":[{"count":161,"href":"https:\/\/workaddiction.org\/hr\/wp-json\/wp\/v2\/pages\/1147\/revisions"}],"predecessor-version":[{"id":4956,"href":"https:\/\/workaddiction.org\/hr\/wp-json\/wp\/v2\/pages\/1147\/revisions\/4956"}],"wp:attachment":[{"href":"https:\/\/workaddiction.org\/hr\/wp-json\/wp\/v2\/media?parent=1147"}],"curies":[{"name":"wp","href":"https:\/\/api.w.org\/{rel}","templated":true}]}}