{"id":1360,"date":"2022-04-20T09:44:49","date_gmt":"2022-04-20T09:44:49","guid":{"rendered":"http:\/\/workaddiction.org\/?page_id=1360"},"modified":"2023-01-19T07:16:16","modified_gmt":"2023-01-19T07:16:16","slug":"history","status":"publish","type":"page","link":"https:\/\/workaddiction.org\/hr\/history\/","title":{"rendered":"Povijest"},"content":{"rendered":"<div data-elementor-type=\"wp-page\" data-elementor-id=\"1360\" class=\"elementor elementor-1360\">\n\t\t\t\t\t\t\t\t\t<section class=\"elementor-section elementor-top-section elementor-element elementor-element-9b78341 elementor-section-boxed elementor-section-height-default elementor-section-height-default\" data-id=\"9b78341\" data-element_type=\"section\">\n\t\t\t\t\t\t<div class=\"elementor-container elementor-column-gap-default\">\n\t\t\t\t\t<div class=\"elementor-column elementor-col-100 elementor-top-column elementor-element elementor-element-2aca42a\" data-id=\"2aca42a\" data-element_type=\"column\">\n\t\t\t<div class=\"elementor-widget-wrap elementor-element-populated\">\n\t\t\t\t\t\t\t\t<div class=\"elementor-element elementor-element-4d5545f elementor-widget elementor-widget-text-editor\" data-id=\"4d5545f\" data-element_type=\"widget\" data-widget_type=\"text-editor.default\">\n\t\t\t\t<div class=\"elementor-widget-container\">\n\t\t\t<style>\/*! elementor - v3.6.2 - 04-04-2022 *\/\n.elementor-widget-text-editor.elementor-drop-cap-view-stacked .elementor-drop-cap{background-color:#818a91;color:#fff}.elementor-widget-text-editor.elementor-drop-cap-view-framed .elementor-drop-cap{color:#818a91;border:3px solid;background-color:transparent}.elementor-widget-text-editor:not(.elementor-drop-cap-view-default) .elementor-drop-cap{margin-top:8px}.elementor-widget-text-editor:not(.elementor-drop-cap-view-default) .elementor-drop-cap-letter{width:1em;height:1em}.elementor-widget-text-editor .elementor-drop-cap{float:left;text-align:center;line-height:1;font-size:50px}.elementor-widget-text-editor .elementor-drop-cap-letter{display:inline-block}<\/style>\t\t\t\t\t\t\t\t\t\t<\/div>\n\t\t\t\t<\/div>\n\t\t\t\t\t<\/div>\n\t\t<\/div>\n\t\t\t\t\t\t\t<\/div>\n\t\t<\/section>\n\t\t\t\t<section class=\"elementor-section elementor-top-section elementor-element elementor-element-f0797d8 elementor-section-boxed elementor-section-height-default elementor-section-height-default\" data-id=\"f0797d8\" data-element_type=\"section\">\n\t\t\t\t\t\t<div class=\"elementor-container elementor-column-gap-default\">\n\t\t\t\t\t<div class=\"elementor-column elementor-col-100 elementor-top-column elementor-element elementor-element-d9d3ae7\" data-id=\"d9d3ae7\" data-element_type=\"column\">\n\t\t\t<div class=\"elementor-widget-wrap elementor-element-populated\">\n\t\t\t\t\t\t\t\t<div class=\"elementor-element elementor-element-90bfad7 elementor-widget elementor-widget-heading\" data-id=\"90bfad7\" data-element_type=\"widget\" data-widget_type=\"heading.default\">\n\t\t\t\t<div class=\"elementor-widget-container\">\n\t\t\t<style>\/*! elementor - v3.6.2 - 04-04-2022 *\/\n.elementor-heading-title{padding:0;margin:0;line-height:1}.elementor-widget-heading .elementor-heading-title[class*=elementor-size-]>a{color:inherit;font-size:inherit;line-height:inherit}.elementor-widget-heading .elementor-heading-title.elementor-size-small{font-size:15px}.elementor-widget-heading .elementor-heading-title.elementor-size-medium{font-size:19px}.elementor-widget-heading .elementor-heading-title.elementor-size-large{font-size:29px}.elementor-widget-heading .elementor-heading-title.elementor-size-xl{font-size:39px}.elementor-widget-heading .elementor-heading-title.elementor-size-xxl{font-size:59px}<\/style><h2 class=\"elementor-heading-title elementor-size-default\">Povijest<\/h2>\t\t<\/div>\n\t\t\t\t<\/div>\n\t\t\t\t\t<\/div>\n\t\t<\/div>\n\t\t\t\t\t\t\t<\/div>\n\t\t<\/section>\n\t\t\t\t<section class=\"elementor-section elementor-top-section elementor-element elementor-element-6b780fd elementor-section-boxed elementor-section-height-default elementor-section-height-default\" data-id=\"6b780fd\" data-element_type=\"section\">\n\t\t\t\t\t\t<div class=\"elementor-container elementor-column-gap-default\">\n\t\t\t\t\t<div class=\"elementor-column elementor-col-100 elementor-top-column elementor-element elementor-element-6ce2116\" data-id=\"6ce2116\" data-element_type=\"column\">\n\t\t\t<div class=\"elementor-widget-wrap elementor-element-populated\">\n\t\t\t\t\t\t\t\t<div class=\"elementor-element elementor-element-6746f6c elementor-widget elementor-widget-text-editor\" data-id=\"6746f6c\" data-element_type=\"widget\" data-widget_type=\"text-editor.default\">\n\t\t\t\t<div class=\"elementor-widget-container\">\n\t\t\t\t\t\t\t<p style=\"text-align: left;\"><span style=\"color: #000000;\">Ovisnost o radu jedna je od bihevioralnih ovisnosti s relativno dugom povije\u0161\u0107u istra\u017eivanja i teorijskog propitivanja.<\/span><\/p>\n<p style=\"text-align: left;\"><span style=\"color: #000000;\"> Kompulzivno preoptere\u0107enje vjerojatno je prisutno u ljudskim dru\u0161tvima od davnina; me\u0111utim, prema na\u0161im saznanjima, nema dostupnih sustavnih studija o ovom pitanju. Pretjerana zaokupljenost poslom i produktivno\u0161\u0107u, \u010desto povezana s pohlepom, pretjeranom brigom i tjeskobom mo\u017ee se vjerojatno&nbsp;<\/span><a href=\"https:\/\/link.springer.com\/chapter\/10.1007\/978-3-031-04772-5_9\" target=\"_blank\" rel=\"noopener\">pratiti barem do 5\/6 stolje\u0107a pr<\/a><span style=\"color: #000000;\">.&nbsp;<\/span><\/p>\n<p style=\"text-align: center;\"><strong>VREMENSKI PLAN KLINI\u010cKOG I ZNANSTVENOG INTERESA<\/strong><\/p>\n<p style=\"text-align: left;\"><strong>1903<\/strong> <span style=\"color: #000000;\">Pierre Janet opisao je &quot;psihasteniju&quot; povezanu s perfekcionisti\u010dkim brigama (i nalik ne\u010demu \u0161to \u0107e se kasnije nazvati opsesivno kompulzivni poreme\u0107aj osobnosti; OCPD), koju je kasnije usvojio Sigmund Freud. Utvr\u0111eno je da psihastenici imaju fizi\u010dke probleme kao \u0161to su glavobolje, bolovi u le\u0111ima ili nesanica. <\/span><\/p>\n<p style=\"text-align: left;\"><span style=\"color: #000000;\"><strong>1919<\/strong> \u0160andor <\/span><span style=\"color: #000000;\">Ferenci je opisao tzv.<\/span><a href=\"https:\/\/www.textlog.de\/8527.html\" target=\"_blank\" rel=\"noopener\">nedjeljna neuroza<\/a><span style=\"color: #000000;\">\u201c. Simptomi s<\/span><span style=\"color: #000000; font-size: 16px;\">sli\u010dni ovima koje do\u017eivljavaju psihasteni\u010dari i drugi fizi\u010dki simptomi primije\u0107eni su me\u0111u <\/span><span style=\"color: #000000;\">neki pojedinci u danima kada su se poku\u0161avali odmoriti od posla. Ovo je mo\u017eda prvi pokazatelj&nbsp;<\/span><span style=\"color: #000000; font-size: 16px; font-style: normal; font-weight: 400;\">simptoma ustezanja povezanih s ovisno\u0161\u0107u o radu <\/span><span style=\"color: #000000; font-size: 16px;\">u klini\u010dkoj literaturi.&nbsp;<\/span><\/p>\n<p><strong>1952<\/strong> <span style=\"color: #000000;\">DSM-I (APA 1952., str. 37) uklju\u010divao je kompulzivnu osobnost sa zna\u010dajkama kao \u0161to su &quot;pretjerana sposobnost za rad&quot; i &quot;nedostatak [normalne] sposobnosti za opu\u0161tanje&quot;.<\/span><\/p>\n<p style=\"text-align: left;\"><span style=\"color: #000000;\"><strong>1968\/1971<\/strong> Pojam radoholizma\/ovisnosti o radu u psiholo\u0161ku literaturu uveo je&nbsp;<\/span><a href=\"https:\/\/www.nytimes.com\/1999\/10\/26\/us\/wayne-e-oates-82-is-dead-coined-the-term-workaholic.html\" target=\"_blank\" rel=\"noopener\">Wayne Oates<\/a><span style=\"color: #000000;\">.<\/span><\/p>\n<p><strong>1970-ih<\/strong> <span style=\"color: #000000;\"> &nbsp;Ve\u0107 1970-ih godina su prepoznate radoholi\u010darske sklonosti&nbsp;<\/span><a href=\"https:\/\/jamanetwork.com\/journals\/jama\/article-abstract\/349598\" target=\"_blank\" rel=\"noopener\">medicinska literatura visokog profila<\/a><span style=\"color: #000000;\">.<\/span><\/p>\n<p><strong>2013<\/strong> <span style=\"color: #000000;\">Pretjerana predanost radu bila je jedan od rijetkih kriterija OKPD-a koji se odr\u017eao od DSM-III do DSM 5 (APA 2013), a \u010desto se naziva &quot;radoholizam&quot; u literaturi o OKPD-u (Grilo et al. 2004).<\/span><\/p>\t\t\t\t\t\t<\/div>\n\t\t\t\t<\/div>\n\t\t\t\t\t<\/div>\n\t\t<\/div>\n\t\t\t\t\t\t\t<\/div>\n\t\t<\/section>\n\t\t\t\t\t\t\t<\/div>","protected":false},"excerpt":{"rendered":"<p>Povijest Ovisnost o radu jedna je od bihevioralnih ovisnosti s relativno dugom povije\u0161\u0107u istra\u017eivanja i teorijskog propitivanja. Kompulzivno preoptere\u0107enje vjerojatno je prisutno u ljudskim dru\u0161tvima od davnih vremena; me\u0111utim, prema na\u0161im saznanjima, nema dostupnih sustavnih studija o ovom pitanju. Pretjerana zaokupljenost poslom i produktivno\u0161\u0107u, \u010desto povezana s pohlepom, pretjeranom brigom i...<\/p>\n<p class=\"read-more\"> <a class=\"\" href=\"https:\/\/workaddiction.org\/hr\/history\/\"> <span class=\"screen-reader-text\">Povijest<\/span> \u010citaj vi\u0161e &quot;<\/a><\/p>","protected":false},"author":1,"featured_media":0,"parent":0,"menu_order":0,"comment_status":"closed","ping_status":"closed","template":"","meta":{"site-sidebar-layout":"no-sidebar","site-content-layout":"page-builder","ast-main-header-display":"","ast-hfb-above-header-display":"","ast-hfb-below-header-display":"","ast-hfb-mobile-header-display":"","site-post-title":"disabled","ast-breadcrumbs-content":"","ast-featured-img":"disabled","footer-sml-layout":"","theme-transparent-header-meta":"","adv-header-id-meta":"","stick-header-meta":"","header-above-stick-meta":"","header-main-stick-meta":"","header-below-stick-meta":""},"_links":{"self":[{"href":"https:\/\/workaddiction.org\/hr\/wp-json\/wp\/v2\/pages\/1360"}],"collection":[{"href":"https:\/\/workaddiction.org\/hr\/wp-json\/wp\/v2\/pages"}],"about":[{"href":"https:\/\/workaddiction.org\/hr\/wp-json\/wp\/v2\/types\/page"}],"author":[{"embeddable":true,"href":"https:\/\/workaddiction.org\/hr\/wp-json\/wp\/v2\/users\/1"}],"replies":[{"embeddable":true,"href":"https:\/\/workaddiction.org\/hr\/wp-json\/wp\/v2\/comments?post=1360"}],"version-history":[{"count":86,"href":"https:\/\/workaddiction.org\/hr\/wp-json\/wp\/v2\/pages\/1360\/revisions"}],"predecessor-version":[{"id":5111,"href":"https:\/\/workaddiction.org\/hr\/wp-json\/wp\/v2\/pages\/1360\/revisions\/5111"}],"wp:attachment":[{"href":"https:\/\/workaddiction.org\/hr\/wp-json\/wp\/v2\/media?parent=1360"}],"curies":[{"name":"wp","href":"https:\/\/api.w.org\/{rel}","templated":true}]}}