{"id":1124,"date":"2022-04-03T14:02:12","date_gmt":"2022-04-03T14:02:12","guid":{"rendered":"http:\/\/workaddiction.org\/?page_id=1124"},"modified":"2022-11-05T17:31:00","modified_gmt":"2022-11-05T17:31:00","slug":"macro","status":"publish","type":"page","link":"https:\/\/workaddiction.org\/is_is\/macro\/","title":{"rendered":"Fj\u00f6lvi"},"content":{"rendered":"<div data-elementor-type=\"wp-page\" data-elementor-id=\"1124\" class=\"elementor elementor-1124\">\n\t\t\t\t\t\t\t\t\t<section class=\"elementor-section elementor-top-section elementor-element elementor-element-75c09ad elementor-section-boxed elementor-section-height-default elementor-section-height-default\" data-id=\"75c09ad\" data-element_type=\"section\">\n\t\t\t\t\t\t<div class=\"elementor-container elementor-column-gap-default\">\n\t\t\t\t\t<div class=\"elementor-column elementor-col-100 elementor-top-column elementor-element elementor-element-4e0ccc3\" data-id=\"4e0ccc3\" data-element_type=\"column\">\n\t\t\t<div class=\"elementor-widget-wrap elementor-element-populated\">\n\t\t\t\t\t\t\t\t<div class=\"elementor-element elementor-element-a7326d3 elementor-widget elementor-widget-heading\" data-id=\"a7326d3\" data-element_type=\"widget\" data-widget_type=\"heading.default\">\n\t\t\t\t<div class=\"elementor-widget-container\">\n\t\t\t<style>\/*! elementor - v3.6.2 - 04-04-2022 *\/\n.elementor-heading-title{padding:0;margin:0;line-height:1}.elementor-widget-heading .elementor-heading-title[class*=elementor-size-]>a{color:inherit;font-size:inherit;line-height:inherit}.elementor-widget-heading .elementor-heading-title.elementor-size-small{font-size:15px}.elementor-widget-heading .elementor-heading-title.elementor-size-medium{font-size:19px}.elementor-widget-heading .elementor-heading-title.elementor-size-large{font-size:29px}.elementor-widget-heading .elementor-heading-title.elementor-size-xl{font-size:39px}.elementor-widget-heading .elementor-heading-title.elementor-size-xxl{font-size:59px}<\/style><h2 class=\"elementor-heading-title elementor-size-default\">\u00dej\u00f3\u00f0hagsstig: R\u00edkisstj\u00f3rnir og heilbrig\u00f0isstofnanir<\/h2>\t\t<\/div>\n\t\t\t\t<\/div>\n\t\t\t\t\t<\/div>\n\t\t<\/div>\n\t\t\t\t\t\t\t<\/div>\n\t\t<\/section>\n\t\t\t\t<section class=\"elementor-section elementor-top-section elementor-element elementor-element-cd6d21c elementor-section-boxed elementor-section-height-default elementor-section-height-default\" data-id=\"cd6d21c\" data-element_type=\"section\">\n\t\t\t\t\t\t<div class=\"elementor-container elementor-column-gap-default\">\n\t\t\t\t\t<div class=\"elementor-column elementor-col-100 elementor-top-column elementor-element elementor-element-67ec5bc\" data-id=\"67ec5bc\" data-element_type=\"column\">\n\t\t\t<div class=\"elementor-widget-wrap elementor-element-populated\">\n\t\t\t\t\t\t\t\t<div class=\"elementor-element elementor-element-3a60f30 elementor-widget elementor-widget-text-editor\" data-id=\"3a60f30\" data-element_type=\"widget\" data-widget_type=\"text-editor.default\">\n\t\t\t\t<div class=\"elementor-widget-container\">\n\t\t\t<style>\/*! elementor - v3.6.2 - 04-04-2022 *\/\n.elementor-widget-text-editor.elementor-drop-cap-view-stacked .elementor-drop-cap{background-color:#818a91;color:#fff}.elementor-widget-text-editor.elementor-drop-cap-view-framed .elementor-drop-cap{color:#818a91;border:3px solid;background-color:transparent}.elementor-widget-text-editor:not(.elementor-drop-cap-view-default) .elementor-drop-cap{margin-top:8px}.elementor-widget-text-editor:not(.elementor-drop-cap-view-default) .elementor-drop-cap-letter{width:1em;height:1em}.elementor-widget-text-editor .elementor-drop-cap{float:left;text-align:center;line-height:1;font-size:50px}.elementor-widget-text-editor .elementor-drop-cap-letter{display:inline-block}<\/style>\t\t\t\t<p style=\"text-align: center;\"><span style=\"color: #ff0000;\"><strong>\u00deessi s\u00ed\u00f0a er enn \u00ed \u00fer\u00f3un. Br\u00e1\u00f0um munum vi\u00f0 uppf\u00e6ra meira<\/strong><b>\u00a0uppl\u00fdsingar.<\/b><\/span><\/p><p style=\"text-align: center;\"><span style=\"color: #ff0000;\"><strong>H\u00e9r a\u00f0 ne\u00f0an g\u00e6tir\u00f0u fundi\u00f0 uppl\u00fdsingar sem \u00feegar eru tilt\u00e6kar.<\/strong><\/span><\/p>\t\t\t\t\t\t<\/div>\n\t\t\t\t<\/div>\n\t\t\t\t<div class=\"elementor-element elementor-element-9c2b086 elementor-widget elementor-widget-text-editor\" data-id=\"9c2b086\" data-element_type=\"widget\" data-widget_type=\"text-editor.default\">\n\t\t\t\t<div class=\"elementor-widget-container\">\n\t\t\t\t\t\t\t<p><a href=\"https:\/\/workaddiction.org\/is_is\/macro\/\">R\u00edkisstj\u00f3rnir og al\u00fej\u00f3\u00f0legar stofnanir<\/a>\u00a0g\u00e6ti \u00edhuga\u00f0 nokkrar r\u00e1\u00f0leggingar til a\u00f0 draga \u00far fj\u00f6lda vinnuf\u00edknar. \u00deetta er mj\u00f6g r\u00e9ttl\u00e6tanlegt \u00fear sem vinnuf\u00edkn er tilt\u00f6lulega algeng \u00ed flestum l\u00f6ndum og umfang vandans krefst kerfisbundinna og kerfisbundinna forvarna og lausna. Einnig eru \u00feetta oftast\u00a0<a href=\"https:\/\/www.who.int\/teams\/mental-health-and-substance-use\/promotion-prevention\/mental-health-in-the-workplace\">s\u00f6mu r\u00e1\u00f0leggingar sem myndu l\u00edklega draga \u00far \u00f6\u00f0rum heilsufarsvandam\u00e1lum og tengdum f\u00e9lagslegum og efnahagslegum kostna\u00f0i<\/a>\u00a0vegna vaxandi \u201efaraldurs\u201c af\u00a0<a href=\"https:\/\/www.who.int\/news\/item\/28-05-2019-burn-out-an-occupational-phenomenon-international-classification-of-diseases\">vinnutengd streitutengd vandam\u00e1l eins og kulnun\u00a0<\/a>og vinnutengt \u00feunglyndi.<\/p>\t\t\t\t\t\t<\/div>\n\t\t\t\t<\/div>\n\t\t\t\t\t<\/div>\n\t\t<\/div>\n\t\t\t\t\t\t\t<\/div>\n\t\t<\/section>\n\t\t\t\t<section class=\"elementor-section elementor-top-section elementor-element elementor-element-1fa5eb0 elementor-section-boxed elementor-section-height-default elementor-section-height-default\" data-id=\"1fa5eb0\" data-element_type=\"section\">\n\t\t\t\t\t\t<div class=\"elementor-container elementor-column-gap-default\">\n\t\t\t\t\t<div class=\"elementor-column elementor-col-100 elementor-top-column elementor-element elementor-element-f67f581\" data-id=\"f67f581\" data-element_type=\"column\">\n\t\t\t<div class=\"elementor-widget-wrap elementor-element-populated\">\n\t\t\t\t\t\t\t\t<div class=\"elementor-element elementor-element-6f1b530 elementor-widget elementor-widget-text-editor\" data-id=\"6f1b530\" data-element_type=\"widget\" data-widget_type=\"text-editor.default\">\n\t\t\t\t<div class=\"elementor-widget-container\">\n\t\t\t\t\t\t\t<p style=\"text-align: center;\"><strong>B\u00c6TTA ST\u00d6\u00d0UGLEIKI A\u00d0 ST\u00d6\u00d0UGLEGA<\/strong><\/p>\n<p>Atvinnuleysi og \u00f3st\u00f6\u00f0ugleiki \u00ed starfi tengist ska\u00f0legum f\u00e9lagslegum og s\u00e1lr\u00e6num aflei\u00f0ingum, svo sem \u00feunglyndi og sj\u00e1lfsv\u00edgum. Jafnframt auka \u00fe\u00e6r \u00e1 ofvinnu og tilheyrandi neikv\u00e6\u00f0um fyrirb\u00e6rum hj\u00e1 \u00feeim sem eru starfandi. Til d\u00e6mis lei\u00f0ir efnahagskreppan ekki a\u00f0eins til sj\u00e1lfsv\u00edga me\u00f0al \u00feeirra sem eiga \u00ed erfi\u00f0leikum me\u00f0 a\u00f0 finna vinnu heldur einnig me\u00f0al \u00feeirra sem gera sitt besta til a\u00f0 halda henni. B\u00e6\u00f0i&nbsp;<a href=\"https:\/\/jech.bmj.com\/content\/64\/8\/649.short\" target=\"_blank\">dau\u00f0i vegna of mikillar vinnu (karoshi) og sj\u00e1lfsv\u00edga vegna of mikillar vinnu (karojisatsu) aukast \u00ed efnahagserfi\u00f0leikum<\/a>.<\/p>\t\t\t\t\t\t<\/div>\n\t\t\t\t<\/div>\n\t\t\t\t\t<\/div>\n\t\t<\/div>\n\t\t\t\t\t\t\t<\/div>\n\t\t<\/section>\n\t\t\t\t<section class=\"elementor-section elementor-top-section elementor-element elementor-element-385b3c2 elementor-section-boxed elementor-section-height-default elementor-section-height-default\" data-id=\"385b3c2\" data-element_type=\"section\">\n\t\t\t\t\t\t<div class=\"elementor-container elementor-column-gap-default\">\n\t\t\t\t\t<div class=\"elementor-column elementor-col-100 elementor-top-column elementor-element elementor-element-22f8064\" data-id=\"22f8064\" data-element_type=\"column\">\n\t\t\t<div class=\"elementor-widget-wrap elementor-element-populated\">\n\t\t\t\t\t\t\t\t<div class=\"elementor-element elementor-element-40e88cb elementor-widget elementor-widget-text-editor\" data-id=\"40e88cb\" data-element_type=\"widget\" data-widget_type=\"text-editor.default\">\n\t\t\t\t<div class=\"elementor-widget-container\">\n\t\t\t\t\t\t\t<p style=\"text-align: center;\"><strong>B\u00c6TT F\u00c9LAGSM\u00c1L<\/strong><\/p>\t\t\t\t\t\t<\/div>\n\t\t\t\t<\/div>\n\t\t\t\t\t<\/div>\n\t\t<\/div>\n\t\t\t\t\t\t\t<\/div>\n\t\t<\/section>\n\t\t\t\t\t\t\t<\/div>","protected":false},"excerpt":{"rendered":"<p>Fj\u00f6lvastig: Stj\u00f3rnv\u00f6ld og heilbrig\u00f0isstofnanir \u00deessi s\u00ed\u00f0a er enn \u00ed \u00fer\u00f3un. Br\u00e1\u00f0um munum vi\u00f0 uppf\u00e6ra frekari uppl\u00fdsingar. H\u00e9r a\u00f0 ne\u00f0an g\u00e6tir\u00f0u fundi\u00f0 uppl\u00fdsingar sem \u00feegar eru tilt\u00e6kar. R\u00edkisstj\u00f3rnir og al\u00fej\u00f3\u00f0legar stofnanir kunna a\u00f0 \u00edhuga nokkrar r\u00e1\u00f0leggingar til a\u00f0 draga \u00far fj\u00f6lda vinnuf\u00edknar. \u00deetta er mj\u00f6g r\u00e9ttl\u00e6tanlegt \u00fear sem vinnuf\u00edkn er tilt\u00f6lulega algeng \u00ed flestum l\u00f6ndum, ...<\/p>\n<p class=\"read-more\"> <a class=\"\" href=\"https:\/\/workaddiction.org\/is_is\/macro\/\"> <span class=\"screen-reader-text\">Fj\u00f6lvi<\/span> Lestu meira &quot;<\/a><\/p>","protected":false},"author":1,"featured_media":0,"parent":0,"menu_order":0,"comment_status":"closed","ping_status":"closed","template":"","meta":{"site-sidebar-layout":"no-sidebar","site-content-layout":"page-builder","ast-main-header-display":"","ast-hfb-above-header-display":"","ast-hfb-below-header-display":"","ast-hfb-mobile-header-display":"","site-post-title":"disabled","ast-breadcrumbs-content":"","ast-featured-img":"disabled","footer-sml-layout":"","theme-transparent-header-meta":"","adv-header-id-meta":"","stick-header-meta":"","header-above-stick-meta":"","header-main-stick-meta":"","header-below-stick-meta":""},"_links":{"self":[{"href":"https:\/\/workaddiction.org\/is_is\/wp-json\/wp\/v2\/pages\/1124"}],"collection":[{"href":"https:\/\/workaddiction.org\/is_is\/wp-json\/wp\/v2\/pages"}],"about":[{"href":"https:\/\/workaddiction.org\/is_is\/wp-json\/wp\/v2\/types\/page"}],"author":[{"embeddable":true,"href":"https:\/\/workaddiction.org\/is_is\/wp-json\/wp\/v2\/users\/1"}],"replies":[{"embeddable":true,"href":"https:\/\/workaddiction.org\/is_is\/wp-json\/wp\/v2\/comments?post=1124"}],"version-history":[{"count":26,"href":"https:\/\/workaddiction.org\/is_is\/wp-json\/wp\/v2\/pages\/1124\/revisions"}],"predecessor-version":[{"id":3692,"href":"https:\/\/workaddiction.org\/is_is\/wp-json\/wp\/v2\/pages\/1124\/revisions\/3692"}],"wp:attachment":[{"href":"https:\/\/workaddiction.org\/is_is\/wp-json\/wp\/v2\/media?parent=1124"}],"curies":[{"name":"wp","href":"https:\/\/api.w.org\/{rel}","templated":true}]}}