{"id":5562,"date":"2024-12-06T13:10:24","date_gmt":"2024-12-06T13:10:24","guid":{"rendered":"https:\/\/workaddiction.org\/?page_id=5562"},"modified":"2024-12-19T13:52:44","modified_gmt":"2024-12-19T13:52:44","slug":"eawop-small-group-meeting","status":"publish","type":"page","link":"https:\/\/workaddiction.org\/is_is\/news\/eawop-small-group-meeting\/","title":{"rendered":"EAWOP sm\u00e1h\u00f3pafundur"},"content":{"rendered":"<div data-elementor-type=\"wp-page\" data-elementor-id=\"5562\" class=\"elementor elementor-5562\">\n\t\t\t\t\t\t\t\t\t<section class=\"elementor-section elementor-top-section elementor-element elementor-element-520fdec elementor-section-boxed elementor-section-height-default elementor-section-height-default\" data-id=\"520fdec\" data-element_type=\"section\">\n\t\t\t\t\t\t<div class=\"elementor-container elementor-column-gap-default\">\n\t\t\t\t\t<div class=\"elementor-column elementor-col-100 elementor-top-column elementor-element elementor-element-e753fd8\" data-id=\"e753fd8\" data-element_type=\"column\">\n\t\t\t<div class=\"elementor-widget-wrap elementor-element-populated\">\n\t\t\t\t\t\t\t\t<div class=\"elementor-element elementor-element-062e0da elementor-widget elementor-widget-heading\" data-id=\"062e0da\" data-element_type=\"widget\" data-widget_type=\"heading.default\">\n\t\t\t\t<div class=\"elementor-widget-container\">\n\t\t\t<style>\/*! elementor - v3.6.2 - 04-04-2022 *\/\n.elementor-heading-title{padding:0;margin:0;line-height:1}.elementor-widget-heading .elementor-heading-title[class*=elementor-size-]>a{color:inherit;font-size:inherit;line-height:inherit}.elementor-widget-heading .elementor-heading-title.elementor-size-small{font-size:15px}.elementor-widget-heading .elementor-heading-title.elementor-size-medium{font-size:19px}.elementor-widget-heading .elementor-heading-title.elementor-size-large{font-size:29px}.elementor-widget-heading .elementor-heading-title.elementor-size-xl{font-size:39px}.elementor-widget-heading .elementor-heading-title.elementor-size-xxl{font-size:59px}<\/style><h2 class=\"elementor-heading-title elementor-size-default\">Vinnuf\u00edkn<\/h2>\t\t<\/div>\n\t\t\t\t<\/div>\n\t\t\t\t<div class=\"elementor-element elementor-element-e8fbe0b elementor-widget elementor-widget-heading\" data-id=\"e8fbe0b\" data-element_type=\"widget\" data-widget_type=\"heading.default\">\n\t\t\t\t<div class=\"elementor-widget-container\">\n\t\t\t<h2 class=\"elementor-heading-title elementor-size-medium\">\u201eA\u00f0 efla ranns\u00f3knir \u00e1 vinnuf\u00edkni: A\u00f0 setja grunninn fyrir forvarnir \u00ed stofnunum\u201c<\/h2>\t\t<\/div>\n\t\t\t\t<\/div>\n\t\t\t\t<div class=\"elementor-element elementor-element-bee7dc3 elementor-widget elementor-widget-heading\" data-id=\"bee7dc3\" data-element_type=\"widget\" data-widget_type=\"heading.default\">\n\t\t\t\t<div class=\"elementor-widget-container\">\n\t\t\t<h2 class=\"elementor-heading-title elementor-size-large\">Sm\u00e1h\u00f3pafundur<\/h2>\t\t<\/div>\n\t\t\t\t<\/div>\n\t\t\t\t<div class=\"elementor-element elementor-element-70b2021 elementor-widget elementor-widget-heading\" data-id=\"70b2021\" data-element_type=\"widget\" data-widget_type=\"heading.default\">\n\t\t\t\t<div class=\"elementor-widget-container\">\n\t\t\t<h2 class=\"elementor-heading-title elementor-size-medium\">Evr\u00f3pusamt\u00f6k vinnu- og skipulagss\u00e1lfr\u00e6\u00f0i<\/h2>\t\t<\/div>\n\t\t\t\t<\/div>\n\t\t\t\t<div class=\"elementor-element elementor-element-7919d23 elementor-widget elementor-widget-heading\" data-id=\"7919d23\" data-element_type=\"widget\" data-widget_type=\"heading.default\">\n\t\t\t\t<div class=\"elementor-widget-container\">\n\t\t\t<h2 class=\"elementor-heading-title elementor-size-medium\">25.-26. september 2025<\/h2>\t\t<\/div>\n\t\t\t\t<\/div>\n\t\t\t\t<div class=\"elementor-element elementor-element-f469139 elementor-widget elementor-widget-heading\" data-id=\"f469139\" data-element_type=\"widget\" data-widget_type=\"heading.default\">\n\t\t\t\t<div class=\"elementor-widget-container\">\n\t\t\t<h2 class=\"elementor-heading-title elementor-size-large\">H\u00e1sk\u00f3linn \u00ed Gda\u0144sk, P\u00f3llandi<\/h2>\t\t<\/div>\n\t\t\t\t<\/div>\n\t\t\t\t<div class=\"elementor-element elementor-element-1868839 elementor-widget elementor-widget-heading\" data-id=\"1868839\" data-element_type=\"widget\" data-widget_type=\"heading.default\">\n\t\t\t\t<div class=\"elementor-widget-container\">\n\t\t\t<h2 class=\"elementor-heading-title elementor-size-medium\">Skilafrestur \u00e1grips: 15. mars 2025<\/h2>\t\t<\/div>\n\t\t\t\t<\/div>\n\t\t\t\t<div class=\"elementor-element elementor-element-141e0e4 elementor-widget elementor-widget-heading\" data-id=\"141e0e4\" data-element_type=\"widget\" data-widget_type=\"heading.default\">\n\t\t\t\t<div class=\"elementor-widget-container\">\n\t\t\t<h2 class=\"elementor-heading-title elementor-size-default\">Skipuleggjendur<\/h2>\t\t<\/div>\n\t\t\t\t<\/div>\n\t\t\t\t\t<\/div>\n\t\t<\/div>\n\t\t\t\t\t\t\t<\/div>\n\t\t<\/section>\n\t\t\t\t<section class=\"elementor-section elementor-top-section elementor-element elementor-element-b9f46bd elementor-section-boxed elementor-section-height-default elementor-section-height-default\" data-id=\"b9f46bd\" data-element_type=\"section\">\n\t\t\t\t\t\t<div class=\"elementor-container elementor-column-gap-default\">\n\t\t\t\t\t<div class=\"elementor-column elementor-col-20 elementor-top-column elementor-element elementor-element-64490de\" data-id=\"64490de\" data-element_type=\"column\">\n\t\t\t<div class=\"elementor-widget-wrap elementor-element-populated\">\n\t\t\t\t\t\t\t\t<div class=\"elementor-element elementor-element-49f0c29 elementor-widget elementor-widget-image\" data-id=\"49f0c29\" data-element_type=\"widget\" data-widget_type=\"image.default\">\n\t\t\t\t<div class=\"elementor-widget-container\">\n\t\t\t<style>\/*! elementor - v3.6.2 - 04-04-2022 *\/\n.elementor-widget-image{text-align:center}.elementor-widget-image a{display:inline-block}.elementor-widget-image a img[src$=\".svg\"]{width:48px}.elementor-widget-image img{vertical-align:middle;display:inline-block}<\/style>\t\t\t\t\t\t\t\t\t\t\t\t<img src=\"https:\/\/workaddiction.org\/wp-content\/uploads\/2024\/12\/Atroszko_2.jpg\" title=\"Atroszko_2\" alt=\"Atroszko_2\" \/>\t\t\t\t\t\t\t\t\t\t\t\t\t\t\t<\/div>\n\t\t\t\t<\/div>\n\t\t\t\t<div class=\"elementor-element elementor-element-f203c1b elementor-widget elementor-widget-heading\" data-id=\"f203c1b\" data-element_type=\"widget\" data-widget_type=\"heading.default\">\n\t\t\t\t<div class=\"elementor-widget-container\">\n\t\t\t<h6 class=\"elementor-heading-title elementor-size-default\">Pawe\u0142 Atroszko, Ph.D.<\/h6>\t\t<\/div>\n\t\t\t\t<\/div>\n\t\t\t\t\t<\/div>\n\t\t<\/div>\n\t\t\t\t<div class=\"elementor-column elementor-col-20 elementor-top-column elementor-element elementor-element-0e2b5ba\" data-id=\"0e2b5ba\" data-element_type=\"column\">\n\t\t\t<div class=\"elementor-widget-wrap elementor-element-populated\">\n\t\t\t\t\t\t\t\t<div class=\"elementor-element elementor-element-a61e7c6 elementor-widget elementor-widget-image\" data-id=\"a61e7c6\" data-element_type=\"widget\" data-widget_type=\"image.default\">\n\t\t\t\t<div class=\"elementor-widget-container\">\n\t\t\t\t\t\t\t\t\t\t\t\t\t\t\t<img src=\"https:\/\/workaddiction.org\/wp-content\/uploads\/2022\/09\/WIN_20190807_17_30_49_Pro_usata.jpg\" title=\"WIN_20190807_17_30_49_Pro_usata\" alt=\"WIN_20190807_17_30_49_Pro_usata\" \/>\t\t\t\t\t\t\t\t\t\t\t\t\t\t\t<\/div>\n\t\t\t\t<\/div>\n\t\t\t\t<div class=\"elementor-element elementor-element-1b47a00 elementor-widget elementor-widget-heading\" data-id=\"1b47a00\" data-element_type=\"widget\" data-widget_type=\"heading.default\">\n\t\t\t\t<div class=\"elementor-widget-container\">\n\t\t\t<h6 class=\"elementor-heading-title elementor-size-default\">Cristian Balducci, Ph.D.\n<\/h6>\t\t<\/div>\n\t\t\t\t<\/div>\n\t\t\t\t\t<\/div>\n\t\t<\/div>\n\t\t\t\t<div class=\"elementor-column elementor-col-20 elementor-top-column elementor-element elementor-element-fd68672\" data-id=\"fd68672\" data-element_type=\"column\">\n\t\t\t<div class=\"elementor-widget-wrap elementor-element-populated\">\n\t\t\t\t\t\t\t\t<div class=\"elementor-element elementor-element-62986e3 elementor-widget elementor-widget-image\" data-id=\"62986e3\" data-element_type=\"widget\" data-widget_type=\"image.default\">\n\t\t\t\t<div class=\"elementor-widget-container\">\n\t\t\t\t\t\t\t\t\t\t\t\t\t\t\t<img src=\"https:\/\/workaddiction.org\/wp-content\/uploads\/2024\/12\/lq_zoom.png\" title=\"lq_zoom\" alt=\"lq_zoom\" \/>\t\t\t\t\t\t\t\t\t\t\t\t\t\t\t<\/div>\n\t\t\t\t<\/div>\n\t\t\t\t<div class=\"elementor-element elementor-element-f884fef elementor-widget elementor-widget-heading\" data-id=\"f884fef\" data-element_type=\"widget\" data-widget_type=\"heading.default\">\n\t\t\t\t<div class=\"elementor-widget-container\">\n\t\t\t<h6 class=\"elementor-heading-title elementor-size-default\">Luca Menghini, Ph.D.<\/h6>\t\t<\/div>\n\t\t\t\t<\/div>\n\t\t\t\t\t<\/div>\n\t\t<\/div>\n\t\t\t\t<div class=\"elementor-column elementor-col-20 elementor-top-column elementor-element elementor-element-74d39b0\" data-id=\"74d39b0\" data-element_type=\"column\">\n\t\t\t<div class=\"elementor-widget-wrap elementor-element-populated\">\n\t\t\t\t\t\t\t\t<div class=\"elementor-element elementor-element-fdfac5c elementor-widget elementor-widget-image\" data-id=\"fdfac5c\" data-element_type=\"widget\" data-widget_type=\"image.default\">\n\t\t\t\t<div class=\"elementor-widget-container\">\n\t\t\t\t\t\t\t\t\t\t\t\t\t\t\t<img src=\"https:\/\/workaddiction.org\/wp-content\/uploads\/2022\/08\/Edyta-Charzynska1-1-e1659706395830.jpg\" title=\"Edyta Charzy\u0144ska(1)\" alt=\"Edyta Charzy\u0144ska(1)\" \/>\t\t\t\t\t\t\t\t\t\t\t\t\t\t\t<\/div>\n\t\t\t\t<\/div>\n\t\t\t\t<div class=\"elementor-element elementor-element-cd81b65 elementor-widget elementor-widget-heading\" data-id=\"cd81b65\" data-element_type=\"widget\" data-widget_type=\"heading.default\">\n\t\t\t\t<div class=\"elementor-widget-container\">\n\t\t\t<h6 class=\"elementor-heading-title elementor-size-default\">Edyta Charzy\u0144ska, Ph.D.<\/h6>\t\t<\/div>\n\t\t\t\t<\/div>\n\t\t\t\t\t<\/div>\n\t\t<\/div>\n\t\t\t\t<div class=\"elementor-column elementor-col-20 elementor-top-column elementor-element elementor-element-577269b\" data-id=\"577269b\" data-element_type=\"column\">\n\t\t\t<div class=\"elementor-widget-wrap elementor-element-populated\">\n\t\t\t\t\t\t\t\t<div class=\"elementor-element elementor-element-4cecb58 elementor-widget elementor-widget-image\" data-id=\"4cecb58\" data-element_type=\"widget\" data-widget_type=\"image.default\">\n\t\t\t\t<div class=\"elementor-widget-container\">\n\t\t\t\t\t\t\t\t\t\t\t\t\t\t\t<img src=\"https:\/\/workaddiction.org\/wp-content\/uploads\/2022\/10\/IMG-7371-min-scaled.jpg\" title=\"IMG-7371-m\u00edn\" alt=\"IMG-7371-min\" \/>\t\t\t\t\t\t\t\t\t\t\t\t\t\t\t<\/div>\n\t\t\t\t<\/div>\n\t\t\t\t<div class=\"elementor-element elementor-element-b623d87 elementor-widget elementor-widget-heading\" data-id=\"b623d87\" data-element_type=\"widget\" data-widget_type=\"heading.default\">\n\t\t\t\t<div class=\"elementor-widget-container\">\n\t\t\t<h6 class=\"elementor-heading-title elementor-size-default\">Paoli Spagnoli, Ph.D.<\/h6>\t\t<\/div>\n\t\t\t\t<\/div>\n\t\t\t\t\t<\/div>\n\t\t<\/div>\n\t\t\t\t\t\t\t<\/div>\n\t\t<\/section>\n\t\t\t\t<section class=\"elementor-section elementor-top-section elementor-element elementor-element-94079e4 elementor-section-boxed elementor-section-height-default elementor-section-height-default\" data-id=\"94079e4\" data-element_type=\"section\">\n\t\t\t\t\t\t<div class=\"elementor-container elementor-column-gap-default\">\n\t\t\t\t\t<div class=\"elementor-column elementor-col-50 elementor-top-column elementor-element elementor-element-bd97ef1\" data-id=\"bd97ef1\" data-element_type=\"column\">\n\t\t\t<div class=\"elementor-widget-wrap elementor-element-populated\">\n\t\t\t\t\t\t\t\t<div class=\"elementor-element elementor-element-75185ee elementor-widget elementor-widget-heading\" data-id=\"75185ee\" data-element_type=\"widget\" data-widget_type=\"heading.default\">\n\t\t\t\t<div class=\"elementor-widget-container\">\n\t\t\t<h2 class=\"elementor-heading-title elementor-size-default\">A\u00f0alfyrirlesari<\/h2>\t\t<\/div>\n\t\t\t\t<\/div>\n\t\t\t\t<div class=\"elementor-element elementor-element-3d7aa10 elementor-widget elementor-widget-text-editor\" data-id=\"3d7aa10\" data-element_type=\"widget\" data-widget_type=\"text-editor.default\">\n\t\t\t\t<div class=\"elementor-widget-container\">\n\t\t\t<style>\/*! elementor - v3.6.2 - 04-04-2022 *\/\n.elementor-widget-text-editor.elementor-drop-cap-view-stacked .elementor-drop-cap{background-color:#818a91;color:#fff}.elementor-widget-text-editor.elementor-drop-cap-view-framed .elementor-drop-cap{color:#818a91;border:3px solid;background-color:transparent}.elementor-widget-text-editor:not(.elementor-drop-cap-view-default) .elementor-drop-cap{margin-top:8px}.elementor-widget-text-editor:not(.elementor-drop-cap-view-default) .elementor-drop-cap-letter{width:1em;height:1em}.elementor-widget-text-editor .elementor-drop-cap{float:left;text-align:center;line-height:1;font-size:50px}.elementor-widget-text-editor .elementor-drop-cap-letter{display:inline-block}<\/style>\t\t\t\t<div class=\"elementor-element elementor-element-e9622e9 elementor-widget elementor-widget-heading\" style=\"flex-direction: var(--flex-direction); flex-wrap: var(--flex-wrap); -webkit-box-pack: var(--justify-content); justify-content: var(--justify-content); -webkit-box-align: var(--align-items); align-items: var(--align-items); align-content: var(--align-content); gap: var(--gap); flex-basis: var(--flex-basis); -webkit-box-flex: var(--flex-grow); flex-grow: var(--flex-grow); flex-shrink: var(--flex-shrink); -webkit-box-ordinal-group: var(--order); order: var(--order); align-self: var(--align-self); --widgets-spacing: 20px; width: 540px; text-align: center;\" data-id=\"e9622e9\" data-element_type=\"widget\" data-widget_type=\"heading.default\"><div class=\"elementor-widget-container\"><h3 class=\"elementor-heading-title elementor-size-default\" style=\"font-size: 1.76471rem; font-family: Arial, sans-serif; -webkit-text-stroke-color: #000000; stroke: #000000;\">Arnold Bakker, Ph.D.<\/h3><\/div><\/div><div class=\"elementor-element elementor-element-49c811c elementor-widget elementor-widget-text-editor\" style=\"flex-direction: var(--flex-direction); flex-wrap: var(--flex-wrap); -webkit-box-pack: var(--justify-content); justify-content: var(--justify-content); -webkit-box-align: var(--align-items); align-items: var(--align-items); align-content: var(--align-content); gap: var(--gap); flex-basis: var(--flex-basis); -webkit-box-flex: var(--flex-grow); flex-grow: var(--flex-grow); flex-shrink: var(--flex-shrink); -webkit-box-ordinal-group: var(--order); order: var(--order); align-self: var(--align-self); --widgets-spacing: 20px; width: 540px;\" data-id=\"49c811c\" data-element_type=\"widget\" data-widget_type=\"text-editor.default\"><div class=\"elementor-widget-container\"><div style=\"text-align: center;\"><span style=\"background-color: var(--ast-global-color-5); color: var(--ast-global-color-3); font-size: 1rem;\"><span style=\"font-weight: bold;\">Pr\u00f3fessor \u00ed vinnu- og skipulagss\u00e1lfr\u00e6\u00f0i<\/span><\/span><\/div><div style=\"text-align: center;\"><span style=\"background-color: var(--ast-global-color-5); color: var(--ast-global-color-3); font-size: 1rem;\">\u00a0<\/span><\/div><div style=\"text-align: center;\">Erasmus h\u00e1sk\u00f3linn \u00ed Rotterdam<\/div><div style=\"text-align: center;\">\u00a0<\/div><div style=\"text-align: center;\"><span style=\"font-weight: bold;\">Hollandi<\/span><\/div><\/div><\/div>\t\t\t\t\t\t<\/div>\n\t\t\t\t<\/div>\n\t\t\t\t\t<\/div>\n\t\t<\/div>\n\t\t\t\t<div class=\"elementor-column elementor-col-50 elementor-top-column elementor-element elementor-element-24df541\" data-id=\"24df541\" data-element_type=\"column\">\n\t\t\t<div class=\"elementor-widget-wrap elementor-element-populated\">\n\t\t\t\t\t\t\t\t<div class=\"elementor-element elementor-element-5ed39fd elementor-widget elementor-widget-image\" data-id=\"5ed39fd\" data-element_type=\"widget\" data-widget_type=\"image.default\">\n\t\t\t\t<div class=\"elementor-widget-container\">\n\t\t\t\t\t\t\t\t\t\t\t\t\t\t\t<img width=\"1024\" height=\"683\" src=\"https:\/\/workaddiction.org\/wp-content\/uploads\/2024\/02\/ArnoldBakker_2022_4-1024x683.jpg\" class=\"attachment-large size-large\" alt=\"\" loading=\"lazy\" srcset=\"https:\/\/workaddiction.org\/wp-content\/uploads\/2024\/02\/ArnoldBakker_2022_4-1024x683.jpg 1024w, https:\/\/workaddiction.org\/wp-content\/uploads\/2024\/02\/ArnoldBakker_2022_4-300x200.jpg 300w, https:\/\/workaddiction.org\/wp-content\/uploads\/2024\/02\/ArnoldBakker_2022_4-768x512.jpg 768w, https:\/\/workaddiction.org\/wp-content\/uploads\/2024\/02\/ArnoldBakker_2022_4-1536x1024.jpg 1536w, https:\/\/workaddiction.org\/wp-content\/uploads\/2024\/02\/ArnoldBakker_2022_4-2048x1365.jpg 2048w, https:\/\/workaddiction.org\/wp-content\/uploads\/2024\/02\/ArnoldBakker_2022_4-18x12.jpg 18w\" sizes=\"(max-width: 1024px) 100vw, 1024px\" \/>\t\t\t\t\t\t\t\t\t\t\t\t\t\t\t<\/div>\n\t\t\t\t<\/div>\n\t\t\t\t\t<\/div>\n\t\t<\/div>\n\t\t\t\t\t\t\t<\/div>\n\t\t<\/section>\n\t\t\t\t<section class=\"elementor-section elementor-top-section elementor-element elementor-element-f0a10c6 elementor-section-boxed elementor-section-height-default elementor-section-height-default\" data-id=\"f0a10c6\" data-element_type=\"section\">\n\t\t\t\t\t\t<div class=\"elementor-container elementor-column-gap-default\">\n\t\t\t\t\t<div class=\"elementor-column elementor-col-100 elementor-top-column elementor-element elementor-element-fa8fa2e\" data-id=\"fa8fa2e\" data-element_type=\"column\">\n\t\t\t<div class=\"elementor-widget-wrap elementor-element-populated\">\n\t\t\t\t\t\t\t\t<div class=\"elementor-element elementor-element-d43f101 elementor-widget elementor-widget-text-editor\" data-id=\"d43f101\" data-element_type=\"widget\" data-widget_type=\"text-editor.default\">\n\t\t\t\t<div class=\"elementor-widget-container\">\n\t\t\t\t\t\t\t<p><strong>\u00deema r\u00e1\u00f0stefnunnar<\/strong><\/p>\n<p>\u00c1 s\u00ed\u00f0ustu 20 \u00e1rum e\u00f0a svo, hefur vinnuf\u00edkn \u2013 \u00fea\u00f0 er \u00e1r\u00e1ttu ofvinnu e\u00f0a vinnuf\u00edkn \u2013 veri\u00f0 sta\u00f0fest sem umtalsvert einstaklings-, skipulags- og f\u00e9lagslegt vandam\u00e1l (td Taris &amp; de Jonge, 2024). \u00der\u00e1tt fyrir a\u00f0 fyrri ranns\u00f3knir hafi stu\u00f0la\u00f0 a\u00f0 betri skilningi \u00e1 fyrirb\u00e6rinu, trufla nokkrar ey\u00f0ur enn \u00fer\u00f3unina \u00ed \u00e1tt a\u00f0 markvissum forvarnara\u00f0ger\u00f0um. \u00cd fyrsta lagi eru upps\u00f6fnu\u00f0 s\u00f6nnunarg\u00f6gn enn a\u00f0 miklu leyti bygg\u00f0 \u00e1 eigindlegum athugunum og \u00feversni\u00f0sk\u00f6nnunum, sem takmarkar skilning okkar \u00e1 orsakatengslum milli vinnuf\u00edknar og skyldra fyrirb\u00e6ra \u00e1 sama t\u00edma og \u00fea\u00f0 dregur \u00far styrkleika og sannf\u00e6ringarkrafti ni\u00f0ursta\u00f0na sem komu fram. A\u00f0 auki eru a\u00f0eins nokkrar algengiranns\u00f3knir \u00e1 d\u00e6miger\u00f0um s\u00fdnum, sem \u00fe\u00fd\u00f0ir a\u00f0 vi\u00f0 vitum enn frekar l\u00edti\u00f0 um \u00fatbrei\u00f0slu fyrirb\u00e6risins almennt og \u00ed s\u00e9rst\u00f6ku menningarlegu samhengi, atvinnugreinum og starfsgreinum. \u00cd \u00feri\u00f0ja lagi er skortur \u00e1 ranns\u00f3knum \u00e1 breytanlegum skipulags\u00fe\u00e1ttum sem hafa \u00e1hrif \u00e1 \u00fer\u00f3un e\u00f0a styrkingu vinnuf\u00edknar og samspili \u00feeirra vi\u00f0 pers\u00f3nuleika starfsmanna og ge\u00f0heilbrig\u00f0isa\u00f0st\u00e6\u00f0ur. \u00cd fj\u00f3r\u00f0a lagi er skortur \u00e1 s\u00f6nnunarg\u00f6gnum um inngrip sem taka \u00e1 vinnuf\u00edkni, anna\u00f0hvort a\u00f0 taka upp a\u00f0al (skipulags) n\u00e1lgun e\u00f0a byggja \u00e1 \u00f6\u00f0ru forvarnarsj\u00f3narhorni (einstaklinga).<\/p>\n<p>Til a\u00f0 breg\u00f0ast vi\u00f0 \u00feessum g\u00f6llum er fyrsti EAWOP Small Group Meeting (SGM) um vinnuf\u00edkn safna\u00f0 saman (a) framl\u00f6gum sem innlei\u00f0a \u00f6fluga ranns\u00f3knarh\u00f6nnun, svo sem (en ekki takmarka\u00f0 vi\u00f0) fj\u00f6lbylgju- og dagb\u00f3karranns\u00f3knir \u00fear sem sj\u00f3narhorni\u00f0 er innan einstaklings, einstaklings. -mi\u00f0a\u00f0ar ranns\u00f3knir og ranns\u00f3knir \u00fear sem notu\u00f0 eru fj\u00f6luppspretta g\u00f6gn; (b) ranns\u00f3knir \u00e1 skipulagslegum forsendum og fylgni vinnuf\u00edknar; (c) \u00feverfaglegar ranns\u00f3knir (td sam\u00fe\u00e6tta vinnu, skipulags- og kl\u00edn\u00edskar kenningar og a\u00f0fer\u00f0ir), og (d) \u00edhlutunarranns\u00f3knir \u00fear sem anna\u00f0hvort er a\u00f0al- e\u00f0a afleidd forvarnar\u00e1hersla, \u00fe.mt d\u00e6mis\u00f6gur me\u00f0 sj\u00f3narhorni i\u00f0kenda. Vi\u00f0b\u00f3tarranns\u00f3knir geta einnig komi\u00f0 til greina, s\u00e9rstaklega ef \u00fe\u00e6r nota \u00f6fluga ranns\u00f3knarh\u00f6nnun og leggja \u00e1herslu \u00e1 vanrannsaka\u00f0a fylgni vinnuf\u00edknar.<\/p>\n<p><strong>Fundarform<\/strong><\/p>\n<p>Sni\u00f0 \u00feessa EAWOP SGM er hanna\u00f0 til a\u00f0 stu\u00f0la a\u00f0 \u00edtarlegri umr\u00e6\u00f0u, uppbyggilegri endurgj\u00f6f og ranns\u00f3knarsamstarfi me\u00f0al \u00fe\u00e1tttakenda. Dagskr\u00e1in mun innihalda um \u00fea\u00f0 bil 16 munnleg erindi (flokku\u00f0 eftir undirvi\u00f0fangsefni og undir forystu undirvi\u00f0fangsefna) sem ver\u00f0a kynnt fyrir \u00f6llum \u00fe\u00e1tttakendum, auk veggspjaldas\u00fdningar \u00e1 st\u00f6\u00f0ugri s\u00fdningu. \u00dear a\u00f0 auki, <strong>Arnold Bakker pr\u00f3fessor<\/strong> <strong>mun opna SGM me\u00f0 a\u00f0alfyrirlestri<\/strong>, og fundinum l\u00fdkur me\u00f0 umr\u00e6\u00f0um \u00ed litlum h\u00f3pum um helstu h\u00e1punkta SGM, me\u00f0 \u00fea\u00f0 a\u00f0 markmi\u00f0i a\u00f0 m\u00f3ta lykilatri\u00f0i stefnuskr\u00e1r um vinnuf\u00edkn, einnig bygg\u00f0a \u00e1 inntaki fr\u00e1 bo\u00f0num hagsmunaa\u00f0ilum (td stj\u00f3rnendum fyrirt\u00e6kja, fulltr\u00faa verkal\u00fd\u00f0sf\u00e9laga, og s\u00e9rfr\u00e6\u00f0ingur \u00ed atferlisf\u00edkn). \u00dattak SGM, svo sem kynningar, veggspj\u00f6ld og stefnuskr\u00e1, ver\u00f0ur a\u00f0gengileg \u00ed gegnum <a href=\"https:\/\/workaddiction.org\/is_is\/\">https:\/\/workaddiction.org<\/a>&nbsp; vefs\u00ed\u00f0u.<\/p>\n<p>A\u00f0 auki felur SGM \u00ed s\u00e9r \u00fatg\u00e1fut\u00e6kif\u00e6ri, \u00fear sem vi\u00f0 \u00e6tlum a\u00f0 leggja til s\u00e9rstakt t\u00f6lubla\u00f0 fyrir \u00e1hrifamiki\u00f0 t\u00edmarit um hagn\u00fdtt s\u00e1lfr\u00e6\u00f0i eins og European Journal of Work og Organizational Psychology. Birt ver\u00f0ur \u00farval erinda sem flutt voru \u00e1 fundinum.<\/p>\n<p><strong>\u00de\u00e1ttt\u00f6kugjald<\/strong><\/p>\n<ul>\n<li>Venjulegt gjald: 120 EUR<\/li>\n<li>Nemendagjald (grunn- og doktorsnemar): 60 EUR<\/li>\n<\/ul>\n<p>Innifali\u00f0 \u00ed \u00fe\u00e1ttt\u00f6kugjaldi eru tveir r\u00e1\u00f0stefnukv\u00f6ldver\u00f0ir, tveir h\u00e1degisver\u00f0ir og allir kaffiveitingar. Gert er r\u00e1\u00f0 fyrir a\u00f0 \u00fe\u00e1tttakendur standi straum af fer\u00f0a- og gistikostna\u00f0i.<\/p>\n<p><strong>Skil \u00e1 \u00fatdr\u00e6tti<\/strong><\/p>\n<p>Ums\u00e6kjendur eru hvattir til a\u00f0 leggja fram \u00fatdr\u00e6tti s\u00edna bygg\u00f0a \u00e1 verkum \u00ed vinnslu e\u00f0a n\u00fdjum hugmyndum um \u00feema r\u00e1\u00f0stefnunnar. \u00c1grip \u00e6tti a\u00f0 l\u00fdsa markmi\u00f0um n\u00e1ms og mikilv\u00e6gi, a\u00f0fer\u00f0, ni\u00f0urst\u00f6\u00f0um og umr\u00e6\u00f0um (allt a\u00f0 300 or\u00f0) og innihalda fulla tengingu allra me\u00f0h\u00f6funda. H\u00f6fundur sem er vi\u00f0staddur \u00e6tti a\u00f0 tilgreina hvort hann e\u00f0a h\u00fan s\u00e9 n\u00faverandi EAWOP me\u00f0limur. \u00c1grip skal skila\u00f0 til <a href=\"mailto:luca.menghini@unipd.it\">luca.menghini@unipd.it<\/a> <strong>og<\/strong> <a href=\"mailto:pawel.atroszko@ug.edu.pl\">pawel.atroszko@ug.edu.pl<\/a> <strong>fyrir 15. mars 2025<\/strong>. \u00c1hugasamir fr\u00e6\u00f0imenn eru einnig hvattir til a\u00f0 hafa samband vi\u00f0 skipuleggjendur fyrirfram til a\u00f0 bi\u00f0ja um frekari uppl\u00fdsingar e\u00f0a r\u00e6\u00f0a hugsanlegar hugmyndir. Ums\u00e6kjendum ver\u00f0ur tilkynnt um sam\u00feykkt till\u00f6gu \u00feeirra fyrir kl <strong>15. apr\u00edl 2025<\/strong>. Uppl\u00fdsingar um skr\u00e1ningu ver\u00f0a veittar vi\u00f0 sam\u00feykkt till\u00f6gu \u00e1samt \u00e1bendingum um gistingu.<\/p>\t\t\t\t\t\t<\/div>\n\t\t\t\t<\/div>\n\t\t\t\t\t<\/div>\n\t\t<\/div>\n\t\t\t\t\t\t\t<\/div>\n\t\t<\/section>\n\t\t\t\t\t\t\t<\/div>","protected":false},"excerpt":{"rendered":"<p>Work Addiction &#8220;Advancing workaholism research: Setting the stage for organizational prevention&#8221; Small Group Meeting European Association of Work and Organizational Psychology September 25-26, 2025 University of Gda\u0144sk, Poland Abstract submission deadline: March 15, 2025 Organisers Pawe\u0142 Atroszko, Ph.D. Cristian Balducci, Ph.D. Luca Menghini, Ph.D. Edyta Charzy\u0144ska, Ph.D. Paoli Spagnoli, Ph.D. Keynote speaker Arnold Bakker, Ph.D. &hellip;<\/p>\n<p class=\"read-more\"> <a class=\"\" href=\"https:\/\/workaddiction.org\/is_is\/news\/eawop-small-group-meeting\/\"> <span class=\"screen-reader-text\">EAWOP sm\u00e1h\u00f3pafundur<\/span> Lestu meira &quot;<\/a><\/p>","protected":false},"author":1,"featured_media":0,"parent":1042,"menu_order":0,"comment_status":"closed","ping_status":"closed","template":"","meta":{"site-sidebar-layout":"no-sidebar","site-content-layout":"page-builder","ast-main-header-display":"","ast-hfb-above-header-display":"","ast-hfb-below-header-display":"","ast-hfb-mobile-header-display":"","site-post-title":"disabled","ast-breadcrumbs-content":"","ast-featured-img":"disabled","footer-sml-layout":"","theme-transparent-header-meta":"","adv-header-id-meta":"","stick-header-meta":"","header-above-stick-meta":"","header-main-stick-meta":"","header-below-stick-meta":""},"_links":{"self":[{"href":"https:\/\/workaddiction.org\/is_is\/wp-json\/wp\/v2\/pages\/5562"}],"collection":[{"href":"https:\/\/workaddiction.org\/is_is\/wp-json\/wp\/v2\/pages"}],"about":[{"href":"https:\/\/workaddiction.org\/is_is\/wp-json\/wp\/v2\/types\/page"}],"author":[{"embeddable":true,"href":"https:\/\/workaddiction.org\/is_is\/wp-json\/wp\/v2\/users\/1"}],"replies":[{"embeddable":true,"href":"https:\/\/workaddiction.org\/is_is\/wp-json\/wp\/v2\/comments?post=5562"}],"version-history":[{"count":47,"href":"https:\/\/workaddiction.org\/is_is\/wp-json\/wp\/v2\/pages\/5562\/revisions"}],"predecessor-version":[{"id":5614,"href":"https:\/\/workaddiction.org\/is_is\/wp-json\/wp\/v2\/pages\/5562\/revisions\/5614"}],"up":[{"embeddable":true,"href":"https:\/\/workaddiction.org\/is_is\/wp-json\/wp\/v2\/pages\/1042"}],"wp:attachment":[{"href":"https:\/\/workaddiction.org\/is_is\/wp-json\/wp\/v2\/media?parent=5562"}],"curies":[{"name":"wp","href":"https:\/\/api.w.org\/{rel}","templated":true}]}}