{"id":1844,"date":"2022-09-13T17:51:39","date_gmt":"2022-09-13T17:51:39","guid":{"rendered":"http:\/\/workaddiction.org\/?page_id=1844"},"modified":"2023-01-05T07:00:59","modified_gmt":"2023-01-05T07:00:59","slug":"denial","status":"publish","type":"page","link":"https:\/\/workaddiction.org\/it\/denial\/","title":{"rendered":"Rifiuto"},"content":{"rendered":"<div data-elementor-type=\"wp-page\" data-elementor-id=\"1844\" class=\"elementor elementor-1844\">\n\t\t\t\t\t\t\t\t\t<section class=\"elementor-section elementor-top-section elementor-element elementor-element-4309c8d elementor-section-boxed elementor-section-height-default elementor-section-height-default\" data-id=\"4309c8d\" data-element_type=\"section\">\n\t\t\t\t\t\t<div class=\"elementor-container elementor-column-gap-default\">\n\t\t\t\t\t<div class=\"elementor-column elementor-col-100 elementor-top-column elementor-element elementor-element-cbb7d1d\" data-id=\"cbb7d1d\" data-element_type=\"column\">\n\t\t\t<div class=\"elementor-widget-wrap elementor-element-populated\">\n\t\t\t\t\t\t\t\t<div class=\"elementor-element elementor-element-d0df48b elementor-widget elementor-widget-heading\" data-id=\"d0df48b\" data-element_type=\"widget\" data-widget_type=\"heading.default\">\n\t\t\t\t<div class=\"elementor-widget-container\">\n\t\t\t<style>\/*! elementor - v3.6.2 - 04-04-2022 *\/\n.elementor-heading-title{padding:0;margin:0;line-height:1}.elementor-widget-heading .elementor-heading-title[class*=elementor-size-]>a{color:inherit;font-size:inherit;line-height:inherit}.elementor-widget-heading .elementor-heading-title.elementor-size-small{font-size:15px}.elementor-widget-heading .elementor-heading-title.elementor-size-medium{font-size:19px}.elementor-widget-heading .elementor-heading-title.elementor-size-large{font-size:29px}.elementor-widget-heading .elementor-heading-title.elementor-size-xl{font-size:39px}.elementor-widget-heading .elementor-heading-title.elementor-size-xxl{font-size:59px}<\/style><h2 class=\"elementor-heading-title elementor-size-default\">Negazione del problema<\/h2>\t\t<\/div>\n\t\t\t\t<\/div>\n\t\t\t\t\t<\/div>\n\t\t<\/div>\n\t\t\t\t\t\t\t<\/div>\n\t\t<\/section>\n\t\t\t\t<section class=\"elementor-section elementor-top-section elementor-element elementor-element-ca24c97 elementor-section-boxed elementor-section-height-default elementor-section-height-default\" data-id=\"ca24c97\" data-element_type=\"section\">\n\t\t\t\t\t\t<div class=\"elementor-container elementor-column-gap-default\">\n\t\t\t\t\t<div class=\"elementor-column elementor-col-100 elementor-top-column elementor-element elementor-element-21f4f4a\" data-id=\"21f4f4a\" data-element_type=\"column\">\n\t\t\t<div class=\"elementor-widget-wrap elementor-element-populated\">\n\t\t\t\t\t\t\t\t<div class=\"elementor-element elementor-element-c084925 elementor-widget elementor-widget-text-editor\" data-id=\"c084925\" data-element_type=\"widget\" data-widget_type=\"text-editor.default\">\n\t\t\t\t<div class=\"elementor-widget-container\">\n\t\t\t<style>\/*! elementor - v3.6.2 - 04-04-2022 *\/\n.elementor-widget-text-editor.elementor-drop-cap-view-stacked .elementor-drop-cap{background-color:#818a91;color:#fff}.elementor-widget-text-editor.elementor-drop-cap-view-framed .elementor-drop-cap{color:#818a91;border:3px solid;background-color:transparent}.elementor-widget-text-editor:not(.elementor-drop-cap-view-default) .elementor-drop-cap{margin-top:8px}.elementor-widget-text-editor:not(.elementor-drop-cap-view-default) .elementor-drop-cap-letter{width:1em;height:1em}.elementor-widget-text-editor .elementor-drop-cap{float:left;text-align:center;line-height:1;font-size:50px}.elementor-widget-text-editor .elementor-drop-cap-letter{display:inline-block}<\/style>\t\t\t\t<p>Una delle sfide pi\u00f9 importanti legate al trattamento della dipendenza dal lavoro \u00e8 il rifiuto e la resistenza alla ricerca di un trattamento tra coloro che potrebbero averne bisogno. In generale,\u00a0<a href=\"https:\/\/www.ncbi.nlm.nih.gov\/pmc\/articles\/PMC2844118\/\" target=\"_blank\" rel=\"noopener\">la maggior parte delle persone dipendenti non riconosce il proprio problema o cerca aiuto<\/a>; tuttavia, \u00e8 stato affermato dai clinici che questo problema \u00e8 ancora pi\u00f9 pronunciato tra i dipendenti da lavoro poich\u00e9 il loro comportamento \u00e8 supportato dall&#039;alto valore attribuito al duro lavoro nelle societ\u00e0 industrializzate.\u00a0<\/p><p><a style=\"font-size: 1rem;\" href=\"https:\/\/www.researchgate.net\/profile\/Damiano-Girardi\/publication\/235919384_The_convergence_between_self_and_observer_ratings_of_workaholism_A_comparison_between_couples\/links\/00b4953ba965522d7a000000\/The-convergence-between-self-and-observer-ratings-of-workaholism-A-comparison-between-couples.pdf\" target=\"_blank\" rel=\"noopener\">Uno studio <\/a>il confronto delle percezioni tra le coppie ha mostrato che meno di 50% di individui identificati come dipendenti dal lavoro dai partner si autoidentificavano come dipendenti dal lavoro.<\/p><p>Un&#039;analisi quantitativa del contenuto della frequenza delle diverse fonti impiegate negli articoli sui quotidiani finlandesi, italiani e polacchi degli anni 1991, 1998 e 2011 ha mostrato che\u00a0<a href=\"https:\/\/journals.sagepub.com\/doi\/pdf\/10.1177\/1455072517753558\" target=\"_blank\" rel=\"noopener\">in media la dipendenza dal lavoro \u00e8 stata menzionata circa 12 volte meno spesso della dipendenza da alcol<\/a>. In media \u00e8 stato menzionato in 3.33% degli articoli rispetto a 39.9% di articoli che menzionano la dipendenza da alcol.<\/p><p><a style=\"font-size: 1rem;\" href=\"https:\/\/www.kbpn.gov.pl\/portal?id=15&amp;res_id=9249205\" target=\"_blank\" rel=\"noopener\">Studi su campioni rappresentativi a livello nazionale della popolazione generale in Polonia<\/a> ha dimostrato che la dipendenza dal lavoro \u00e8 considerata una dipendenza notevolmente meno grave e pericolosa rispetto all&#039;alcool, alla tossicodipendenza, al fumo di sigaretta o alla dipendenza dal gioco d&#039;azzardo. Ai partecipanti \u00e8 stato chiesto quali fossero le loro opinioni su particolari dipendenze. Li hanno valutati su una scala da 1 &quot;abitudine innocua&quot; a 10 &quot;dipendenza pericolosa per la vita&quot;. Il punteggio della dipendenza dal lavoro era in media di circa 6, mentre la dipendenza da alcol e droghe aveva punteggi medi superiori a 9. Tuttavia, si pu\u00f2 anche assorbire una chiara tendenza al lento crescente riconoscimento dei pericoli legati alla dipendenza dal lavoro. In ogni campione consecutivo la dipendenza dal lavoro \u00e8 stata valutata pi\u00f9 alta. Da 5,8 nel 2011, 6,0 nel 2015 a 6,2 nel 2019. Questa tendenza non era presente per altre dipendenze comportamentali come la dipendenza da Internet, dal gioco d&#039;azzardo o dallo shopping.<\/p>\t\t\t\t\t\t<\/div>\n\t\t\t\t<\/div>\n\t\t\t\t\t<\/div>\n\t\t<\/div>\n\t\t\t\t\t\t\t<\/div>\n\t\t<\/section>\n\t\t\t\t\t\t\t<\/div>","protected":false},"excerpt":{"rendered":"<p>Negazione del problema Una delle sfide pi\u00f9 importanti legate al trattamento della dipendenza dal lavoro \u00e8 la negazione e la resistenza alla ricerca di cure da parte di coloro che potrebbero averne bisogno. In generale, la maggior parte degli individui dipendenti non riconosce il proprio problema n\u00e9 cerca aiuto; tuttavia, i medici hanno sostenuto che questo...<\/p>\n<p class=\"read-more\"> <a class=\"\" href=\"https:\/\/workaddiction.org\/it\/denial\/\"> <span class=\"screen-reader-text\">Rifiuto<\/span> Leggi altro \u00bb<\/a><\/p>","protected":false},"author":1,"featured_media":0,"parent":0,"menu_order":0,"comment_status":"closed","ping_status":"closed","template":"","meta":{"site-sidebar-layout":"no-sidebar","site-content-layout":"page-builder","ast-main-header-display":"","ast-hfb-above-header-display":"","ast-hfb-below-header-display":"","ast-hfb-mobile-header-display":"","site-post-title":"disabled","ast-breadcrumbs-content":"","ast-featured-img":"disabled","footer-sml-layout":"","theme-transparent-header-meta":"","adv-header-id-meta":"","stick-header-meta":"","header-above-stick-meta":"","header-main-stick-meta":"","header-below-stick-meta":""},"_links":{"self":[{"href":"https:\/\/workaddiction.org\/it\/wp-json\/wp\/v2\/pages\/1844"}],"collection":[{"href":"https:\/\/workaddiction.org\/it\/wp-json\/wp\/v2\/pages"}],"about":[{"href":"https:\/\/workaddiction.org\/it\/wp-json\/wp\/v2\/types\/page"}],"author":[{"embeddable":true,"href":"https:\/\/workaddiction.org\/it\/wp-json\/wp\/v2\/users\/1"}],"replies":[{"embeddable":true,"href":"https:\/\/workaddiction.org\/it\/wp-json\/wp\/v2\/comments?post=1844"}],"version-history":[{"count":52,"href":"https:\/\/workaddiction.org\/it\/wp-json\/wp\/v2\/pages\/1844\/revisions"}],"predecessor-version":[{"id":4887,"href":"https:\/\/workaddiction.org\/it\/wp-json\/wp\/v2\/pages\/1844\/revisions\/4887"}],"wp:attachment":[{"href":"https:\/\/workaddiction.org\/it\/wp-json\/wp\/v2\/media?parent=1844"}],"curies":[{"name":"wp","href":"https:\/\/api.w.org\/{rel}","templated":true}]}}