{"id":1360,"date":"2022-04-20T09:44:49","date_gmt":"2022-04-20T09:44:49","guid":{"rendered":"http:\/\/workaddiction.org\/?page_id=1360"},"modified":"2023-01-19T07:16:16","modified_gmt":"2023-01-19T07:16:16","slug":"history","status":"publish","type":"page","link":"https:\/\/workaddiction.org\/lt\/history\/","title":{"rendered":"Istorija"},"content":{"rendered":"<div data-elementor-type=\"wp-page\" data-elementor-id=\"1360\" class=\"elementor elementor-1360\">\n\t\t\t\t\t\t\t\t\t<section class=\"elementor-section elementor-top-section elementor-element elementor-element-9b78341 elementor-section-boxed elementor-section-height-default elementor-section-height-default\" data-id=\"9b78341\" data-element_type=\"section\">\n\t\t\t\t\t\t<div class=\"elementor-container elementor-column-gap-default\">\n\t\t\t\t\t<div class=\"elementor-column elementor-col-100 elementor-top-column elementor-element elementor-element-2aca42a\" data-id=\"2aca42a\" data-element_type=\"column\">\n\t\t\t<div class=\"elementor-widget-wrap elementor-element-populated\">\n\t\t\t\t\t\t\t\t<div class=\"elementor-element elementor-element-4d5545f elementor-widget elementor-widget-text-editor\" data-id=\"4d5545f\" data-element_type=\"widget\" data-widget_type=\"text-editor.default\">\n\t\t\t\t<div class=\"elementor-widget-container\">\n\t\t\t<style>\/*! elementor - v3.6.2 - 04-04-2022 *\/\n.elementor-widget-text-editor.elementor-drop-cap-view-stacked .elementor-drop-cap{background-color:#818a91;color:#fff}.elementor-widget-text-editor.elementor-drop-cap-view-framed .elementor-drop-cap{color:#818a91;border:3px solid;background-color:transparent}.elementor-widget-text-editor:not(.elementor-drop-cap-view-default) .elementor-drop-cap{margin-top:8px}.elementor-widget-text-editor:not(.elementor-drop-cap-view-default) .elementor-drop-cap-letter{width:1em;height:1em}.elementor-widget-text-editor .elementor-drop-cap{float:left;text-align:center;line-height:1;font-size:50px}.elementor-widget-text-editor .elementor-drop-cap-letter{display:inline-block}<\/style>\t\t\t\t\t\t\t\t\t\t<\/div>\n\t\t\t\t<\/div>\n\t\t\t\t\t<\/div>\n\t\t<\/div>\n\t\t\t\t\t\t\t<\/div>\n\t\t<\/section>\n\t\t\t\t<section class=\"elementor-section elementor-top-section elementor-element elementor-element-f0797d8 elementor-section-boxed elementor-section-height-default elementor-section-height-default\" data-id=\"f0797d8\" data-element_type=\"section\">\n\t\t\t\t\t\t<div class=\"elementor-container elementor-column-gap-default\">\n\t\t\t\t\t<div class=\"elementor-column elementor-col-100 elementor-top-column elementor-element elementor-element-d9d3ae7\" data-id=\"d9d3ae7\" data-element_type=\"column\">\n\t\t\t<div class=\"elementor-widget-wrap elementor-element-populated\">\n\t\t\t\t\t\t\t\t<div class=\"elementor-element elementor-element-90bfad7 elementor-widget elementor-widget-heading\" data-id=\"90bfad7\" data-element_type=\"widget\" data-widget_type=\"heading.default\">\n\t\t\t\t<div class=\"elementor-widget-container\">\n\t\t\t<style>\/*! elementor - v3.6.2 - 04-04-2022 *\/\n.elementor-heading-title{padding:0;margin:0;line-height:1}.elementor-widget-heading .elementor-heading-title[class*=elementor-size-]>a{color:inherit;font-size:inherit;line-height:inherit}.elementor-widget-heading .elementor-heading-title.elementor-size-small{font-size:15px}.elementor-widget-heading .elementor-heading-title.elementor-size-medium{font-size:19px}.elementor-widget-heading .elementor-heading-title.elementor-size-large{font-size:29px}.elementor-widget-heading .elementor-heading-title.elementor-size-xl{font-size:39px}.elementor-widget-heading .elementor-heading-title.elementor-size-xxl{font-size:59px}<\/style><h2 class=\"elementor-heading-title elementor-size-default\">Istorija<\/h2>\t\t<\/div>\n\t\t\t\t<\/div>\n\t\t\t\t\t<\/div>\n\t\t<\/div>\n\t\t\t\t\t\t\t<\/div>\n\t\t<\/section>\n\t\t\t\t<section class=\"elementor-section elementor-top-section elementor-element elementor-element-6b780fd elementor-section-boxed elementor-section-height-default elementor-section-height-default\" data-id=\"6b780fd\" data-element_type=\"section\">\n\t\t\t\t\t\t<div class=\"elementor-container elementor-column-gap-default\">\n\t\t\t\t\t<div class=\"elementor-column elementor-col-100 elementor-top-column elementor-element elementor-element-6ce2116\" data-id=\"6ce2116\" data-element_type=\"column\">\n\t\t\t<div class=\"elementor-widget-wrap elementor-element-populated\">\n\t\t\t\t\t\t\t\t<div class=\"elementor-element elementor-element-6746f6c elementor-widget elementor-widget-text-editor\" data-id=\"6746f6c\" data-element_type=\"widget\" data-widget_type=\"text-editor.default\">\n\t\t\t\t<div class=\"elementor-widget-container\">\n\t\t\t\t\t\t\t<p style=\"text-align: left;\"><span style=\"color: #000000;\">Priklausomyb\u0117 nuo darbo yra viena i\u0161 elgesio priklausomybi\u0173, turin\u010di\u0173 gana ilg\u0105 tyrim\u0173 ir teorini\u0173 tyrim\u0173 istorij\u0105.<\/span><\/p>\n<p style=\"text-align: left;\"><span style=\"color: #000000;\"> Tik\u0117tina, kad kompulsinis pervargimas \u017emoni\u0173 visuomen\u0117se buvo nuo sen\u0173 senov\u0117s; ta\u010diau, m\u016bs\u0173 \u017einiomis, sisteming\u0173 tyrim\u0173 \u0161iuo klausimu n\u0117ra. Per didelis susir\u016bpinimas darbu ir produktyvumu, da\u017enai susij\u0119s su godumu, pernelyg dideliu nerimu ir nerimu, gali b\u016bti neabejotinai&nbsp;<\/span><a href=\"https:\/\/link.springer.com\/chapter\/10.1007\/978-3-031-04772-5_9\" target=\"_blank\" rel=\"noopener\">atsekta bent 5\/6 am\u017eiuje prie\u0161 Krist\u0173<\/a><span style=\"color: #000000;\">.&nbsp;<\/span><\/p>\n<p style=\"text-align: center;\"><strong>KLINIKINI\u0172 IR MOKSLINI\u0172 INTERES\u0172 LAIKAS<\/strong><\/p>\n<p style=\"text-align: left;\"><strong>1903<\/strong> <span style=\"color: #000000;\">Pierre&#039;as Janet apra\u0161\u0117 \u201epsichastenij\u0105\u201c, susijusi\u0105 su perfekcionistiniais r\u016bpes\u010diais (ir pana\u0161i\u0105 \u012f ka\u017ek\u0105, kas v\u0117liau bus vadinama obsesiniu-kompulsiniu asmenyb\u0117s sutrikimu; OCPD), kuri\u0105 v\u0117liau pri\u0117m\u0117 Sigmundas Freudas. Nustatyta, kad psichik\u0105 turintys asmenys patiria fizini\u0173 problem\u0173, toki\u0173 kaip galvos, nugaros skausmai ar nemiga. <\/span><\/p>\n<p style=\"text-align: left;\"><span style=\"color: #000000;\"><strong>1919<\/strong> S\u00e1ndor <\/span><span style=\"color: #000000;\">Ferenci apib\u016bdino vadinam\u0105j\u012f \u201e<\/span><a href=\"https:\/\/www.textlog.de\/8527.html\" target=\"_blank\" rel=\"noopener\">Sekmadienio neuroz\u0117<\/a><span style=\"color: #000000;\">\u201c. Simptomai s<\/span><span style=\"color: #000000; font-size: 16px;\">pana\u0161i\u0173 \u012f tuos patiria psichastenikai ir kiti fiziniai simptomai buvo pasteb\u0117ti tarp <\/span><span style=\"color: #000000;\">kai kurie asmenys tomis dienomis, kai band\u0117 pails\u0117ti nuo darbo. Tai turb\u016bt pirmas po\u017eymis&nbsp;<\/span><span style=\"color: #000000; font-size: 16px; font-style: normal; font-weight: 400;\">abstinencijos simptom\u0173, susijusi\u0173 su priklausomybe nuo darbo <\/span><span style=\"color: #000000; font-size: 16px;\">klinikin\u0117je literat\u016broje.&nbsp;<\/span><\/p>\n<p><strong>1952<\/strong> <span style=\"color: #000000;\">DSM-I (APA 1952, p. 37) ap\u0117m\u0117 kompulsyvi\u0105 asmenyb\u0119 su tokiais bruo\u017eais kaip \u201enepaprastas darbingumas\u201c ir \u201e\u012fprasto atsipalaidavimo geb\u0117jimo stoka\u201c.<\/span><\/p>\n<p style=\"text-align: left;\"><span style=\"color: #000000;\"><strong>1968\/1971<\/strong> Darboholizmo\/priklausomyb\u0117s nuo darbo s\u0105vok\u0105 psichologin\u0117je literat\u016broje pristat\u0117 m&nbsp;<\/span><a href=\"https:\/\/www.nytimes.com\/1999\/10\/26\/us\/wayne-e-oates-82-is-dead-coined-the-term-workaholic.html\" target=\"_blank\" rel=\"noopener\">Wayne&#039;as Oatesas<\/a><span style=\"color: #000000;\">.<\/span><\/p>\n<p><strong>1970-ieji<\/strong> <span style=\"color: #000000;\"> &nbsp;Jau a\u0161tuntajame de\u0161imtmetyje buvo pripa\u017eintos darboholizmo tendencijos&nbsp;<\/span><a href=\"https:\/\/jamanetwork.com\/journals\/jama\/article-abstract\/349598\" target=\"_blank\" rel=\"noopener\">auk\u0161to lygio medicinin\u0117 literat\u016bra<\/a><span style=\"color: #000000;\">.<\/span><\/p>\n<p><strong>2013<\/strong> <span style=\"color: #000000;\">Per didelis atsidavimas darbui buvo vienas i\u0161 nedaugelio OCPD kriterij\u0173, kurie i\u0161liko nuo DSM-III iki DSM 5 (APA 2013), o OCPD literat\u016broje da\u017enai vadinamas \u201edarboholizmu\u201c (Grilo ir kt., 2004).<\/span><\/p>\t\t\t\t\t\t<\/div>\n\t\t\t\t<\/div>\n\t\t\t\t\t<\/div>\n\t\t<\/div>\n\t\t\t\t\t\t\t<\/div>\n\t\t<\/section>\n\t\t\t\t\t\t\t<\/div>","protected":false},"excerpt":{"rendered":"<p>Istorija Priklausomyb\u0117 nuo darbo yra viena i\u0161 elgesio priklausomybi\u0173, turin\u010di\u0173 gana ilg\u0105 tyrim\u0173 ir teorini\u0173 tyrim\u0173 istorij\u0105. Tik\u0117tina, kad kompulsinis pervargimas \u017emoni\u0173 visuomen\u0117se egzistuoja nuo seniausi\u0173 laik\u0173; ta\u010diau, m\u016bs\u0173 \u017einiomis, sisteming\u0173 tyrim\u0173 \u0161iuo klausimu n\u0117ra. Per didelis susir\u016bpinimas darbu ir produktyvumu, da\u017enai susij\u0119s su godumu, per dideliu nerimu ir\u2026<\/p>\n<p class=\"read-more\"> <a class=\"\" href=\"https:\/\/workaddiction.org\/lt\/history\/\"> <span class=\"screen-reader-text\">Istorija<\/span> Skaityti daugiau \u00bb<\/a><\/p>","protected":false},"author":1,"featured_media":0,"parent":0,"menu_order":0,"comment_status":"closed","ping_status":"closed","template":"","meta":{"site-sidebar-layout":"no-sidebar","site-content-layout":"page-builder","ast-main-header-display":"","ast-hfb-above-header-display":"","ast-hfb-below-header-display":"","ast-hfb-mobile-header-display":"","site-post-title":"disabled","ast-breadcrumbs-content":"","ast-featured-img":"disabled","footer-sml-layout":"","theme-transparent-header-meta":"","adv-header-id-meta":"","stick-header-meta":"","header-above-stick-meta":"","header-main-stick-meta":"","header-below-stick-meta":""},"_links":{"self":[{"href":"https:\/\/workaddiction.org\/lt\/wp-json\/wp\/v2\/pages\/1360"}],"collection":[{"href":"https:\/\/workaddiction.org\/lt\/wp-json\/wp\/v2\/pages"}],"about":[{"href":"https:\/\/workaddiction.org\/lt\/wp-json\/wp\/v2\/types\/page"}],"author":[{"embeddable":true,"href":"https:\/\/workaddiction.org\/lt\/wp-json\/wp\/v2\/users\/1"}],"replies":[{"embeddable":true,"href":"https:\/\/workaddiction.org\/lt\/wp-json\/wp\/v2\/comments?post=1360"}],"version-history":[{"count":86,"href":"https:\/\/workaddiction.org\/lt\/wp-json\/wp\/v2\/pages\/1360\/revisions"}],"predecessor-version":[{"id":5111,"href":"https:\/\/workaddiction.org\/lt\/wp-json\/wp\/v2\/pages\/1360\/revisions\/5111"}],"wp:attachment":[{"href":"https:\/\/workaddiction.org\/lt\/wp-json\/wp\/v2\/media?parent=1360"}],"curies":[{"name":"wp","href":"https:\/\/api.w.org\/{rel}","templated":true}]}}