{"id":1360,"date":"2022-04-20T09:44:49","date_gmt":"2022-04-20T09:44:49","guid":{"rendered":"http:\/\/workaddiction.org\/?page_id=1360"},"modified":"2023-01-19T07:16:16","modified_gmt":"2023-01-19T07:16:16","slug":"history","status":"publish","type":"page","link":"https:\/\/workaddiction.org\/lv\/history\/","title":{"rendered":"V\u0113sture"},"content":{"rendered":"<div data-elementor-type=\"wp-page\" data-elementor-id=\"1360\" class=\"elementor elementor-1360\">\n\t\t\t\t\t\t\t\t\t<section class=\"elementor-section elementor-top-section elementor-element elementor-element-9b78341 elementor-section-boxed elementor-section-height-default elementor-section-height-default\" data-id=\"9b78341\" data-element_type=\"section\">\n\t\t\t\t\t\t<div class=\"elementor-container elementor-column-gap-default\">\n\t\t\t\t\t<div class=\"elementor-column elementor-col-100 elementor-top-column elementor-element elementor-element-2aca42a\" data-id=\"2aca42a\" data-element_type=\"column\">\n\t\t\t<div class=\"elementor-widget-wrap elementor-element-populated\">\n\t\t\t\t\t\t\t\t<div class=\"elementor-element elementor-element-4d5545f elementor-widget elementor-widget-text-editor\" data-id=\"4d5545f\" data-element_type=\"widget\" data-widget_type=\"text-editor.default\">\n\t\t\t\t<div class=\"elementor-widget-container\">\n\t\t\t<style>\/*! elementor - v3.6.2 - 04-04-2022 *\/\n.elementor-widget-text-editor.elementor-drop-cap-view-stacked .elementor-drop-cap{background-color:#818a91;color:#fff}.elementor-widget-text-editor.elementor-drop-cap-view-framed .elementor-drop-cap{color:#818a91;border:3px solid;background-color:transparent}.elementor-widget-text-editor:not(.elementor-drop-cap-view-default) .elementor-drop-cap{margin-top:8px}.elementor-widget-text-editor:not(.elementor-drop-cap-view-default) .elementor-drop-cap-letter{width:1em;height:1em}.elementor-widget-text-editor .elementor-drop-cap{float:left;text-align:center;line-height:1;font-size:50px}.elementor-widget-text-editor .elementor-drop-cap-letter{display:inline-block}<\/style>\t\t\t\t\t\t\t\t\t\t<\/div>\n\t\t\t\t<\/div>\n\t\t\t\t\t<\/div>\n\t\t<\/div>\n\t\t\t\t\t\t\t<\/div>\n\t\t<\/section>\n\t\t\t\t<section class=\"elementor-section elementor-top-section elementor-element elementor-element-f0797d8 elementor-section-boxed elementor-section-height-default elementor-section-height-default\" data-id=\"f0797d8\" data-element_type=\"section\">\n\t\t\t\t\t\t<div class=\"elementor-container elementor-column-gap-default\">\n\t\t\t\t\t<div class=\"elementor-column elementor-col-100 elementor-top-column elementor-element elementor-element-d9d3ae7\" data-id=\"d9d3ae7\" data-element_type=\"column\">\n\t\t\t<div class=\"elementor-widget-wrap elementor-element-populated\">\n\t\t\t\t\t\t\t\t<div class=\"elementor-element elementor-element-90bfad7 elementor-widget elementor-widget-heading\" data-id=\"90bfad7\" data-element_type=\"widget\" data-widget_type=\"heading.default\">\n\t\t\t\t<div class=\"elementor-widget-container\">\n\t\t\t<style>\/*! elementor - v3.6.2 - 04-04-2022 *\/\n.elementor-heading-title{padding:0;margin:0;line-height:1}.elementor-widget-heading .elementor-heading-title[class*=elementor-size-]>a{color:inherit;font-size:inherit;line-height:inherit}.elementor-widget-heading .elementor-heading-title.elementor-size-small{font-size:15px}.elementor-widget-heading .elementor-heading-title.elementor-size-medium{font-size:19px}.elementor-widget-heading .elementor-heading-title.elementor-size-large{font-size:29px}.elementor-widget-heading .elementor-heading-title.elementor-size-xl{font-size:39px}.elementor-widget-heading .elementor-heading-title.elementor-size-xxl{font-size:59px}<\/style><h2 class=\"elementor-heading-title elementor-size-default\">V\u0113sture<\/h2>\t\t<\/div>\n\t\t\t\t<\/div>\n\t\t\t\t\t<\/div>\n\t\t<\/div>\n\t\t\t\t\t\t\t<\/div>\n\t\t<\/section>\n\t\t\t\t<section class=\"elementor-section elementor-top-section elementor-element elementor-element-6b780fd elementor-section-boxed elementor-section-height-default elementor-section-height-default\" data-id=\"6b780fd\" data-element_type=\"section\">\n\t\t\t\t\t\t<div class=\"elementor-container elementor-column-gap-default\">\n\t\t\t\t\t<div class=\"elementor-column elementor-col-100 elementor-top-column elementor-element elementor-element-6ce2116\" data-id=\"6ce2116\" data-element_type=\"column\">\n\t\t\t<div class=\"elementor-widget-wrap elementor-element-populated\">\n\t\t\t\t\t\t\t\t<div class=\"elementor-element elementor-element-6746f6c elementor-widget elementor-widget-text-editor\" data-id=\"6746f6c\" data-element_type=\"widget\" data-widget_type=\"text-editor.default\">\n\t\t\t\t<div class=\"elementor-widget-container\">\n\t\t\t\t\t\t\t<p style=\"text-align: left;\"><span style=\"color: #000000;\">Darba atkar\u012bba ir viena no uzved\u012bbas atkar\u012bb\u0101m ar sal\u012bdzino\u0161i ilgu p\u0113t\u012bjumu un teor\u0113tisko p\u0113t\u012bjumu v\u0113sturi.<\/span><\/p>\n<p style=\"text-align: left;\"><span style=\"color: #000000;\"> Visticam\u0101k, ka kompuls\u012bva p\u0101rm\u0113r\u012bga slodze cilv\u0113ku sabiedr\u012bb\u0101 ir sastopama kop\u0161 seniem laikiem; tom\u0113r, cik mums zin\u0101ms, nav pieejami sistem\u0101tiski p\u0113t\u012bjumi par \u0161o jaut\u0101jumu. P\u0101rm\u0113r\u012bga aizraut\u012bba ar darbu un produktivit\u0101ti, kas bie\u017ei saist\u012bta ar alkat\u012bbu, p\u0101rm\u0113r\u012bg\u0101m ba\u017e\u0101m un trauksmi, var b\u016bt neap\u0161aub\u0101mi&nbsp;<\/span><a href=\"https:\/\/link.springer.com\/chapter\/10.1007\/978-3-031-04772-5_9\" target=\"_blank\" rel=\"noopener\">izsekots vismaz 5\/6 gadsimt\u0101 pirms m\u016bsu \u0113ras<\/a><span style=\"color: #000000;\">.&nbsp;<\/span><\/p>\n<p style=\"text-align: center;\"><strong>KL\u012aNISK\u0100S UN ZIN\u0100TNISK\u0100S INTERE\u0160ES LAIKA grafiks<\/strong><\/p>\n<p style=\"text-align: left;\"><strong>1903<\/strong> <span style=\"color: #000000;\">Pj\u0113rs \u017danets aprakst\u012bja \u201cpsihast\u0113niju\u201d, kas saist\u012bta ar perfekcionistisk\u0101m ba\u017e\u0101m (un atg\u0101dina kaut ko t\u0101du, ko v\u0113l\u0101k d\u0113v\u0113s par obses\u012bvi kompuls\u012bviem person\u012bbas trauc\u0113jumiem; OCPD), ko v\u0113l\u0101k pie\u0146\u0113ma Zigmunds Freids. Tika konstat\u0113ts, ka psihast\u0113ni\u0137iem ir fiziskas probl\u0113mas, piem\u0113ram, galvass\u0101pes, muguras s\u0101pes vai bezmiegs. <\/span><\/p>\n<p style=\"text-align: left;\"><span style=\"color: #000000;\"><strong>1919<\/strong> S\u00e1ndor <\/span><span style=\"color: #000000;\">Ferenci aprakst\u012bja t\u0101 saukto<\/span><a href=\"https:\/\/www.textlog.de\/8527.html\" target=\"_blank\" rel=\"noopener\">Sv\u0113tdienas neiroze<\/a><span style=\"color: #000000;\">\u201c. Simptomi s<\/span><span style=\"color: #000000; font-size: 16px;\">l\u012bdz\u012bgi tiem, ko piedz\u012bvoja psihast\u0113nika un citi fiziski simptomi tika nov\u0113roti starp <\/span><span style=\"color: #000000;\">da\u017eas personas dien\u0101s, kad vi\u0146i m\u0113\u0123in\u0101ja atp\u016bsties no darba. T\u0101, iesp\u0113jams, ir pirm\u0101 nor\u0101de&nbsp;<\/span><span style=\"color: #000000; font-size: 16px; font-style: normal; font-weight: 400;\">abstinences simptomi, kas saist\u012bti ar darba atkar\u012bbu <\/span><span style=\"color: #000000; font-size: 16px;\">kl\u012bniskaj\u0101 literat\u016br\u0101.&nbsp;<\/span><\/p>\n<p><strong>1952<\/strong> <span style=\"color: #000000;\">DSM-I (APA 1952, 37. lpp.) iek\u013c\u0101va kompuls\u012bvu person\u012bbu ar t\u0101d\u0101m iez\u012bm\u0113m k\u0101 \u201cnep\u0101rsp\u0113jama darba sp\u0113ja\u201d un \u201cnorm\u0101lu relaks\u0101cijas sp\u0113ju tr\u016bkums\u201d.<\/span><\/p>\n<p style=\"text-align: left;\"><span style=\"color: #000000;\"><strong>1968\/1971<\/strong> Darbaholisma\/darba atkar\u012bbas j\u0113dzienu psiholo\u0123iskaj\u0101 literat\u016br\u0101 ieviesa ar&nbsp;<\/span><a href=\"https:\/\/www.nytimes.com\/1999\/10\/26\/us\/wayne-e-oates-82-is-dead-coined-the-term-workaholic.html\" target=\"_blank\" rel=\"noopener\">Veins Oits<\/a><span style=\"color: #000000;\">.<\/span><\/p>\n<p><strong>1970. gadi<\/strong> <span style=\"color: #000000;\"> &nbsp;Jau 20. gadsimta 70. gados tika atz\u012btas darbaholisma tendences&nbsp;<\/span><a href=\"https:\/\/jamanetwork.com\/journals\/jama\/article-abstract\/349598\" target=\"_blank\" rel=\"noopener\">augsta l\u012bme\u0146a medic\u012bnas literat\u016bra<\/a><span style=\"color: #000000;\">.<\/span><\/p>\n<p><strong>2013<\/strong> <span style=\"color: #000000;\">P\u0101rm\u0113r\u012bga nodo\u0161an\u0101s darbam bija viens no nedaudzajiem OCPD krit\u0113rijiem, kas ir saglab\u0101jies no DSM-III l\u012bdz DSM 5 (APA 2013), un OCPD literat\u016br\u0101 to bie\u017ei d\u0113v\u0113 par \u201cdarbaholismu\u201d (Grilo et al. 2004).<\/span><\/p>\t\t\t\t\t\t<\/div>\n\t\t\t\t<\/div>\n\t\t\t\t\t<\/div>\n\t\t<\/div>\n\t\t\t\t\t\t\t<\/div>\n\t\t<\/section>\n\t\t\t\t\t\t\t<\/div>","protected":false},"excerpt":{"rendered":"<p>V\u0113sture Darba atkar\u012bba ir viena no uzved\u012bbas atkar\u012bb\u0101m ar sal\u012bdzino\u0161i ilgu p\u0113t\u012bjumu un teor\u0113tisko p\u0113t\u012bjumu v\u0113sturi. Visticam\u0101k, ka kompuls\u012bva p\u0101rm\u0113r\u012bga slodze cilv\u0113ku sabiedr\u012bb\u0101 ir sastopama kop\u0161 seniem laikiem; tom\u0113r, cik mums zin\u0101ms, nav pieejami sistem\u0101tiski p\u0113t\u012bjumi par \u0161o jaut\u0101jumu. P\u0101rm\u0113r\u012bga aiz\u0146emt\u012bba ar darbu un produktivit\u0101ti, kas bie\u017ei ir saist\u012bta ar alkat\u012bbu, p\u0101rm\u0113r\u012bg\u0101m ba\u017e\u0101m un\u2026<\/p>\n<p class=\"read-more\"> <a class=\"\" href=\"https:\/\/workaddiction.org\/lv\/history\/\"> <span class=\"screen-reader-text\">V\u0113sture<\/span> Las\u012bt vair\u0101k &quot;<\/a><\/p>","protected":false},"author":1,"featured_media":0,"parent":0,"menu_order":0,"comment_status":"closed","ping_status":"closed","template":"","meta":{"site-sidebar-layout":"no-sidebar","site-content-layout":"page-builder","ast-main-header-display":"","ast-hfb-above-header-display":"","ast-hfb-below-header-display":"","ast-hfb-mobile-header-display":"","site-post-title":"disabled","ast-breadcrumbs-content":"","ast-featured-img":"disabled","footer-sml-layout":"","theme-transparent-header-meta":"","adv-header-id-meta":"","stick-header-meta":"","header-above-stick-meta":"","header-main-stick-meta":"","header-below-stick-meta":""},"_links":{"self":[{"href":"https:\/\/workaddiction.org\/lv\/wp-json\/wp\/v2\/pages\/1360"}],"collection":[{"href":"https:\/\/workaddiction.org\/lv\/wp-json\/wp\/v2\/pages"}],"about":[{"href":"https:\/\/workaddiction.org\/lv\/wp-json\/wp\/v2\/types\/page"}],"author":[{"embeddable":true,"href":"https:\/\/workaddiction.org\/lv\/wp-json\/wp\/v2\/users\/1"}],"replies":[{"embeddable":true,"href":"https:\/\/workaddiction.org\/lv\/wp-json\/wp\/v2\/comments?post=1360"}],"version-history":[{"count":86,"href":"https:\/\/workaddiction.org\/lv\/wp-json\/wp\/v2\/pages\/1360\/revisions"}],"predecessor-version":[{"id":5111,"href":"https:\/\/workaddiction.org\/lv\/wp-json\/wp\/v2\/pages\/1360\/revisions\/5111"}],"wp:attachment":[{"href":"https:\/\/workaddiction.org\/lv\/wp-json\/wp\/v2\/media?parent=1360"}],"curies":[{"name":"wp","href":"https:\/\/api.w.org\/{rel}","templated":true}]}}