{"id":1115,"date":"2022-04-03T14:01:09","date_gmt":"2022-04-03T14:01:09","guid":{"rendered":"http:\/\/workaddiction.org\/?page_id=1115"},"modified":"2023-01-05T06:51:44","modified_gmt":"2023-01-05T06:51:44","slug":"comorbidity","status":"publish","type":"page","link":"https:\/\/workaddiction.org\/pt_br\/comorbidity\/","title":{"rendered":"Comorbidade"},"content":{"rendered":"<div data-elementor-type=\"wp-page\" data-elementor-id=\"1115\" class=\"elementor elementor-1115\">\n\t\t\t\t\t\t\t\t\t<section class=\"elementor-section elementor-top-section elementor-element elementor-element-7ce3229 elementor-section-boxed elementor-section-height-default elementor-section-height-default\" data-id=\"7ce3229\" data-element_type=\"section\">\n\t\t\t\t\t\t<div class=\"elementor-container elementor-column-gap-default\">\n\t\t\t\t\t<div class=\"elementor-column elementor-col-100 elementor-top-column elementor-element elementor-element-055baa4\" data-id=\"055baa4\" data-element_type=\"column\">\n\t\t\t<div class=\"elementor-widget-wrap elementor-element-populated\">\n\t\t\t\t\t\t\t\t<div class=\"elementor-element elementor-element-8339f7f elementor-widget elementor-widget-heading\" data-id=\"8339f7f\" data-element_type=\"widget\" data-widget_type=\"heading.default\">\n\t\t\t\t<div class=\"elementor-widget-container\">\n\t\t\t<style>\/*! elementor - v3.6.2 - 04-04-2022 *\/\n.elementor-heading-title{padding:0;margin:0;line-height:1}.elementor-widget-heading .elementor-heading-title[class*=elementor-size-]>a{color:inherit;font-size:inherit;line-height:inherit}.elementor-widget-heading .elementor-heading-title.elementor-size-small{font-size:15px}.elementor-widget-heading .elementor-heading-title.elementor-size-medium{font-size:19px}.elementor-widget-heading .elementor-heading-title.elementor-size-large{font-size:29px}.elementor-widget-heading .elementor-heading-title.elementor-size-xl{font-size:39px}.elementor-widget-heading .elementor-heading-title.elementor-size-xxl{font-size:59px}<\/style><h2 class=\"elementor-heading-title elementor-size-default\">Comorbidades: <br>Dist\u00farbios co-ocorrendo com depend\u00eancia de trabalho<\/h2>\t\t<\/div>\n\t\t\t\t<\/div>\n\t\t\t\t\t<\/div>\n\t\t<\/div>\n\t\t\t\t\t\t\t<\/div>\n\t\t<\/section>\n\t\t\t\t<section class=\"elementor-section elementor-top-section elementor-element elementor-element-b9b8923 elementor-section-boxed elementor-section-height-default elementor-section-height-default\" data-id=\"b9b8923\" data-element_type=\"section\">\n\t\t\t\t\t\t<div class=\"elementor-container elementor-column-gap-default\">\n\t\t\t\t\t<div class=\"elementor-column elementor-col-100 elementor-top-column elementor-element elementor-element-9a2ee5c\" data-id=\"9a2ee5c\" data-element_type=\"column\">\n\t\t\t<div class=\"elementor-widget-wrap elementor-element-populated\">\n\t\t\t\t\t\t\t\t<div class=\"elementor-element elementor-element-ec14679 elementor-widget elementor-widget-text-editor\" data-id=\"ec14679\" data-element_type=\"widget\" data-widget_type=\"text-editor.default\">\n\t\t\t\t<div class=\"elementor-widget-container\">\n\t\t\t<style>\/*! elementor - v3.6.2 - 04-04-2022 *\/\n.elementor-widget-text-editor.elementor-drop-cap-view-stacked .elementor-drop-cap{background-color:#818a91;color:#fff}.elementor-widget-text-editor.elementor-drop-cap-view-framed .elementor-drop-cap{color:#818a91;border:3px solid;background-color:transparent}.elementor-widget-text-editor:not(.elementor-drop-cap-view-default) .elementor-drop-cap{margin-top:8px}.elementor-widget-text-editor:not(.elementor-drop-cap-view-default) .elementor-drop-cap-letter{width:1em;height:1em}.elementor-widget-text-editor .elementor-drop-cap{float:left;text-align:center;line-height:1;font-size:50px}.elementor-widget-text-editor .elementor-drop-cap-letter{display:inline-block}<\/style>\t\t\t\t<p><a href=\"https:\/\/link.springer.com\/chapter\/10.1007\/978-3-031-04772-5_9\" target=\"_blank\" style=\"font-size: 1rem;\">Estudos anteriores descobriram que o v\u00edcio em trabalho pode co-ocorrer com<\/a>:<\/p>\n<ul>\n<li>depress\u00e3o,<\/li>\n<li>ansiedade,<\/li>\n<li>ansiedade social,<\/li>\n<li>transtorno de personalidade obsessivo-compulsivo e outros transtornos de personalidade (por exemplo, transtorno de personalidade lim\u00edtrofe),<\/li>\n<li>transtornos alimentares (anorexia nervosa, bulimia nervosa),<\/li>\n<li>outros transtornos de depend\u00eancia (por exemplo, transtorno por uso de \u00e1lcool, depend\u00eancia alimentar que pode estar relacionada ao transtorno de compuls\u00e3o alimentar, v\u00edcio em compras\/compra compulsiva),<\/li>\n<li>transtorno bipolar (man\u00edaco-depressivo),<\/li>\n<li>dist\u00farbios do sono,&nbsp;<\/li>\n<li>transtorno de d\u00e9ficit de aten\u00e7\u00e3o e hiperatividade,<\/li>\n<li>transtorno obsessivo-compulsivo.<\/li>\n<\/ul>\t\t\t\t\t\t<\/div>\n\t\t\t\t<\/div>\n\t\t\t\t\t<\/div>\n\t\t<\/div>\n\t\t\t\t\t\t\t<\/div>\n\t\t<\/section>\n\t\t\t\t<section class=\"elementor-section elementor-top-section elementor-element elementor-element-14d7373 elementor-section-boxed elementor-section-height-default elementor-section-height-default\" data-id=\"14d7373\" data-element_type=\"section\">\n\t\t\t\t\t\t<div class=\"elementor-container elementor-column-gap-default\">\n\t\t\t\t\t<div class=\"elementor-column elementor-col-100 elementor-top-column elementor-element elementor-element-65cc342\" data-id=\"65cc342\" data-element_type=\"column\">\n\t\t\t<div class=\"elementor-widget-wrap elementor-element-populated\">\n\t\t\t\t\t\t\t\t<div class=\"elementor-element elementor-element-34042e8 elementor-widget elementor-widget-text-editor\" data-id=\"34042e8\" data-element_type=\"widget\" data-widget_type=\"text-editor.default\">\n\t\t\t\t<div class=\"elementor-widget-container\">\n\t\t\t\t\t\t\t<p><strong>Se voc\u00ea sofre de v\u00edcio em trabalho, isso n\u00e3o significa necessariamente que voc\u00ea tenha algum desses problemas. No entanto, algumas pessoas que lutam contra o v\u00edcio do trabalho tamb\u00e9m podem sofrer de alguns deles.<\/strong><\/p><p>Alguns desses dist\u00farbios podem aumentar o risco de depend\u00eancia do trabalho (por exemplo, transtorno de personalidade obsessivo-compulsiva), alguns podem ser causas e resultados (por exemplo, ansiedade ou depress\u00e3o) e outros podem ter causas comuns (por exemplo, dist\u00farbios alimentares) . Portanto, abordar e tratar esses problemas pode melhorar seu funcionamento geral e ajud\u00e1-lo a gerenciar seu v\u00edcio em trabalho.<\/p><p>Reconhecer outros problemas de sa\u00fade mental concomitantes \u00e9 muito importante porque a comorbidade est\u00e1 associada a maiores preju\u00edzos funcionais (pior funcionamento em geral) e piores resultados de sa\u00fade. \u00c9 necess\u00e1rio abordar todos os problemas coexistentes porque eles podem ter causas comuns e podem interagir entre si e causar reca\u00eddas. \u00c9 crucial entender por que uma pessoa \u00e9 levada a trabalhar excessivamente, como outros problemas podem contribuir para essa compuls\u00e3o pelo trabalho e como o v\u00edcio em trabalho pode afetar outros problemas de sa\u00fade, como depress\u00e3o, ansiedade ou ins\u00f4nia.<\/p>\t\t\t\t\t\t<\/div>\n\t\t\t\t<\/div>\n\t\t\t\t\t<\/div>\n\t\t<\/div>\n\t\t\t\t\t\t\t<\/div>\n\t\t<\/section>\n\t\t\t\t\t\t\t<\/div>","protected":false},"excerpt":{"rendered":"<p>Comorbidades: Transtornos que ocorrem simultaneamente com o v\u00edcio em trabalho Estudos anteriores descobriram que o v\u00edcio em trabalho pode ocorrer simultaneamente com: depress\u00e3o, ansiedade, ansiedade social, transtorno de personalidade obsessivo-compulsiva e outros transtornos de personalidade (por exemplo, transtorno de personalidade borderline), transtornos alimentares (anorexia nervosa, bulimia nervosa), outros transtornos de depend\u00eancia (por exemplo, transtorno do uso de \u00e1lcool, depend\u00eancia alimentar que pode estar relacionada ao transtorno da compuls\u00e3o alimentar peri\u00f3dica, v\u00edcio em compras\/compuls\u00e3o alimentar \u2026<\/p>\n<p class=\"read-more\"> <a class=\"\" href=\"https:\/\/workaddiction.org\/pt_br\/comorbidity\/\"> <span class=\"screen-reader-text\">Comorbidade<\/span> Leia mais \u00bb<\/a><\/p>","protected":false},"author":1,"featured_media":0,"parent":0,"menu_order":0,"comment_status":"closed","ping_status":"closed","template":"","meta":{"site-sidebar-layout":"no-sidebar","site-content-layout":"page-builder","ast-main-header-display":"","ast-hfb-above-header-display":"","ast-hfb-below-header-display":"","ast-hfb-mobile-header-display":"","site-post-title":"disabled","ast-breadcrumbs-content":"","ast-featured-img":"disabled","footer-sml-layout":"","theme-transparent-header-meta":"","adv-header-id-meta":"","stick-header-meta":"","header-above-stick-meta":"","header-main-stick-meta":"","header-below-stick-meta":""},"_links":{"self":[{"href":"https:\/\/workaddiction.org\/pt_br\/wp-json\/wp\/v2\/pages\/1115"}],"collection":[{"href":"https:\/\/workaddiction.org\/pt_br\/wp-json\/wp\/v2\/pages"}],"about":[{"href":"https:\/\/workaddiction.org\/pt_br\/wp-json\/wp\/v2\/types\/page"}],"author":[{"embeddable":true,"href":"https:\/\/workaddiction.org\/pt_br\/wp-json\/wp\/v2\/users\/1"}],"replies":[{"embeddable":true,"href":"https:\/\/workaddiction.org\/pt_br\/wp-json\/wp\/v2\/comments?post=1115"}],"version-history":[{"count":20,"href":"https:\/\/workaddiction.org\/pt_br\/wp-json\/wp\/v2\/pages\/1115\/revisions"}],"predecessor-version":[{"id":4878,"href":"https:\/\/workaddiction.org\/pt_br\/wp-json\/wp\/v2\/pages\/1115\/revisions\/4878"}],"wp:attachment":[{"href":"https:\/\/workaddiction.org\/pt_br\/wp-json\/wp\/v2\/media?parent=1115"}],"curies":[{"name":"wp","href":"https:\/\/api.w.org\/{rel}","templated":true}]}}