{"id":1080,"date":"2022-04-03T13:45:27","date_gmt":"2022-04-03T13:45:27","guid":{"rendered":"http:\/\/workaddiction.org\/?page_id=1080"},"modified":"2025-03-10T13:18:57","modified_gmt":"2025-03-10T13:18:57","slug":"conferences","status":"publish","type":"page","link":"https:\/\/workaddiction.org\/sk\/conferences\/","title":{"rendered":"konferencie"},"content":{"rendered":"<div data-elementor-type=\"wp-page\" data-elementor-id=\"1080\" class=\"elementor elementor-1080\">\n\t\t\t\t\t\t\t\t\t<section class=\"elementor-section elementor-top-section elementor-element elementor-element-126a81e elementor-section-boxed elementor-section-height-default elementor-section-height-default\" data-id=\"126a81e\" data-element_type=\"section\">\n\t\t\t\t\t\t<div class=\"elementor-container elementor-column-gap-default\">\n\t\t\t\t\t<div class=\"elementor-column elementor-col-100 elementor-top-column elementor-element elementor-element-833edbe\" data-id=\"833edbe\" data-element_type=\"column\">\n\t\t\t<div class=\"elementor-widget-wrap elementor-element-populated\">\n\t\t\t\t\t\t\t\t<div class=\"elementor-element elementor-element-d823fc9 elementor-widget elementor-widget-heading\" data-id=\"d823fc9\" data-element_type=\"widget\" data-widget_type=\"heading.default\">\n\t\t\t\t<div class=\"elementor-widget-container\">\n\t\t\t<style>\/*! elementor - v3.6.2 - 04-04-2022 *\/\n.elementor-heading-title{padding:0;margin:0;line-height:1}.elementor-widget-heading .elementor-heading-title[class*=elementor-size-]>a{color:inherit;font-size:inherit;line-height:inherit}.elementor-widget-heading .elementor-heading-title.elementor-size-small{font-size:15px}.elementor-widget-heading .elementor-heading-title.elementor-size-medium{font-size:19px}.elementor-widget-heading .elementor-heading-title.elementor-size-large{font-size:29px}.elementor-widget-heading .elementor-heading-title.elementor-size-xl{font-size:39px}.elementor-widget-heading .elementor-heading-title.elementor-size-xxl{font-size:59px}<\/style><h2 class=\"elementor-heading-title elementor-size-default\">V\u00fdsledky na\u0161ich \u0161t\u00fadi\u00ed prezentovan\u00e9 na vedeck\u00fdch konferenci\u00e1ch<\/h2>\t\t<\/div>\n\t\t\t\t<\/div>\n\t\t\t\t\t<\/div>\n\t\t<\/div>\n\t\t\t\t\t\t\t<\/div>\n\t\t<\/section>\n\t\t\t\t<section class=\"elementor-section elementor-top-section elementor-element elementor-element-c8d58c6 elementor-section-boxed elementor-section-height-default elementor-section-height-default\" data-id=\"c8d58c6\" data-element_type=\"section\">\n\t\t\t\t\t\t<div class=\"elementor-container elementor-column-gap-default\">\n\t\t\t\t\t<div class=\"elementor-column elementor-col-100 elementor-top-column elementor-element elementor-element-dd03798\" data-id=\"dd03798\" data-element_type=\"column\">\n\t\t\t<div class=\"elementor-widget-wrap elementor-element-populated\">\n\t\t\t\t\t\t\t\t<div class=\"elementor-element elementor-element-bfc52f5 elementor-widget elementor-widget-text-editor\" data-id=\"bfc52f5\" data-element_type=\"widget\" data-widget_type=\"text-editor.default\">\n\t\t\t\t<div class=\"elementor-widget-container\">\n\t\t\t<style>\/*! elementor - v3.6.2 - 04-04-2022 *\/\n.elementor-widget-text-editor.elementor-drop-cap-view-stacked .elementor-drop-cap{background-color:#818a91;color:#fff}.elementor-widget-text-editor.elementor-drop-cap-view-framed .elementor-drop-cap{color:#818a91;border:3px solid;background-color:transparent}.elementor-widget-text-editor:not(.elementor-drop-cap-view-default) .elementor-drop-cap{margin-top:8px}.elementor-widget-text-editor:not(.elementor-drop-cap-view-default) .elementor-drop-cap-letter{width:1em;height:1em}.elementor-widget-text-editor .elementor-drop-cap{float:left;text-align:center;line-height:1;font-size:50px}.elementor-widget-text-editor .elementor-drop-cap-letter{display:inline-block}<\/style>\t\t\t\t<ol><li><strong>Atroszko, P.A. (2025). <\/strong>Work addiction: Current state of scientific knowledge [Uzale\u017cnienie od pracy \u2013 aktualny stan wiedzy], XLIII Szko\u0142a Zimowa Instytutu Farmakologii Im. Jerzego Maja Polskiej Akademii Nauk &#8220;Chemiczne i behawioralne uzale\u017cnienia w XXI wieku&#8221;, Krak\u00f3w, Poland, February 24-26, 2025.<\/li><li><strong>Atroszko, P.A. (2024).<\/strong> What are the social, economic, and political causes and consequences of occupational burnout in Poland? [Jakie s\u0105 spo\u0142eczne, ekonomiczne i polityczne przyczyny oraz konsekwencje wypalenia zawodowego w Polsce], Conference of general directors of ministries in Poland? Uniej\u00f3w, Poland, November, 22-23, 2024.<\/li><li style=\"font-size: 16px;\"><strong style=\"font-size: 16px;\">Atroszko, P.A<\/strong>. (2024). Work addiction, Gda\u0144sk Technological University, Gda\u0144sk, Poland, May 22, 2024.<\/li><li style=\"font-size: 16px;\"><strong style=\"font-size: 16px;\">Atroszko, P.A.,\u00a0<\/strong><strong>Charzy\u0144ska, E.<\/strong> (2024). Work as an escape from difficult emotions: Work addiction in 85 cultures around the world [Praca jako ucieczka od trudnych emocji: Uzale\u017cnienie od pracy w 85 kulturach na \u015bwiecie] Closer to emotions [Bli\u017cej emocji], May 15, 2024.<\/li><li style=\"font-size: 16px;\"><strong>Atroszko, P.A.<\/strong> (2024). Work Addiction and Sustainable HR, Paper, Sustainable Human Resource Management Conference &#8211; An International Perspective, SGH Warsaw School of Economics , Warsaw, 24-25.04.2024<\/li><li style=\"font-size: 16px;\"><strong>Atroszko, P.A.<\/strong> (2024). Sense of security and work addiction [Poczucie bezpiecze\u0144stwa a uzale\u017cnienie od pracy], FIRST: SAFETY. That is, employee well-being from the ground up. [PO PIERWSZE: BEZPIECZE\u0143STWO. Czyli dobrostan pracownika od podstaw], meet&amp;grow, Warszawa, Poland, March 19, 2024<\/li><li style=\"font-size: 16px;\"><strong>Atroszko, P.A.,<\/strong> <strong>Czerwi\u0144ski S., Bu\u017aniak, A., Woropay-Hordziejewicz, N., Schneider, Z., Charzy\u0144ska, E.<\/strong> (2024). Work addiction measurement across countries: The role of cultural dimensions in construct cohesion, ICBA 2024 &#8211; 9th International Conference on Behavioral Addictions, Gibraltar,UK, 8\u201310.07.2024.<\/li><li><strong>Charzy\u0144ska, E., Bu\u017aniak, A., Czerwi\u0144ski, S., Woropay-Hordziejewicz, N., Schneider, Z., &amp; Atroszko, P. A.<\/strong> (2024). International Work Addiction Scale (IWAS) as a globally valid screening tool: Cut-offs, sensitivity, specificity, and classification consistency. ICBA 2024 \u2013 9th International Conference on Behavioral Addictions, Gibraltar, UK, 8\u201310.07.2024.<\/li><li style=\"font-size: 16px;\"><strong>Atroszko, P.A.,<\/strong>\u00a0Kun B. (2024). Session co-chair: Work addiction, ICBA 2024 &#8211; 9th International Conference on Behavioral Addictions, Gibraltar,UK, 8\u201310.07.2024.<\/li><li style=\"font-size: 16px;\"><strong>Atroszko, P.A., Charzy\u0144ska, E.<\/strong> (2024). Gender differences in work addiction across 81 countries from 6 continents, EAOHP \u2013 16<sup>th<\/sup> Conference of the European Academy of Occupational Health Psychology 2024, Granada, Spain, 4-7.06.2024.<\/li><li style=\"font-size: 16px;\"><strong>Atroszko, P.A., <\/strong>Balducci, C., (2024). Work Addiction and Occupational Health: Organizational and Clinical Characterization of Workaholism, Symposium Co-Chair, EAOHP \u2013 16<sup>th<\/sup> Conference of the European Academy of Occupational Health Psychology 2024, Granada, Spain, 4-7.06.2024.<\/li><li style=\"font-size: 16px;\"><strong>Atroszko, P.A.,<\/strong> <strong>Charzy\u0144ska, E.<\/strong> (2023). International Work Addiction Scale: Development and validation of the measurement invariance of a short screening tool in over 70 countries from six continents, Poster, Work, Stress, and Health 2023 Conference, Miami, Fl, USA (online), 8-11.11.2023<\/li><li><p><strong>Atroszko, P.A.,<\/strong> <strong>Charzy\u0144ska, E.<\/strong> (2023). The current state of knowledge on micro, meso, and macro risk factors of work addiction and the design of a global survey in over 60 countries, Paper, ICBA 2023 &#8211; 8th International Conference on Behavioral Addictions, Incheon, South Korea, 23\u201325.08.2023<\/p><\/li><\/ol>\t\t\t\t\t\t<\/div>\n\t\t\t\t<\/div>\n\t\t\t\t\t<\/div>\n\t\t<\/div>\n\t\t\t\t\t\t\t<\/div>\n\t\t<\/section>\n\t\t\t\t\t\t\t<\/div>","protected":false},"excerpt":{"rendered":"<p>Results of our studies presented at scientific conferences Atroszko, P.A. (2025). Work addiction: Current state of scientific knowledge [Uzale\u017cnienie od pracy \u2013 aktualny stan wiedzy], XLIII Szko\u0142a Zimowa Instytutu Farmakologii Im. Jerzego Maja Polskiej Akademii Nauk &#8220;Chemiczne i behawioralne uzale\u017cnienia w XXI wieku&#8221;, Krak\u00f3w, Poland, February 24-26, 2025. Atroszko, P.A. (2024). What are the social, &hellip;<\/p>\n<p class=\"read-more\"> <a class=\"\" href=\"https:\/\/workaddiction.org\/sk\/conferences\/\"> <span class=\"screen-reader-text\">konferencie<\/span> \u010c\u00edtajte viac \u00bb<\/a><\/p>","protected":false},"author":1,"featured_media":0,"parent":0,"menu_order":0,"comment_status":"closed","ping_status":"closed","template":"","meta":{"site-sidebar-layout":"no-sidebar","site-content-layout":"page-builder","ast-main-header-display":"","ast-hfb-above-header-display":"","ast-hfb-below-header-display":"","ast-hfb-mobile-header-display":"","site-post-title":"disabled","ast-breadcrumbs-content":"","ast-featured-img":"disabled","footer-sml-layout":"","theme-transparent-header-meta":"","adv-header-id-meta":"","stick-header-meta":"","header-above-stick-meta":"","header-main-stick-meta":"","header-below-stick-meta":""},"_links":{"self":[{"href":"https:\/\/workaddiction.org\/sk\/wp-json\/wp\/v2\/pages\/1080"}],"collection":[{"href":"https:\/\/workaddiction.org\/sk\/wp-json\/wp\/v2\/pages"}],"about":[{"href":"https:\/\/workaddiction.org\/sk\/wp-json\/wp\/v2\/types\/page"}],"author":[{"embeddable":true,"href":"https:\/\/workaddiction.org\/sk\/wp-json\/wp\/v2\/users\/1"}],"replies":[{"embeddable":true,"href":"https:\/\/workaddiction.org\/sk\/wp-json\/wp\/v2\/comments?post=1080"}],"version-history":[{"count":29,"href":"https:\/\/workaddiction.org\/sk\/wp-json\/wp\/v2\/pages\/1080\/revisions"}],"predecessor-version":[{"id":5679,"href":"https:\/\/workaddiction.org\/sk\/wp-json\/wp\/v2\/pages\/1080\/revisions\/5679"}],"wp:attachment":[{"href":"https:\/\/workaddiction.org\/sk\/wp-json\/wp\/v2\/media?parent=1080"}],"curies":[{"name":"wp","href":"https:\/\/api.w.org\/{rel}","templated":true}]}}