{"id":1360,"date":"2022-04-20T09:44:49","date_gmt":"2022-04-20T09:44:49","guid":{"rendered":"http:\/\/workaddiction.org\/?page_id=1360"},"modified":"2023-01-19T07:16:16","modified_gmt":"2023-01-19T07:16:16","slug":"history","status":"publish","type":"page","link":"https:\/\/workaddiction.org\/sq\/history\/","title":{"rendered":"Historia"},"content":{"rendered":"<div data-elementor-type=\"wp-page\" data-elementor-id=\"1360\" class=\"elementor elementor-1360\">\n\t\t\t\t\t\t\t\t\t<section class=\"elementor-section elementor-top-section elementor-element elementor-element-9b78341 elementor-section-boxed elementor-section-height-default elementor-section-height-default\" data-id=\"9b78341\" data-element_type=\"section\">\n\t\t\t\t\t\t<div class=\"elementor-container elementor-column-gap-default\">\n\t\t\t\t\t<div class=\"elementor-column elementor-col-100 elementor-top-column elementor-element elementor-element-2aca42a\" data-id=\"2aca42a\" data-element_type=\"column\">\n\t\t\t<div class=\"elementor-widget-wrap elementor-element-populated\">\n\t\t\t\t\t\t\t\t<div class=\"elementor-element elementor-element-4d5545f elementor-widget elementor-widget-text-editor\" data-id=\"4d5545f\" data-element_type=\"widget\" data-widget_type=\"text-editor.default\">\n\t\t\t\t<div class=\"elementor-widget-container\">\n\t\t\t<style>\/*! elementor - v3.6.2 - 04-04-2022 *\/\n.elementor-widget-text-editor.elementor-drop-cap-view-stacked .elementor-drop-cap{background-color:#818a91;color:#fff}.elementor-widget-text-editor.elementor-drop-cap-view-framed .elementor-drop-cap{color:#818a91;border:3px solid;background-color:transparent}.elementor-widget-text-editor:not(.elementor-drop-cap-view-default) .elementor-drop-cap{margin-top:8px}.elementor-widget-text-editor:not(.elementor-drop-cap-view-default) .elementor-drop-cap-letter{width:1em;height:1em}.elementor-widget-text-editor .elementor-drop-cap{float:left;text-align:center;line-height:1;font-size:50px}.elementor-widget-text-editor .elementor-drop-cap-letter{display:inline-block}<\/style>\t\t\t\t\t\t\t\t\t\t<\/div>\n\t\t\t\t<\/div>\n\t\t\t\t\t<\/div>\n\t\t<\/div>\n\t\t\t\t\t\t\t<\/div>\n\t\t<\/section>\n\t\t\t\t<section class=\"elementor-section elementor-top-section elementor-element elementor-element-f0797d8 elementor-section-boxed elementor-section-height-default elementor-section-height-default\" data-id=\"f0797d8\" data-element_type=\"section\">\n\t\t\t\t\t\t<div class=\"elementor-container elementor-column-gap-default\">\n\t\t\t\t\t<div class=\"elementor-column elementor-col-100 elementor-top-column elementor-element elementor-element-d9d3ae7\" data-id=\"d9d3ae7\" data-element_type=\"column\">\n\t\t\t<div class=\"elementor-widget-wrap elementor-element-populated\">\n\t\t\t\t\t\t\t\t<div class=\"elementor-element elementor-element-90bfad7 elementor-widget elementor-widget-heading\" data-id=\"90bfad7\" data-element_type=\"widget\" data-widget_type=\"heading.default\">\n\t\t\t\t<div class=\"elementor-widget-container\">\n\t\t\t<style>\/*! elementor - v3.6.2 - 04-04-2022 *\/\n.elementor-heading-title{padding:0;margin:0;line-height:1}.elementor-widget-heading .elementor-heading-title[class*=elementor-size-]>a{color:inherit;font-size:inherit;line-height:inherit}.elementor-widget-heading .elementor-heading-title.elementor-size-small{font-size:15px}.elementor-widget-heading .elementor-heading-title.elementor-size-medium{font-size:19px}.elementor-widget-heading .elementor-heading-title.elementor-size-large{font-size:29px}.elementor-widget-heading .elementor-heading-title.elementor-size-xl{font-size:39px}.elementor-widget-heading .elementor-heading-title.elementor-size-xxl{font-size:59px}<\/style><h2 class=\"elementor-heading-title elementor-size-default\">Historia<\/h2>\t\t<\/div>\n\t\t\t\t<\/div>\n\t\t\t\t\t<\/div>\n\t\t<\/div>\n\t\t\t\t\t\t\t<\/div>\n\t\t<\/section>\n\t\t\t\t<section class=\"elementor-section elementor-top-section elementor-element elementor-element-6b780fd elementor-section-boxed elementor-section-height-default elementor-section-height-default\" data-id=\"6b780fd\" data-element_type=\"section\">\n\t\t\t\t\t\t<div class=\"elementor-container elementor-column-gap-default\">\n\t\t\t\t\t<div class=\"elementor-column elementor-col-100 elementor-top-column elementor-element elementor-element-6ce2116\" data-id=\"6ce2116\" data-element_type=\"column\">\n\t\t\t<div class=\"elementor-widget-wrap elementor-element-populated\">\n\t\t\t\t\t\t\t\t<div class=\"elementor-element elementor-element-6746f6c elementor-widget elementor-widget-text-editor\" data-id=\"6746f6c\" data-element_type=\"widget\" data-widget_type=\"text-editor.default\">\n\t\t\t\t<div class=\"elementor-widget-container\">\n\t\t\t\t\t\t\t<p style=\"text-align: left;\"><span style=\"color: #000000;\">Var\u00ebsia nga puna \u00ebsht\u00eb nd\u00ebr var\u00ebsit\u00eb e sjelljes me histori relativisht t\u00eb gjat\u00eb k\u00ebrkimi dhe k\u00ebrkimi teorik.<\/span><\/p>\n<p style=\"text-align: left;\"><span style=\"color: #000000;\"> Puna e tep\u00ebrt kompulsive ka t\u00eb ngjar\u00eb t\u00eb jet\u00eb e pranishme n\u00eb shoq\u00ebrit\u00eb njer\u00ebzore q\u00eb nga koh\u00ebrat e lashta; megjithat\u00eb, sipas njohurive tona, nuk ka studime sistematike p\u00ebr k\u00ebt\u00eb \u00e7\u00ebshtje. Preokupimi i tepruar me pun\u00ebn dhe produktivitetin, shpesh i lidhur me lakmin\u00eb, shqet\u00ebsimin e tepruar dhe ankthin mund t\u00eb jet\u00eb i diskutuesh\u00ebm&nbsp;<\/span><a href=\"https:\/\/link.springer.com\/chapter\/10.1007\/978-3-031-04772-5_9\" target=\"_blank\" rel=\"noopener\">gjurmohet t\u00eb pakt\u00ebn n\u00eb shekullin 5\/6 para Krishtit<\/a><span style=\"color: #000000;\">.&nbsp;<\/span><\/p>\n<p style=\"text-align: center;\"><strong>KOHOR I INTERESIT KLINIK DHE SHKENCOR<\/strong><\/p>\n<p style=\"text-align: left;\"><strong>1903<\/strong> <span style=\"color: #000000;\">Pierre Janet p\u00ebrshkroi &quot;psikasteni&quot; lidhur me shqet\u00ebsimet perfeksioniste (dhe q\u00eb i ngjan di\u00e7kaje q\u00eb m\u00eb von\u00eb do t\u00eb quhet \u00e7rregullim i personalitetit obsesiv kompulsiv; OCPD), e adoptuar m\u00eb von\u00eb nga Sigmund Freud. Psikastenik\u00ebt u identifikuan t\u00eb p\u00ebrjetonin probleme fizike si dhimbje koke, dhimbje shpine ose pagjum\u00ebsi. <\/span><\/p>\n<p style=\"text-align: left;\"><span style=\"color: #000000;\"><strong>1919<\/strong> S\u00e1ndor <\/span><span style=\"color: #000000;\">Ferenci p\u00ebrshkroi t\u00eb ashtuquajtur\u00ebn \u201c<\/span><a href=\"https:\/\/www.textlog.de\/8527.html\" target=\"_blank\" rel=\"noopener\">Neuroza e s\u00eb diel\u00ebs<\/a><span style=\"color: #000000;\">\u201c. Simptomat s<\/span><span style=\"color: #000000; font-size: 16px;\">t\u00eb ngjashme me k\u00ebto t\u00eb p\u00ebrjetuara nga psikastenik\u00ebt dhe simptoma t\u00eb tjera fizike jan\u00eb v\u00ebrejtur nd\u00ebr <\/span><span style=\"color: #000000;\">disa individ\u00eb n\u00eb dit\u00ebt q\u00eb po p\u00ebrpiqeshin t\u00eb pushonin nga puna. Ky \u00ebsht\u00eb ndoshta treguesi i par\u00eb&nbsp;<\/span><span style=\"color: #000000; font-size: 16px; font-style: normal; font-weight: 400;\">e simptomave t\u00eb t\u00ebrheqjes q\u00eb lidhen me var\u00ebsin\u00eb nga puna <\/span><span style=\"color: #000000; font-size: 16px;\">n\u00eb literatur\u00ebn klinike.&nbsp;<\/span><\/p>\n<p><strong>1952<\/strong> <span style=\"color: #000000;\">DSM-I (APA 1952, f. 37) p\u00ebrfshinte personalitetin kompulsiv me tipare t\u00eb tilla si &quot;nj\u00eb aft\u00ebsi e tep\u00ebrt p\u00ebr pun\u00eb&quot; dhe &quot;munges\u00eb [e] nj\u00eb kapaciteti normal p\u00ebr relaksim&quot;.<\/span><\/p>\n<p style=\"text-align: left;\"><span style=\"color: #000000;\"><strong>1968\/1971<\/strong> Nocioni i workaholism\/var\u00ebsia nga puna u prezantua n\u00eb literatur\u00ebn psikologjike nga&nbsp;<\/span><a href=\"https:\/\/www.nytimes.com\/1999\/10\/26\/us\/wayne-e-oates-82-is-dead-coined-the-term-workaholic.html\" target=\"_blank\" rel=\"noopener\">Wayne Oates<\/a><span style=\"color: #000000;\">.<\/span><\/p>\n<p><strong>1970<\/strong> <span style=\"color: #000000;\"> &nbsp;Qysh n\u00eb vitet 1970 prirjet pun\u00ebtore jan\u00eb pranuar n\u00eb&nbsp;<\/span><a href=\"https:\/\/jamanetwork.com\/journals\/jama\/article-abstract\/349598\" target=\"_blank\" rel=\"noopener\">literatur\u00eb mjek\u00ebsore t\u00eb profilit t\u00eb lart\u00eb<\/a><span style=\"color: #000000;\">.<\/span><\/p>\n<p><strong>2013<\/strong> <span style=\"color: #000000;\">P\u00ebrkushtimi i tepruar i pun\u00ebs ishte nj\u00eb nga kriteret e pakta t\u00eb OCPD q\u00eb kan\u00eb vazhduar q\u00eb nga DSM-III deri n\u00eb DSM 5 (APA 2013), dhe shpesh cil\u00ebsohet si &quot;punaholiz\u00ebm&quot; n\u00eb literatur\u00ebn OCPD (Grilo et al. 2004).<\/span><\/p>\t\t\t\t\t\t<\/div>\n\t\t\t\t<\/div>\n\t\t\t\t\t<\/div>\n\t\t<\/div>\n\t\t\t\t\t\t\t<\/div>\n\t\t<\/section>\n\t\t\t\t\t\t\t<\/div>","protected":false},"excerpt":{"rendered":"<p>Historia Var\u00ebsia nga puna \u00ebsht\u00eb nd\u00ebr var\u00ebsit\u00eb e sjelljes me histori relativisht t\u00eb gjat\u00eb k\u00ebrkimi dhe k\u00ebrkimi teorik. Puna e tep\u00ebrt kompulsive ka t\u00eb ngjar\u00eb t\u00eb jet\u00eb e pranishme n\u00eb shoq\u00ebrit\u00eb njer\u00ebzore q\u00eb nga koh\u00ebrat e lashta; megjithat\u00eb, sipas njohurive tona, nuk ka studime sistematike p\u00ebr k\u00ebt\u00eb \u00e7\u00ebshtje. Preokupimi i tepruar me pun\u00ebn dhe produktivitetin, shpesh i lidhur me lakmin\u00eb, shqet\u00ebsimin e tepruar dhe\u2026<\/p>\n<p class=\"read-more\"> <a class=\"\" href=\"https:\/\/workaddiction.org\/sq\/history\/\"> <span class=\"screen-reader-text\">Historia<\/span> Lexo m\u00eb shum\u00eb &quot;<\/a><\/p>","protected":false},"author":1,"featured_media":0,"parent":0,"menu_order":0,"comment_status":"closed","ping_status":"closed","template":"","meta":{"site-sidebar-layout":"no-sidebar","site-content-layout":"page-builder","ast-main-header-display":"","ast-hfb-above-header-display":"","ast-hfb-below-header-display":"","ast-hfb-mobile-header-display":"","site-post-title":"disabled","ast-breadcrumbs-content":"","ast-featured-img":"disabled","footer-sml-layout":"","theme-transparent-header-meta":"","adv-header-id-meta":"","stick-header-meta":"","header-above-stick-meta":"","header-main-stick-meta":"","header-below-stick-meta":""},"_links":{"self":[{"href":"https:\/\/workaddiction.org\/sq\/wp-json\/wp\/v2\/pages\/1360"}],"collection":[{"href":"https:\/\/workaddiction.org\/sq\/wp-json\/wp\/v2\/pages"}],"about":[{"href":"https:\/\/workaddiction.org\/sq\/wp-json\/wp\/v2\/types\/page"}],"author":[{"embeddable":true,"href":"https:\/\/workaddiction.org\/sq\/wp-json\/wp\/v2\/users\/1"}],"replies":[{"embeddable":true,"href":"https:\/\/workaddiction.org\/sq\/wp-json\/wp\/v2\/comments?post=1360"}],"version-history":[{"count":86,"href":"https:\/\/workaddiction.org\/sq\/wp-json\/wp\/v2\/pages\/1360\/revisions"}],"predecessor-version":[{"id":5111,"href":"https:\/\/workaddiction.org\/sq\/wp-json\/wp\/v2\/pages\/1360\/revisions\/5111"}],"wp:attachment":[{"href":"https:\/\/workaddiction.org\/sq\/wp-json\/wp\/v2\/media?parent=1360"}],"curies":[{"name":"wp","href":"https:\/\/api.w.org\/{rel}","templated":true}]}}