{"id":1122,"date":"2022-04-03T14:01:39","date_gmt":"2022-04-03T14:01:39","guid":{"rendered":"http:\/\/workaddiction.org\/?page_id=1122"},"modified":"2023-01-05T07:04:21","modified_gmt":"2023-01-05T07:04:21","slug":"meso","status":"publish","type":"page","link":"https:\/\/workaddiction.org\/sv\/meso\/","title":{"rendered":"Meso"},"content":{"rendered":"<div data-elementor-type=\"wp-page\" data-elementor-id=\"1122\" class=\"elementor elementor-1122\">\n\t\t\t\t\t\t\t\t\t<section class=\"elementor-section elementor-top-section elementor-element elementor-element-7ca0568 elementor-section-boxed elementor-section-height-default elementor-section-height-default\" data-id=\"7ca0568\" data-element_type=\"section\">\n\t\t\t\t\t\t<div class=\"elementor-container elementor-column-gap-default\">\n\t\t\t\t\t<div class=\"elementor-column elementor-col-100 elementor-top-column elementor-element elementor-element-6e2dafa\" data-id=\"6e2dafa\" data-element_type=\"column\">\n\t\t\t<div class=\"elementor-widget-wrap elementor-element-populated\">\n\t\t\t\t\t\t\t\t<div class=\"elementor-element elementor-element-ed1b17f elementor-widget elementor-widget-heading\" data-id=\"ed1b17f\" data-element_type=\"widget\" data-widget_type=\"heading.default\">\n\t\t\t\t<div class=\"elementor-widget-container\">\n\t\t\t<style>\/*! elementor - v3.6.2 - 04-04-2022 *\/\n.elementor-heading-title{padding:0;margin:0;line-height:1}.elementor-widget-heading .elementor-heading-title[class*=elementor-size-]>a{color:inherit;font-size:inherit;line-height:inherit}.elementor-widget-heading .elementor-heading-title.elementor-size-small{font-size:15px}.elementor-widget-heading .elementor-heading-title.elementor-size-medium{font-size:19px}.elementor-widget-heading .elementor-heading-title.elementor-size-large{font-size:29px}.elementor-widget-heading .elementor-heading-title.elementor-size-xl{font-size:39px}.elementor-widget-heading .elementor-heading-title.elementor-size-xxl{font-size:59px}<\/style><h2 class=\"elementor-heading-title elementor-size-default\">Mesoniv\u00e5: Organisatoriska l\u00f6sningar<\/h2>\t\t<\/div>\n\t\t\t\t<\/div>\n\t\t\t\t\t<\/div>\n\t\t<\/div>\n\t\t\t\t\t\t\t<\/div>\n\t\t<\/section>\n\t\t\t\t<section class=\"elementor-section elementor-top-section elementor-element elementor-element-96cae83 elementor-section-boxed elementor-section-height-default elementor-section-height-default\" data-id=\"96cae83\" data-element_type=\"section\">\n\t\t\t\t\t\t<div class=\"elementor-container elementor-column-gap-default\">\n\t\t\t\t\t<div class=\"elementor-column elementor-col-100 elementor-top-column elementor-element elementor-element-967fe14\" data-id=\"967fe14\" data-element_type=\"column\">\n\t\t\t<div class=\"elementor-widget-wrap elementor-element-populated\">\n\t\t\t\t\t\t\t\t<div class=\"elementor-element elementor-element-9c31a33 elementor-widget elementor-widget-text-editor\" data-id=\"9c31a33\" data-element_type=\"widget\" data-widget_type=\"text-editor.default\">\n\t\t\t\t<div class=\"elementor-widget-container\">\n\t\t\t<style>\/*! elementor - v3.6.2 - 04-04-2022 *\/\n.elementor-widget-text-editor.elementor-drop-cap-view-stacked .elementor-drop-cap{background-color:#818a91;color:#fff}.elementor-widget-text-editor.elementor-drop-cap-view-framed .elementor-drop-cap{color:#818a91;border:3px solid;background-color:transparent}.elementor-widget-text-editor:not(.elementor-drop-cap-view-default) .elementor-drop-cap{margin-top:8px}.elementor-widget-text-editor:not(.elementor-drop-cap-view-default) .elementor-drop-cap-letter{width:1em;height:1em}.elementor-widget-text-editor .elementor-drop-cap{float:left;text-align:center;line-height:1;font-size:50px}.elementor-widget-text-editor .elementor-drop-cap-letter{display:inline-block}<\/style>\t\t\t\t<p><a href=\"https:\/\/workaddiction.org\/sv\/meso\/\" target=\"_blank\" rel=\"noopener\">Arbetsgivare<\/a>\u00a0som kan tillhandah\u00e5lla h\u00e4lsosamma arbetsmilj\u00f6er som m\u00f6ter sina anst\u00e4lldas psykologiska behov och bryr sig om deras balanserade utveckling kan minska arbetsrelaterade risker, inklusive arbetsberoende, arbetsdepression och utbr\u00e4ndhet, avsev\u00e4rt.\u00a0<\/p>\t\t\t\t\t\t<\/div>\n\t\t\t\t<\/div>\n\t\t\t\t\t<\/div>\n\t\t<\/div>\n\t\t\t\t\t\t\t<\/div>\n\t\t<\/section>\n\t\t\t\t<section class=\"elementor-section elementor-top-section elementor-element elementor-element-77efa91 elementor-section-boxed elementor-section-height-default elementor-section-height-default\" data-id=\"77efa91\" data-element_type=\"section\">\n\t\t\t\t\t\t<div class=\"elementor-container elementor-column-gap-default\">\n\t\t\t\t\t<div class=\"elementor-column elementor-col-100 elementor-top-column elementor-element elementor-element-4716092\" data-id=\"4716092\" data-element_type=\"column\">\n\t\t\t<div class=\"elementor-widget-wrap elementor-element-populated\">\n\t\t\t\t\t\t\t\t<div class=\"elementor-element elementor-element-f53dbf8 elementor-widget elementor-widget-text-editor\" data-id=\"f53dbf8\" data-element_type=\"widget\" data-widget_type=\"text-editor.default\">\n\t\t\t\t<div class=\"elementor-widget-container\">\n\t\t\t\t\t\t\t<p style=\"text-align: center;\"><span style=\"text-decoration: underline;\"><strong>ALLM\u00c4NNA REKOMMENDATIONER<\/strong><\/span><\/p>\n<p>Den fr\u00e4msta utmaningen f\u00f6r arbetsgivare och chefer \u00e4r att fr\u00e4mja h\u00e4lsosamt engagemang och minska arbetsberoendet.&nbsp;<a href=\"https:\/\/akjournals.com\/view\/journals\/2006\/3\/1\/article-p1.xml\" target=\"_blank\" rel=\"noopener\">Potentiella l\u00f6sningar<\/a>&nbsp;fokusera p\u00e5 normer och v\u00e4rderingar som uppmuntrar arbetsengagemang snarare \u00e4n arbetsnarkoman, och ger:&nbsp;<\/p>\n<ul>\n<li>uppfylla de anst\u00e4lldas grundl\u00e4ggande behov i arbetet,<\/li>\n<li>korrekt ledningsbeteende s\u00e5som transformerande ledarskapsstil; det betyder att ledare ska p\u00e5verka med exempel, anv\u00e4nda inspirerande motivation, visa individuell h\u00e4nsyn och stimulera andra intellektuellt,<\/li>\n<li>karri\u00e4rs r\u00e5dgivning,<\/li>\n<li>program f\u00f6r balans mellan arbete och privatliv som fokuserar p\u00e5 att utbilda anst\u00e4llda i f\u00e4rdigheter relaterade till tidshantering,<br>stressreducering och avslappningstekniker.<\/li>\n<\/ul>\n<p><a style=\"font-size: 1rem;\" href=\"https:\/\/www.ncbi.nlm.nih.gov\/pmc\/articles\/PMC3835604\/\" target=\"_blank\" rel=\"noopener\">Rekommendationer<\/a>&nbsp;inkluderar \u00e4ven:<\/p>\n<ul>\n<li>anv\u00e4ndningen av personalhj\u00e4lpsprogram,<\/li>\n<li>p\u00e5tvingade semester,<\/li>\n<li>utvecklingsm\u00f6jligheter f\u00f6r b\u00e4ttre engagemang,<\/li>\n<li>flexibla roller.<\/li>\n<\/ul>\t\t\t\t\t\t<\/div>\n\t\t\t\t<\/div>\n\t\t\t\t\t<\/div>\n\t\t<\/div>\n\t\t\t\t\t\t\t<\/div>\n\t\t<\/section>\n\t\t\t\t<section class=\"elementor-section elementor-top-section elementor-element elementor-element-a9365eb elementor-section-boxed elementor-section-height-default elementor-section-height-default\" data-id=\"a9365eb\" data-element_type=\"section\">\n\t\t\t\t\t\t<div class=\"elementor-container elementor-column-gap-default\">\n\t\t\t\t\t<div class=\"elementor-column elementor-col-100 elementor-top-column elementor-element elementor-element-e657aa3\" data-id=\"e657aa3\" data-element_type=\"column\">\n\t\t\t<div class=\"elementor-widget-wrap elementor-element-populated\">\n\t\t\t\t\t\t\t\t<div class=\"elementor-element elementor-element-be2c0be elementor-widget elementor-widget-text-editor\" data-id=\"be2c0be\" data-element_type=\"widget\" data-widget_type=\"text-editor.default\">\n\t\t\t\t<div class=\"elementor-widget-container\">\n\t\t\t\t\t\t\t<p style=\"text-align: center;\"><span style=\"text-decoration: underline;\"><strong>LEDARENAS ROLL<\/strong><\/span><\/p>\n<p><span style=\"font-size: 16px; font-style: normal; font-weight: 400;\">En av de avg\u00f6rande punkterna p\u00e5&nbsp;<\/span><a href=\"https:\/\/www.who.int\/publications\/i\/item\/9789240053052\" target=\"_blank\" rel=\"noopener\">WHO:s agenda<\/a><span style=\"font-size: 16px; font-style: normal; font-weight: 400;\">&nbsp;f\u00f6r de kommande \u00e5ren tar itu med <\/span><span style=\"font-size: 16px; font-style: normal; font-weight: 400;\">utbr\u00e4ndhet. <\/span>Det finns en rik och fortfarande v\u00e4xande litteratur om l\u00f6sningar f\u00f6r en h\u00e4lsosam arbetsplats, och samtidigt&nbsp;<a href=\"https:\/\/www.mdpi.com\/1660-4601\/17\/2\/660\/htm\" target=\"_blank\" rel=\"noopener\">utbr\u00e4ndhet, och arbetsrelaterad depression och \u00e5ngest v\u00e4xer snarare \u00e4n minskar problemen<\/a>&nbsp;\u00f6ver l\u00e4nder och yrken. Det visar p\u00e5 en tydlig disproportion mellan snabbt uppkommande nya studier som ut\u00f6kar den vetenskapliga litteraturen om en h\u00e4lsosam arbetsplats och \u00f6kad arbetsrelaterad oh\u00e4lsa.&nbsp;<\/p>\n<p>En av de troliga orsakerna till den d\u00e5liga oms\u00e4ttningen av kunskap till praktiken \u00e4r att individer som borde vara ansvariga f\u00f6r att inf\u00f6ra och hantera h\u00e4lsosamma beteenden p\u00e5 arbetsplatsen, det vill s\u00e4ga ledare och <a href=\"https:\/\/workaddiction.org\/sv\/risk-factors\/\" target=\"_blank\" rel=\"noopener\">chefer, \u00e4r de som visar h\u00f6g risk f\u00f6r tv\u00e5ngsm\u00e4ssig \u00f6veranstr\u00e4ngning<\/a>.<\/p>\n<p>Ledare och chefer:<\/p>\n<ul>\n<li>ha en direkt och indirekt effekt p\u00e5 de anst\u00e4lldas v\u00e4lbefinnande,&nbsp;<\/li>\n<li>p\u00e5verka organisationskulturen och klimatet, som \u00e4r&nbsp;<a href=\"https:\/\/workaddiction.org\/sv\/risk-factors\/\" target=\"_blank\" rel=\"noopener\">erk\u00e4nda faktorer som bidrar till arbetsberoende,<\/a><\/li>\n<li>vilka \u00e4r&nbsp;<span style=\"font-size: 16px; font-style: normal; font-weight: 400;\"><a href=\"https:\/\/www.amfiteatrueconomic.ro\/temp\/Article_2962.pdf\" target=\"_blank\" rel=\"noopener\">beroende av arbete bidrar till skada f\u00f6r anst\u00e4llda<\/a>&nbsp;n\u00e4r det g\u00e4ller kronisk stress, psykisk och fysisk oh\u00e4lsa, och<\/span><br><span style=\"font-size: 16px; font-style: normal; font-weight: 400;\">f\u00f6rlust av produktivitet p\u00e5 grund av ineffektiv \u00f6vervakning.<\/span><\/li>\n<\/ul>\n<p>I en s\u00e5dan situation uppst\u00e5r en avsev\u00e4rd utmaning: hur kan vi utveckla ramverk f\u00f6r att effektivt implementera h\u00e4lsosamma arbetsmilj\u00f6insatser med h\u00e4nsyn till att ledare l\u00f6per h\u00f6g risk f\u00f6r arbetsberoende och beroende i de flesta fall \u00e4r relaterat till f\u00f6rnekelse?<\/p>\n<p>Framf\u00f6r allt handlar det om att minska m\u00e4nskligt lidande. Samtidigt \u00e4r det ocks\u00e5 ett avg\u00f6rande ekonomiskt problem eftersom arbetsstress genererar enormt&nbsp;<a href=\"https:\/\/www.who.int\/publications\/i\/item\/9789240053052\" target=\"_blank\" rel=\"noopener\">kostnader f\u00f6r samh\u00e4llet och industrin.<\/a><\/p>\n<p>Av denna anledning b\u00f6r regeringar, sociala institutioner och organisationer vara mycket intresserade av att systematiskt unders\u00f6ka denna fr\u00e5ga i syfte att utveckla genomf\u00f6rbara och effektiva mot\u00e5tg\u00e4rder, inklusive l\u00f6sningar som tar h\u00e4nsyn till karakt\u00e4ren av tv\u00e5ngsm\u00e4ssigt \u00f6verarbete och omfattningen av dess konsekvenser.<\/p>\n<p>Det f\u00f6rsta steget f\u00f6r att f\u00f6r\u00e4ndra denna situation \u00e4r att erk\u00e4nna problemet med arbetsberoende och dess betydelse f\u00f6r ledarskap, ledning och \u00f6vergripande funktion hos organisationer och individer.<\/p>\t\t\t\t\t\t<\/div>\n\t\t\t\t<\/div>\n\t\t\t\t\t<\/div>\n\t\t<\/div>\n\t\t\t\t\t\t\t<\/div>\n\t\t<\/section>\n\t\t\t\t\t\t\t<\/div>","protected":false},"excerpt":{"rendered":"<p>Mesoniv\u00e5: Organisatoriska l\u00f6sningar Arbetsgivare som kan tillhandah\u00e5lla h\u00e4lsosamma arbetsmilj\u00f6er som m\u00f6ter sina anst\u00e4lldas psykologiska behov och bryr sig om deras balanserade utveckling kan minska arbetsrelaterade risker, inklusive arbetsberoende, arbetsdepression och utbr\u00e4ndhet, avsev\u00e4rt. ALLM\u00c4NNA REKOMMENDATIONER Den fr\u00e4msta utmaningen f\u00f6r arbetsgivare och chefer \u00e4r att fr\u00e4mja h\u00e4lsosamt engagemang och minska arbetsberoendet. Potentiell\u2026<\/p>\n<p class=\"read-more\"> <a class=\"\" href=\"https:\/\/workaddiction.org\/sv\/meso\/\"> <span class=\"screen-reader-text\">Meso<\/span> L\u00e4s mer \u00bb<\/a><\/p>","protected":false},"author":1,"featured_media":0,"parent":0,"menu_order":0,"comment_status":"closed","ping_status":"closed","template":"","meta":{"site-sidebar-layout":"no-sidebar","site-content-layout":"page-builder","ast-main-header-display":"","ast-hfb-above-header-display":"","ast-hfb-below-header-display":"","ast-hfb-mobile-header-display":"","site-post-title":"disabled","ast-breadcrumbs-content":"","ast-featured-img":"disabled","footer-sml-layout":"","theme-transparent-header-meta":"","adv-header-id-meta":"","stick-header-meta":"","header-above-stick-meta":"","header-main-stick-meta":"","header-below-stick-meta":""},"_links":{"self":[{"href":"https:\/\/workaddiction.org\/sv\/wp-json\/wp\/v2\/pages\/1122"}],"collection":[{"href":"https:\/\/workaddiction.org\/sv\/wp-json\/wp\/v2\/pages"}],"about":[{"href":"https:\/\/workaddiction.org\/sv\/wp-json\/wp\/v2\/types\/page"}],"author":[{"embeddable":true,"href":"https:\/\/workaddiction.org\/sv\/wp-json\/wp\/v2\/users\/1"}],"replies":[{"embeddable":true,"href":"https:\/\/workaddiction.org\/sv\/wp-json\/wp\/v2\/comments?post=1122"}],"version-history":[{"count":65,"href":"https:\/\/workaddiction.org\/sv\/wp-json\/wp\/v2\/pages\/1122\/revisions"}],"predecessor-version":[{"id":4896,"href":"https:\/\/workaddiction.org\/sv\/wp-json\/wp\/v2\/pages\/1122\/revisions\/4896"}],"wp:attachment":[{"href":"https:\/\/workaddiction.org\/sv\/wp-json\/wp\/v2\/media?parent=1122"}],"curies":[{"name":"wp","href":"https:\/\/api.w.org\/{rel}","templated":true}]}}