{"id":1360,"date":"2022-04-20T09:44:49","date_gmt":"2022-04-20T09:44:49","guid":{"rendered":"http:\/\/workaddiction.org\/?page_id=1360"},"modified":"2023-01-19T07:16:16","modified_gmt":"2023-01-19T07:16:16","slug":"history","status":"publish","type":"page","link":"https:\/\/workaddiction.org\/vi\/history\/","title":{"rendered":"L\u1ecbch s\u1eed"},"content":{"rendered":"<div data-elementor-type=\"wp-page\" data-elementor-id=\"1360\" class=\"elementor elementor-1360\">\n\t\t\t\t\t\t\t\t\t<section class=\"elementor-section elementor-top-section elementor-element elementor-element-9b78341 elementor-section-boxed elementor-section-height-default elementor-section-height-default\" data-id=\"9b78341\" data-element_type=\"section\">\n\t\t\t\t\t\t<div class=\"elementor-container elementor-column-gap-default\">\n\t\t\t\t\t<div class=\"elementor-column elementor-col-100 elementor-top-column elementor-element elementor-element-2aca42a\" data-id=\"2aca42a\" data-element_type=\"column\">\n\t\t\t<div class=\"elementor-widget-wrap elementor-element-populated\">\n\t\t\t\t\t\t\t\t<div class=\"elementor-element elementor-element-4d5545f elementor-widget elementor-widget-text-editor\" data-id=\"4d5545f\" data-element_type=\"widget\" data-widget_type=\"text-editor.default\">\n\t\t\t\t<div class=\"elementor-widget-container\">\n\t\t\t<style>\/*! elementor - v3.6.2 - 04-04-2022 *\/\n.elementor-widget-text-editor.elementor-drop-cap-view-stacked .elementor-drop-cap{background-color:#818a91;color:#fff}.elementor-widget-text-editor.elementor-drop-cap-view-framed .elementor-drop-cap{color:#818a91;border:3px solid;background-color:transparent}.elementor-widget-text-editor:not(.elementor-drop-cap-view-default) .elementor-drop-cap{margin-top:8px}.elementor-widget-text-editor:not(.elementor-drop-cap-view-default) .elementor-drop-cap-letter{width:1em;height:1em}.elementor-widget-text-editor .elementor-drop-cap{float:left;text-align:center;line-height:1;font-size:50px}.elementor-widget-text-editor .elementor-drop-cap-letter{display:inline-block}<\/style>\t\t\t\t\t\t\t\t\t\t<\/div>\n\t\t\t\t<\/div>\n\t\t\t\t\t<\/div>\n\t\t<\/div>\n\t\t\t\t\t\t\t<\/div>\n\t\t<\/section>\n\t\t\t\t<section class=\"elementor-section elementor-top-section elementor-element elementor-element-f0797d8 elementor-section-boxed elementor-section-height-default elementor-section-height-default\" data-id=\"f0797d8\" data-element_type=\"section\">\n\t\t\t\t\t\t<div class=\"elementor-container elementor-column-gap-default\">\n\t\t\t\t\t<div class=\"elementor-column elementor-col-100 elementor-top-column elementor-element elementor-element-d9d3ae7\" data-id=\"d9d3ae7\" data-element_type=\"column\">\n\t\t\t<div class=\"elementor-widget-wrap elementor-element-populated\">\n\t\t\t\t\t\t\t\t<div class=\"elementor-element elementor-element-90bfad7 elementor-widget elementor-widget-heading\" data-id=\"90bfad7\" data-element_type=\"widget\" data-widget_type=\"heading.default\">\n\t\t\t\t<div class=\"elementor-widget-container\">\n\t\t\t<style>\/*! elementor - v3.6.2 - 04-04-2022 *\/\n.elementor-heading-title{padding:0;margin:0;line-height:1}.elementor-widget-heading .elementor-heading-title[class*=elementor-size-]>a{color:inherit;font-size:inherit;line-height:inherit}.elementor-widget-heading .elementor-heading-title.elementor-size-small{font-size:15px}.elementor-widget-heading .elementor-heading-title.elementor-size-medium{font-size:19px}.elementor-widget-heading .elementor-heading-title.elementor-size-large{font-size:29px}.elementor-widget-heading .elementor-heading-title.elementor-size-xl{font-size:39px}.elementor-widget-heading .elementor-heading-title.elementor-size-xxl{font-size:59px}<\/style><h2 class=\"elementor-heading-title elementor-size-default\">L\u1ecbch s\u1eed<\/h2>\t\t<\/div>\n\t\t\t\t<\/div>\n\t\t\t\t\t<\/div>\n\t\t<\/div>\n\t\t\t\t\t\t\t<\/div>\n\t\t<\/section>\n\t\t\t\t<section class=\"elementor-section elementor-top-section elementor-element elementor-element-6b780fd elementor-section-boxed elementor-section-height-default elementor-section-height-default\" data-id=\"6b780fd\" data-element_type=\"section\">\n\t\t\t\t\t\t<div class=\"elementor-container elementor-column-gap-default\">\n\t\t\t\t\t<div class=\"elementor-column elementor-col-100 elementor-top-column elementor-element elementor-element-6ce2116\" data-id=\"6ce2116\" data-element_type=\"column\">\n\t\t\t<div class=\"elementor-widget-wrap elementor-element-populated\">\n\t\t\t\t\t\t\t\t<div class=\"elementor-element elementor-element-6746f6c elementor-widget elementor-widget-text-editor\" data-id=\"6746f6c\" data-element_type=\"widget\" data-widget_type=\"text-editor.default\">\n\t\t\t\t<div class=\"elementor-widget-container\">\n\t\t\t\t\t\t\t<p style=\"text-align: left;\"><span style=\"color: #000000;\">Nghi\u1ec7n l\u00e0m vi\u1ec7c l\u00e0 m\u1ed9t trong nh\u1eefng ch\u1ee9ng nghi\u1ec7n h\u00e0nh vi c\u00f3 l\u1ecbch s\u1eed nghi\u00ean c\u1ee9u v\u00e0 t\u00ecm hi\u1ec3u l\u00fd thuy\u1ebft t\u01b0\u01a1ng \u0111\u1ed1i l\u00e2u d\u00e0i.<\/span><\/p>\n<p style=\"text-align: left;\"><span style=\"color: #000000;\"> B\u1eaft bu\u1ed9c l\u00e0m vi\u1ec7c qu\u00e1 s\u1ee9c c\u00f3 th\u1ec3 xu\u1ea5t hi\u1ec7n trong c\u00e1c x\u00e3 h\u1ed9i lo\u00e0i ng\u01b0\u1eddi t\u1eeb th\u1eddi c\u1ed5 \u0111\u1ea1i; tuy nhi\u00ean, theo hi\u1ec3u bi\u1ebft c\u1ee7a ch\u00fang t\u00f4i, kh\u00f4ng c\u00f3 nghi\u00ean c\u1ee9u h\u1ec7 th\u1ed1ng n\u00e0o v\u1ec1 v\u1ea5n \u0111\u1ec1 n\u00e0y. M\u1ed1i quan t\u00e2m qu\u00e1 m\u1ee9c \u0111\u1ebfn c\u00f4ng vi\u1ec7c v\u00e0 n\u0103ng su\u1ea5t, th\u01b0\u1eddng li\u00ean quan \u0111\u1ebfn l\u00f2ng tham, lo l\u1eafng th\u00e1i qu\u00e1 v\u00e0 lo l\u1eafng c\u00f3 th\u1ec3 \u0111\u01b0\u1ee3c cho l\u00e0&nbsp;<\/span><a href=\"https:\/\/link.springer.com\/chapter\/10.1007\/978-3-031-04772-5_9\" target=\"_blank\" rel=\"noopener\">b\u1eaft ngu\u1ed3n t\u1eeb \u00edt nh\u1ea5t \u0111\u1ebfn th\u1ebf k\u1ef7 5\/6 tr\u01b0\u1edbc C\u00f4ng nguy\u00ean<\/a><span style=\"color: #000000;\">.&nbsp;<\/span><\/p>\n<p style=\"text-align: center;\"><strong>TH\u1edcI H\u1ea0N QUAN T\u00c2M L\u00c2M S\u00c0NG V\u00c0 KHOA H\u1eccC<\/strong><\/p>\n<p style=\"text-align: left;\"><strong>1903<\/strong> <span style=\"color: #000000;\">Pierre Janet \u0111\u00e3 m\u00f4 t\u1ea3 \u201cch\u1ee9ng t\u00e2m th\u1ea7n\u201d li\u00ean quan \u0111\u1ebfn nh\u1eefng m\u1ed1i quan t\u00e2m c\u1ea7u to\u00e0n (v\u00e0 gi\u1ed1ng v\u1edbi th\u1ee9 m\u00e0 sau n\u00e0y \u0111\u01b0\u1ee3c g\u1ecdi l\u00e0 r\u1ed1i lo\u1ea1n nh\u00e2n c\u00e1ch \u00e1m \u1ea3nh c\u01b0\u1ee1ng ch\u1ebf; OCPD), sau n\u00e0y \u0111\u01b0\u1ee3c Sigmund Freud \u00e1p d\u1ee5ng. T\u00e2m th\u1ea7n \u0111\u01b0\u1ee3c x\u00e1c \u0111\u1ecbnh l\u00e0 g\u1eb7p c\u00e1c v\u1ea5n \u0111\u1ec1 v\u1ec1 th\u1ec3 ch\u1ea5t nh\u01b0 \u0111au \u0111\u1ea7u, \u0111au l\u01b0ng ho\u1eb7c m\u1ea5t ng\u1ee7. <\/span><\/p>\n<p style=\"text-align: left;\"><span style=\"color: #000000;\"><strong>1919<\/strong> S\u00e1ndor <\/span><span style=\"color: #000000;\">Ferenci \u0111\u00e3 m\u00f4 t\u1ea3 c\u00e1i g\u1ecdi l\u00e0 \u201c<\/span><a href=\"https:\/\/www.textlog.de\/8527.html\" target=\"_blank\" rel=\"noopener\">ch\u1ee7 nh\u1eadt th\u1ea7n kinh<\/a><span style=\"color: #000000;\">\u201c. Tri\u1ec7u ch\u1ee9ng s<\/span><span style=\"color: #000000; font-size: 16px;\">t\u01b0\u01a1ng t\u1ef1 nh\u01b0 nh\u1eefng tr\u1ea3i nghi\u1ec7m c\u1ee7a psychasthenics v\u00e0 c\u00e1c tri\u1ec7u ch\u1ee9ng th\u1ec3 ch\u1ea5t kh\u00e1c \u0111\u00e3 \u0111\u01b0\u1ee3c quan s\u00e1t th\u1ea5y trong s\u1ed1 <\/span><span style=\"color: #000000;\">m\u1ed9t s\u1ed1 c\u00e1 nh\u00e2n v\u00e0o nh\u1eefng ng\u00e0y h\u1ecd \u0111ang c\u1ed1 g\u1eafng ngh\u1ec9 l\u00e0m. \u0110\u00e2y c\u00f3 l\u1ebd l\u00e0 d\u1ea5u hi\u1ec7u \u0111\u1ea7u ti\u00ean&nbsp;<\/span><span style=\"color: #000000; font-size: 16px; font-style: normal; font-weight: 400;\">v\u1ec1 c\u00e1c tri\u1ec7u ch\u1ee9ng r\u00fat ti\u1ec1n li\u00ean quan \u0111\u1ebfn nghi\u1ec7n c\u00f4ng vi\u1ec7c <\/span><span style=\"color: #000000; font-size: 16px;\">trong y v\u0103n l\u00e2m s\u00e0ng.&nbsp;<\/span><\/p>\n<p><strong>1952<\/strong> <span style=\"color: #000000;\">DSM-I (APA 1952, trang 37) bao g\u1ed3m t\u00ednh c\u00e1ch b\u1ed1c \u0111\u1ed3ng v\u1edbi c\u00e1c \u0111\u1eb7c \u0111i\u1ec3m nh\u01b0 \u201cn\u0103ng l\u1ef1c l\u00e0m vi\u1ec7c qu\u00e1 m\u1ee9c\u201d v\u00e0 \u201cthi\u1ebfu [c\u1ee7a] kh\u1ea3 n\u0103ng th\u01b0 gi\u00e3n b\u00ecnh th\u01b0\u1eddng.\u201d<\/span><\/p>\n<p style=\"text-align: left;\"><span style=\"color: #000000;\"><strong>1968\/1971<\/strong> Kh\u00e1i ni\u1ec7m nghi\u1ec7n c\u00f4ng vi\u1ec7c\/nghi\u1ec7n c\u00f4ng vi\u1ec7c \u0111\u00e3 \u0111\u01b0\u1ee3c gi\u1edbi thi\u1ec7u trong c\u00e1c t\u00e0i li\u1ec7u t\u00e2m l\u00fd b\u1edfi&nbsp;<\/span><a href=\"https:\/\/www.nytimes.com\/1999\/10\/26\/us\/wayne-e-oates-82-is-dead-coined-the-term-workaholic.html\" target=\"_blank\" rel=\"noopener\">Wayne Oates<\/a><span style=\"color: #000000;\">.<\/span><\/p>\n<p><strong>Nh\u1eefng n\u0103m 1970<\/strong> <span style=\"color: #000000;\"> &nbsp;Ngay t\u1eeb nh\u1eefng n\u0103m 1970, khuynh h\u01b0\u1edbng tham c\u00f4ng ti\u1ebfc vi\u1ec7c \u0111\u00e3 \u0111\u01b0\u1ee3c th\u1eeba nh\u1eadn \u1edf&nbsp;<\/span><a href=\"https:\/\/jamanetwork.com\/journals\/jama\/article-abstract\/349598\" target=\"_blank\" rel=\"noopener\">t\u00e0i li\u1ec7u y h\u1ecdc cao c\u1ea5p<\/a><span style=\"color: #000000;\">.<\/span><\/p>\n<p><strong>2013<\/strong> <span style=\"color: #000000;\">S\u1ef1 t\u1eadn t\u1ee5y trong c\u00f4ng vi\u1ec7c l\u00e0 m\u1ed9t trong s\u1ed1 \u00edt ti\u00eau ch\u00ed c\u1ee7a OCPD t\u1ed3n t\u1ea1i t\u1eeb DSM-III \u0111\u1ebfn DSM 5 (APA 2013), v\u00e0 th\u01b0\u1eddng \u0111\u01b0\u1ee3c g\u1ecdi l\u00e0 \u201cth\u00f3i quen l\u00e0m vi\u1ec7c\u201d trong t\u00e0i li\u1ec7u OCPD (Grilo v\u00e0 c\u1ed9ng s\u1ef1 2004).<\/span><\/p>\t\t\t\t\t\t<\/div>\n\t\t\t\t<\/div>\n\t\t\t\t\t<\/div>\n\t\t<\/div>\n\t\t\t\t\t\t\t<\/div>\n\t\t<\/section>\n\t\t\t\t\t\t\t<\/div>","protected":false},"excerpt":{"rendered":"<p>L\u1ecbch s\u1eed Nghi\u1ec7n c\u00f4ng vi\u1ec7c l\u00e0 m\u1ed9t trong nh\u1eefng ch\u1ee9ng nghi\u1ec7n h\u00e0nh vi c\u00f3 l\u1ecbch s\u1eed nghi\u00ean c\u1ee9u v\u00e0 t\u00ecm hi\u1ec3u l\u00fd thuy\u1ebft t\u01b0\u01a1ng \u0111\u1ed1i d\u00e0i. L\u00e0m vi\u1ec7c qu\u00e1 s\u1ee9c c\u01b0\u1ee1ng b\u1ee9c c\u00f3 th\u1ec3 \u0111\u00e3 xu\u1ea5t hi\u1ec7n trong x\u00e3 h\u1ed9i lo\u00e0i ng\u01b0\u1eddi t\u1eeb th\u1eddi c\u1ed5 \u0111\u1ea1i; tuy nhi\u00ean, theo hi\u1ec3u bi\u1ebft c\u1ee7a ch\u00fang t\u00f4i, kh\u00f4ng c\u00f3 nghi\u00ean c\u1ee9u c\u00f3 h\u1ec7 th\u1ed1ng n\u00e0o v\u1ec1 v\u1ea5n \u0111\u1ec1 n\u00e0y. S\u1ef1 b\u1eadn t\u00e2m qu\u00e1 m\u1ee9c v\u1edbi c\u00f4ng vi\u1ec7c v\u00e0 n\u0103ng su\u1ea5t, th\u01b0\u1eddng li\u00ean quan \u0111\u1ebfn l\u00f2ng tham, lo l\u1eafng qu\u00e1 m\u1ee9c v\u00e0 \u2026<\/p>\n<p class=\"read-more\"> <a class=\"\" href=\"https:\/\/workaddiction.org\/vi\/history\/\"> <span class=\"screen-reader-text\">L\u1ecbch s\u1eed<\/span> \u0110\u1ecdc th\u00eam &quot;<\/a><\/p>","protected":false},"author":1,"featured_media":0,"parent":0,"menu_order":0,"comment_status":"closed","ping_status":"closed","template":"","meta":{"site-sidebar-layout":"no-sidebar","site-content-layout":"page-builder","ast-main-header-display":"","ast-hfb-above-header-display":"","ast-hfb-below-header-display":"","ast-hfb-mobile-header-display":"","site-post-title":"disabled","ast-breadcrumbs-content":"","ast-featured-img":"disabled","footer-sml-layout":"","theme-transparent-header-meta":"","adv-header-id-meta":"","stick-header-meta":"","header-above-stick-meta":"","header-main-stick-meta":"","header-below-stick-meta":""},"_links":{"self":[{"href":"https:\/\/workaddiction.org\/vi\/wp-json\/wp\/v2\/pages\/1360"}],"collection":[{"href":"https:\/\/workaddiction.org\/vi\/wp-json\/wp\/v2\/pages"}],"about":[{"href":"https:\/\/workaddiction.org\/vi\/wp-json\/wp\/v2\/types\/page"}],"author":[{"embeddable":true,"href":"https:\/\/workaddiction.org\/vi\/wp-json\/wp\/v2\/users\/1"}],"replies":[{"embeddable":true,"href":"https:\/\/workaddiction.org\/vi\/wp-json\/wp\/v2\/comments?post=1360"}],"version-history":[{"count":86,"href":"https:\/\/workaddiction.org\/vi\/wp-json\/wp\/v2\/pages\/1360\/revisions"}],"predecessor-version":[{"id":5111,"href":"https:\/\/workaddiction.org\/vi\/wp-json\/wp\/v2\/pages\/1360\/revisions\/5111"}],"wp:attachment":[{"href":"https:\/\/workaddiction.org\/vi\/wp-json\/wp\/v2\/media?parent=1360"}],"curies":[{"name":"wp","href":"https:\/\/api.w.org\/{rel}","templated":true}]}}