{"id":1364,"date":"2022-04-20T09:45:32","date_gmt":"2022-04-20T09:45:32","guid":{"rendered":"http:\/\/workaddiction.org\/?page_id=1364"},"modified":"2022-09-29T12:56:51","modified_gmt":"2022-09-29T12:56:51","slug":"literature","status":"publish","type":"page","link":"https:\/\/workaddiction.org\/vi\/literature\/","title":{"rendered":"V\u0103n ch\u01b0\u01a1ng"},"content":{"rendered":"<div data-elementor-type=\"wp-page\" data-elementor-id=\"1364\" class=\"elementor elementor-1364\">\n\t\t\t\t\t\t\t\t\t<section class=\"elementor-section elementor-top-section elementor-element elementor-element-6608a53 elementor-section-boxed elementor-section-height-default elementor-section-height-default\" data-id=\"6608a53\" data-element_type=\"section\">\n\t\t\t\t\t\t<div class=\"elementor-container elementor-column-gap-default\">\n\t\t\t\t\t<div class=\"elementor-column elementor-col-100 elementor-top-column elementor-element elementor-element-442a79b\" data-id=\"442a79b\" data-element_type=\"column\">\n\t\t\t<div class=\"elementor-widget-wrap elementor-element-populated\">\n\t\t\t\t\t\t\t\t<div class=\"elementor-element elementor-element-e05b1d8 elementor-widget elementor-widget-text-editor\" data-id=\"e05b1d8\" data-element_type=\"widget\" data-widget_type=\"text-editor.default\">\n\t\t\t\t<div class=\"elementor-widget-container\">\n\t\t\t<style>\/*! elementor - v3.6.2 - 04-04-2022 *\/\n.elementor-widget-text-editor.elementor-drop-cap-view-stacked .elementor-drop-cap{background-color:#818a91;color:#fff}.elementor-widget-text-editor.elementor-drop-cap-view-framed .elementor-drop-cap{color:#818a91;border:3px solid;background-color:transparent}.elementor-widget-text-editor:not(.elementor-drop-cap-view-default) .elementor-drop-cap{margin-top:8px}.elementor-widget-text-editor:not(.elementor-drop-cap-view-default) .elementor-drop-cap-letter{width:1em;height:1em}.elementor-widget-text-editor .elementor-drop-cap{float:left;text-align:center;line-height:1;font-size:50px}.elementor-widget-text-editor .elementor-drop-cap-letter{display:inline-block}<\/style>\t\t\t\t<p style=\"text-align: center;\"><span style=\"color: #ff0000;\"><strong>Trang n\u00e0y v\u1eabn \u0111ang \u0111\u01b0\u1ee3c ph\u00e1t tri\u1ec3n. S\u1eafp t\u1edbi ch\u00fang t\u00f4i s\u1ebd c\u1eadp nh\u1eadt th\u00eam<\/strong><b>\u00a0th\u00f4ng tin.<\/b><\/span><\/p><p style=\"text-align: center;\"><span style=\"color: #ff0000;\"><strong>D\u01b0\u1edbi \u0111\u00e2y b\u1ea1n c\u00f3 th\u1ec3 t\u00ecm th\u1ea5y m\u1ed9t s\u1ed1 th\u00f4ng tin \u0111\u00e3 c\u00f3 s\u1eb5n.<\/strong><\/span><\/p>\t\t\t\t\t\t<\/div>\n\t\t\t\t<\/div>\n\t\t\t\t\t<\/div>\n\t\t<\/div>\n\t\t\t\t\t\t\t<\/div>\n\t\t<\/section>\n\t\t\t\t<section class=\"elementor-section elementor-top-section elementor-element elementor-element-4fc27ab elementor-section-boxed elementor-section-height-default elementor-section-height-default\" data-id=\"4fc27ab\" data-element_type=\"section\">\n\t\t\t\t\t\t<div class=\"elementor-container elementor-column-gap-default\">\n\t\t\t\t\t<div class=\"elementor-column elementor-col-100 elementor-top-column elementor-element elementor-element-ee645d1\" data-id=\"ee645d1\" data-element_type=\"column\">\n\t\t\t<div class=\"elementor-widget-wrap elementor-element-populated\">\n\t\t\t\t\t\t\t\t<div class=\"elementor-element elementor-element-3bd18b3 elementor-widget elementor-widget-heading\" data-id=\"3bd18b3\" data-element_type=\"widget\" data-widget_type=\"heading.default\">\n\t\t\t\t<div class=\"elementor-widget-container\">\n\t\t\t<style>\/*! elementor - v3.6.2 - 04-04-2022 *\/\n.elementor-heading-title{padding:0;margin:0;line-height:1}.elementor-widget-heading .elementor-heading-title[class*=elementor-size-]>a{color:inherit;font-size:inherit;line-height:inherit}.elementor-widget-heading .elementor-heading-title.elementor-size-small{font-size:15px}.elementor-widget-heading .elementor-heading-title.elementor-size-medium{font-size:19px}.elementor-widget-heading .elementor-heading-title.elementor-size-large{font-size:29px}.elementor-widget-heading .elementor-heading-title.elementor-size-xl{font-size:39px}.elementor-widget-heading .elementor-heading-title.elementor-size-xxl{font-size:59px}<\/style><h2 class=\"elementor-heading-title elementor-size-default\">V\u0103n h\u1ecdc v\u1ec1 nghi\u1ec7n c\u00f4ng vi\u1ec7c<\/h2>\t\t<\/div>\n\t\t\t\t<\/div>\n\t\t\t\t\t<\/div>\n\t\t<\/div>\n\t\t\t\t\t\t\t<\/div>\n\t\t<\/section>\n\t\t\t\t\t\t\t<\/div>","protected":false},"excerpt":{"rendered":"<p>Trang n\u00e0y v\u1eabn \u0111ang trong qu\u00e1 tr\u00ecnh ph\u00e1t tri\u1ec3n. Ch\u00fang t\u00f4i s\u1ebd s\u1edbm c\u1eadp nh\u1eadt th\u00eam th\u00f4ng tin. D\u01b0\u1edbi \u0111\u00e2y b\u1ea1n c\u00f3 th\u1ec3 t\u00ecm th\u1ea5y m\u1ed9t s\u1ed1 th\u00f4ng tin \u0111\u00e3 c\u00f3 s\u1eb5n. T\u00e0i li\u1ec7u v\u1ec1 nghi\u1ec7n c\u00f4ng vi\u1ec7c<\/p>","protected":false},"author":1,"featured_media":0,"parent":0,"menu_order":0,"comment_status":"closed","ping_status":"closed","template":"","meta":{"site-sidebar-layout":"no-sidebar","site-content-layout":"page-builder","ast-main-header-display":"","ast-hfb-above-header-display":"","ast-hfb-below-header-display":"","ast-hfb-mobile-header-display":"","site-post-title":"disabled","ast-breadcrumbs-content":"","ast-featured-img":"disabled","footer-sml-layout":"","theme-transparent-header-meta":"","adv-header-id-meta":"","stick-header-meta":"","header-above-stick-meta":"","header-main-stick-meta":"","header-below-stick-meta":""},"_links":{"self":[{"href":"https:\/\/workaddiction.org\/vi\/wp-json\/wp\/v2\/pages\/1364"}],"collection":[{"href":"https:\/\/workaddiction.org\/vi\/wp-json\/wp\/v2\/pages"}],"about":[{"href":"https:\/\/workaddiction.org\/vi\/wp-json\/wp\/v2\/types\/page"}],"author":[{"embeddable":true,"href":"https:\/\/workaddiction.org\/vi\/wp-json\/wp\/v2\/users\/1"}],"replies":[{"embeddable":true,"href":"https:\/\/workaddiction.org\/vi\/wp-json\/wp\/v2\/comments?post=1364"}],"version-history":[{"count":11,"href":"https:\/\/workaddiction.org\/vi\/wp-json\/wp\/v2\/pages\/1364\/revisions"}],"predecessor-version":[{"id":2399,"href":"https:\/\/workaddiction.org\/vi\/wp-json\/wp\/v2\/pages\/1364\/revisions\/2399"}],"wp:attachment":[{"href":"https:\/\/workaddiction.org\/vi\/wp-json\/wp\/v2\/media?parent=1364"}],"curies":[{"name":"wp","href":"https:\/\/api.w.org\/{rel}","templated":true}]}}