{"id":1844,"date":"2022-09-13T17:51:39","date_gmt":"2022-09-13T17:51:39","guid":{"rendered":"http:\/\/workaddiction.org\/?page_id=1844"},"modified":"2023-01-05T07:00:59","modified_gmt":"2023-01-05T07:00:59","slug":"denial","status":"publish","type":"page","link":"https:\/\/workaddiction.org\/vi\/denial\/","title":{"rendered":"T\u1eeb ch\u1ed1i"},"content":{"rendered":"<div data-elementor-type=\"wp-page\" data-elementor-id=\"1844\" class=\"elementor elementor-1844\">\n\t\t\t\t\t\t\t\t\t<section class=\"elementor-section elementor-top-section elementor-element elementor-element-4309c8d elementor-section-boxed elementor-section-height-default elementor-section-height-default\" data-id=\"4309c8d\" data-element_type=\"section\">\n\t\t\t\t\t\t<div class=\"elementor-container elementor-column-gap-default\">\n\t\t\t\t\t<div class=\"elementor-column elementor-col-100 elementor-top-column elementor-element elementor-element-cbb7d1d\" data-id=\"cbb7d1d\" data-element_type=\"column\">\n\t\t\t<div class=\"elementor-widget-wrap elementor-element-populated\">\n\t\t\t\t\t\t\t\t<div class=\"elementor-element elementor-element-d0df48b elementor-widget elementor-widget-heading\" data-id=\"d0df48b\" data-element_type=\"widget\" data-widget_type=\"heading.default\">\n\t\t\t\t<div class=\"elementor-widget-container\">\n\t\t\t<style>\/*! elementor - v3.6.2 - 04-04-2022 *\/\n.elementor-heading-title{padding:0;margin:0;line-height:1}.elementor-widget-heading .elementor-heading-title[class*=elementor-size-]>a{color:inherit;font-size:inherit;line-height:inherit}.elementor-widget-heading .elementor-heading-title.elementor-size-small{font-size:15px}.elementor-widget-heading .elementor-heading-title.elementor-size-medium{font-size:19px}.elementor-widget-heading .elementor-heading-title.elementor-size-large{font-size:29px}.elementor-widget-heading .elementor-heading-title.elementor-size-xl{font-size:39px}.elementor-widget-heading .elementor-heading-title.elementor-size-xxl{font-size:59px}<\/style><h2 class=\"elementor-heading-title elementor-size-default\">Ph\u1ee7 nh\u1eadn v\u1ea5n \u0111\u1ec1<\/h2>\t\t<\/div>\n\t\t\t\t<\/div>\n\t\t\t\t\t<\/div>\n\t\t<\/div>\n\t\t\t\t\t\t\t<\/div>\n\t\t<\/section>\n\t\t\t\t<section class=\"elementor-section elementor-top-section elementor-element elementor-element-ca24c97 elementor-section-boxed elementor-section-height-default elementor-section-height-default\" data-id=\"ca24c97\" data-element_type=\"section\">\n\t\t\t\t\t\t<div class=\"elementor-container elementor-column-gap-default\">\n\t\t\t\t\t<div class=\"elementor-column elementor-col-100 elementor-top-column elementor-element elementor-element-21f4f4a\" data-id=\"21f4f4a\" data-element_type=\"column\">\n\t\t\t<div class=\"elementor-widget-wrap elementor-element-populated\">\n\t\t\t\t\t\t\t\t<div class=\"elementor-element elementor-element-c084925 elementor-widget elementor-widget-text-editor\" data-id=\"c084925\" data-element_type=\"widget\" data-widget_type=\"text-editor.default\">\n\t\t\t\t<div class=\"elementor-widget-container\">\n\t\t\t<style>\/*! elementor - v3.6.2 - 04-04-2022 *\/\n.elementor-widget-text-editor.elementor-drop-cap-view-stacked .elementor-drop-cap{background-color:#818a91;color:#fff}.elementor-widget-text-editor.elementor-drop-cap-view-framed .elementor-drop-cap{color:#818a91;border:3px solid;background-color:transparent}.elementor-widget-text-editor:not(.elementor-drop-cap-view-default) .elementor-drop-cap{margin-top:8px}.elementor-widget-text-editor:not(.elementor-drop-cap-view-default) .elementor-drop-cap-letter{width:1em;height:1em}.elementor-widget-text-editor .elementor-drop-cap{float:left;text-align:center;line-height:1;font-size:50px}.elementor-widget-text-editor .elementor-drop-cap-letter{display:inline-block}<\/style>\t\t\t\t<p>M\u1ed9t trong nh\u1eefng th\u00e1ch th\u1ee9c quan tr\u1ecdng nh\u1ea5t li\u00ean quan \u0111\u1ebfn vi\u1ec7c \u0111i\u1ec1u tr\u1ecb ch\u1ee9ng nghi\u1ec7n c\u00f4ng vi\u1ec7c l\u00e0 s\u1ef1 t\u1eeb ch\u1ed1i v\u00e0 ph\u1ea3n \u0111\u1ed1i vi\u1ec7c t\u00ecm ki\u1ebfm ph\u01b0\u01a1ng ph\u00e1p \u0111i\u1ec1u tr\u1ecb c\u1ee7a nh\u1eefng ng\u01b0\u1eddi c\u00f3 th\u1ec3 c\u1ea7n n\u00f3. N\u00f3i chung,\u00a0<a href=\"https:\/\/www.ncbi.nlm.nih.gov\/pmc\/articles\/PMC2844118\/\" target=\"_blank\" rel=\"noopener\">h\u1ea7u h\u1ebft nh\u1eefng ng\u01b0\u1eddi nghi\u1ec7n ng\u1eadp kh\u00f4ng nh\u1eadn ra v\u1ea5n \u0111\u1ec1 c\u1ee7a h\u1ecd ho\u1eb7c t\u00ecm ki\u1ebfm s\u1ef1 gi\u00fap \u0111\u1ee1<\/a>; tuy nhi\u00ean, c\u00e1c b\u00e1c s\u0129 \u0111\u00e3 l\u1eadp lu\u1eadn r\u1eb1ng v\u1ea5n \u0111\u1ec1 n\u00e0y th\u1eadm ch\u00ed c\u00f2n r\u00f5 r\u1ec7t h\u01a1n \u1edf nh\u1eefng ng\u01b0\u1eddi nghi\u1ec7n c\u00f4ng vi\u1ec7c v\u00ec h\u00e0nh vi c\u1ee7a h\u1ecd \u0111\u01b0\u1ee3c h\u1ed7 tr\u1ee3 b\u1edfi gi\u00e1 tr\u1ecb cao c\u1ee7a c\u00f4ng vi\u1ec7c kh\u00f3 kh\u0103n trong c\u00e1c x\u00e3 h\u1ed9i c\u00f4ng nghi\u1ec7p h\u00f3a.\u00a0<\/p><p><a style=\"font-size: 1rem;\" href=\"https:\/\/www.researchgate.net\/profile\/Damiano-Girardi\/publication\/235919384_The_convergence_between_self_and_observer_ratings_of_workaholism_A_comparison_between_couples\/links\/00b4953ba965522d7a000000\/The-convergence-between-self-and-observer-ratings-of-workaholism-A-comparison-between-couples.pdf\" target=\"_blank\" rel=\"noopener\">M\u1ed9t nghi\u00ean c\u1ee9u <\/a>so s\u00e1nh nh\u1eadn th\u1ee9c gi\u1eefa c\u00e1c c\u1eb7p v\u1ee3 ch\u1ed3ng cho th\u1ea5y r\u1eb1ng \u00edt h\u01a1n 50% c\u00e1 nh\u00e2n \u0111\u01b0\u1ee3c x\u00e1c \u0111\u1ecbnh l\u00e0 nghi\u1ec7n c\u00f4ng vi\u1ec7c b\u1edfi c\u00e1c \u0111\u1ed1i t\u00e1c t\u1ef1 nh\u1eadn l\u00e0 nghi\u1ec7n c\u00f4ng vi\u1ec7c.<\/p><p>M\u1ed9t ph\u00e2n t\u00edch n\u1ed9i dung \u0111\u1ecbnh l\u01b0\u1ee3ng v\u1ec1 t\u1ea7n su\u1ea5t c\u1ee7a c\u00e1c ngu\u1ed3n kh\u00e1c nhau \u0111\u01b0\u1ee3c s\u1eed d\u1ee5ng trong c\u00e1c b\u00e0i b\u00e1o tr\u00ean nh\u1eadt b\u00e1o t\u1eeb Ph\u1ea7n Lan, \u00dd v\u00e0 Ba Lan t\u1eeb nh\u1eefng n\u0103m 1991, 1998 v\u00e0 2011 cho th\u1ea5y r\u1eb1ng\u00a0<a href=\"https:\/\/journals.sagepub.com\/doi\/pdf\/10.1177\/1455072517753558\" target=\"_blank\" rel=\"noopener\">nghi\u1ec7n c\u00f4ng vi\u1ec7c trung b\u00ecnh \u0111\u01b0\u1ee3c \u0111\u1ec1 c\u1eadp \u00edt h\u01a1n kho\u1ea3ng 12 l\u1ea7n so v\u1edbi nghi\u1ec7n r\u01b0\u1ee3u<\/a>. Trung b\u00ecnh n\u00f3 \u0111\u01b0\u1ee3c \u0111\u1ec1 c\u1eadp trong 3,33% c\u1ee7a c\u00e1c b\u00e0i b\u00e1o so v\u1edbi 39,9% c\u1ee7a c\u00e1c b\u00e0i b\u00e1o \u0111\u1ec1 c\u1eadp \u0111\u1ebfn ch\u1ee9ng nghi\u1ec7n r\u01b0\u1ee3u.<\/p><p><a style=\"font-size: 1rem;\" href=\"https:\/\/www.kbpn.gov.pl\/portal?id=15&amp;res_id=9249205\" target=\"_blank\" rel=\"noopener\">C\u00e1c nghi\u00ean c\u1ee9u v\u1ec1 c\u00e1c m\u1eabu \u0111\u1ea1i di\u1ec7n qu\u1ed1c gia c\u1ee7a d\u00e2n s\u1ed1 n\u00f3i chung \u1edf Ba Lan<\/a> cho th\u1ea5y nghi\u1ec7n c\u00f4ng vi\u1ec7c \u0111\u01b0\u1ee3c coi l\u00e0 nghi\u1ec7n \u00edt nghi\u00eam tr\u1ecdng v\u00e0 nguy hi\u1ec3m h\u01a1n so v\u1edbi nghi\u1ec7n r\u01b0\u1ee3u, nghi\u1ec7n ma t\u00fay, h\u00fat thu\u1ed1c l\u00e1 ho\u1eb7c nghi\u1ec7n c\u1edd b\u1ea1c. Nh\u1eefng ng\u01b0\u1eddi tham gia \u0111\u01b0\u1ee3c h\u1ecfi v\u1ec1 \u00fd ki\u1ebfn c\u1ee7a h\u1ecd v\u1ec1 c\u00e1c ch\u1ee9ng nghi\u1ec7n c\u1ee5 th\u1ec3. H\u1ecd \u0111\u00e1nh gi\u00e1 ch\u00fang theo thang \u0111i\u1ec3m t\u1eeb 1 \u201cth\u00f3i quen v\u00f4 h\u1ea1i\u201d \u0111\u1ebfn 10 \u201cnghi\u1ec7n \u0111e d\u1ecda t\u00ednh m\u1ea1ng\u201d. \u0110i\u1ec3m trung b\u00ecnh c\u1ee7a nghi\u1ec7n c\u00f4ng vi\u1ec7c l\u00e0 kho\u1ea3ng 6, trong khi nghi\u1ec7n r\u01b0\u1ee3u v\u00e0 ma t\u00fay c\u00f3 \u0111i\u1ec3m trung b\u00ecnh tr\u00ean 9. Tuy nhi\u00ean, xu h\u01b0\u1edbng r\u00f5 r\u00e0ng l\u00e0 nh\u1eadn th\u1ee9c d\u1ea7n d\u1ea7n v\u1ec1 nh\u1eefng nguy c\u01a1 li\u00ean quan \u0111\u1ebfn nghi\u1ec7n c\u00f4ng vi\u1ec7c c\u0169ng c\u00f3 th\u1ec3 \u0111\u01b0\u1ee3c b\u1ecf qua. Trong m\u1ed7i m\u1eabu li\u00ean ti\u1ebfp c\u00f4ng vi\u1ec7c nghi\u1ec7n ng\u1eadp \u0111\u01b0\u1ee3c \u0111\u00e1nh gi\u00e1 cao h\u01a1n. T\u1eeb 5,8 v\u00e0o n\u0103m 2011, 6,0 v\u00e0o n\u0103m 2015 l\u00ean 6,2 v\u00e0o n\u0103m 2019. Xu h\u01b0\u1edbng n\u00e0y kh\u00f4ng xu\u1ea5t hi\u1ec7n \u0111\u1ed1i v\u1edbi c\u00e1c ch\u1ee9ng nghi\u1ec7n h\u00e0nh vi kh\u00e1c nh\u01b0 nghi\u1ec7n internet, c\u1edd b\u1ea1c ho\u1eb7c mua s\u1eafm.<\/p>\t\t\t\t\t\t<\/div>\n\t\t\t\t<\/div>\n\t\t\t\t\t<\/div>\n\t\t<\/div>\n\t\t\t\t\t\t\t<\/div>\n\t\t<\/section>\n\t\t\t\t\t\t\t<\/div>","protected":false},"excerpt":{"rendered":"<p>Ph\u1ee7 nh\u1eadn v\u1ea5n \u0111\u1ec1 M\u1ed9t trong nh\u1eefng th\u00e1ch th\u1ee9c quan tr\u1ecdng nh\u1ea5t li\u00ean quan \u0111\u1ebfn vi\u1ec7c \u0111i\u1ec1u tr\u1ecb ch\u1ee9ng nghi\u1ec7n c\u00f4ng vi\u1ec7c l\u00e0 s\u1ef1 ph\u1ee7 nh\u1eadn v\u00e0 ch\u1ed1ng \u0111\u1ed1i vi\u1ec7c t\u00ecm ki\u1ebfm ph\u01b0\u01a1ng ph\u00e1p \u0111i\u1ec1u tr\u1ecb \u1edf nh\u1eefng ng\u01b0\u1eddi c\u00f3 th\u1ec3 c\u1ea7n \u0111\u1ebfn n\u00f3. Nh\u00ecn chung, h\u1ea7u h\u1ebft nh\u1eefng ng\u01b0\u1eddi nghi\u1ec7n kh\u00f4ng nh\u1eadn ra v\u1ea5n \u0111\u1ec1 c\u1ee7a m\u00ecnh ho\u1eb7c kh\u00f4ng t\u00ecm ki\u1ebfm s\u1ef1 gi\u00fap \u0111\u1ee1; tuy nhi\u00ean, c\u00e1c b\u00e1c s\u0129 l\u00e2m s\u00e0ng \u0111\u00e3 l\u1eadp lu\u1eadn r\u1eb1ng \u0111i\u1ec1u n\u00e0y \u2026<\/p>\n<p class=\"read-more\"> <a class=\"\" href=\"https:\/\/workaddiction.org\/vi\/denial\/\"> <span class=\"screen-reader-text\">T\u1eeb ch\u1ed1i<\/span> \u0110\u1ecdc th\u00eam &quot;<\/a><\/p>","protected":false},"author":1,"featured_media":0,"parent":0,"menu_order":0,"comment_status":"closed","ping_status":"closed","template":"","meta":{"site-sidebar-layout":"no-sidebar","site-content-layout":"page-builder","ast-main-header-display":"","ast-hfb-above-header-display":"","ast-hfb-below-header-display":"","ast-hfb-mobile-header-display":"","site-post-title":"disabled","ast-breadcrumbs-content":"","ast-featured-img":"disabled","footer-sml-layout":"","theme-transparent-header-meta":"","adv-header-id-meta":"","stick-header-meta":"","header-above-stick-meta":"","header-main-stick-meta":"","header-below-stick-meta":""},"_links":{"self":[{"href":"https:\/\/workaddiction.org\/vi\/wp-json\/wp\/v2\/pages\/1844"}],"collection":[{"href":"https:\/\/workaddiction.org\/vi\/wp-json\/wp\/v2\/pages"}],"about":[{"href":"https:\/\/workaddiction.org\/vi\/wp-json\/wp\/v2\/types\/page"}],"author":[{"embeddable":true,"href":"https:\/\/workaddiction.org\/vi\/wp-json\/wp\/v2\/users\/1"}],"replies":[{"embeddable":true,"href":"https:\/\/workaddiction.org\/vi\/wp-json\/wp\/v2\/comments?post=1844"}],"version-history":[{"count":52,"href":"https:\/\/workaddiction.org\/vi\/wp-json\/wp\/v2\/pages\/1844\/revisions"}],"predecessor-version":[{"id":4887,"href":"https:\/\/workaddiction.org\/vi\/wp-json\/wp\/v2\/pages\/1844\/revisions\/4887"}],"wp:attachment":[{"href":"https:\/\/workaddiction.org\/vi\/wp-json\/wp\/v2\/media?parent=1844"}],"curies":[{"name":"wp","href":"https:\/\/api.w.org\/{rel}","templated":true}]}}