{"id":1849,"date":"2022-09-13T18:00:48","date_gmt":"2022-09-13T18:00:48","guid":{"rendered":"http:\/\/workaddiction.org\/?page_id=1849"},"modified":"2023-01-11T03:31:50","modified_gmt":"2023-01-11T03:31:50","slug":"expectations","status":"publish","type":"page","link":"https:\/\/workaddiction.org\/vi\/expectations\/","title":{"rendered":"K\u1ef3 v\u1ecdng"},"content":{"rendered":"<div data-elementor-type=\"wp-page\" data-elementor-id=\"1849\" class=\"elementor elementor-1849\">\n\t\t\t\t\t\t\t\t\t<section class=\"elementor-section elementor-top-section elementor-element elementor-element-655ebafd elementor-section-boxed elementor-section-height-default elementor-section-height-default\" data-id=\"655ebafd\" data-element_type=\"section\">\n\t\t\t\t\t\t<div class=\"elementor-container elementor-column-gap-default\">\n\t\t\t\t\t<div class=\"elementor-column elementor-col-100 elementor-top-column elementor-element elementor-element-7c1ea1e\" data-id=\"7c1ea1e\" data-element_type=\"column\">\n\t\t\t<div class=\"elementor-widget-wrap elementor-element-populated\">\n\t\t\t\t\t\t\t\t<div class=\"elementor-element elementor-element-9877594 elementor-widget elementor-widget-heading\" data-id=\"9877594\" data-element_type=\"widget\" data-widget_type=\"heading.default\">\n\t\t\t\t<div class=\"elementor-widget-container\">\n\t\t\t<style>\/*! elementor - v3.6.2 - 04-04-2022 *\/\n.elementor-heading-title{padding:0;margin:0;line-height:1}.elementor-widget-heading .elementor-heading-title[class*=elementor-size-]>a{color:inherit;font-size:inherit;line-height:inherit}.elementor-widget-heading .elementor-heading-title.elementor-size-small{font-size:15px}.elementor-widget-heading .elementor-heading-title.elementor-size-medium{font-size:19px}.elementor-widget-heading .elementor-heading-title.elementor-size-large{font-size:29px}.elementor-widget-heading .elementor-heading-title.elementor-size-xl{font-size:39px}.elementor-widget-heading .elementor-heading-title.elementor-size-xxl{font-size:59px}<\/style><h2 class=\"elementor-heading-title elementor-size-default\">K\u1ef3 v\u1ecdng<\/h2>\t\t<\/div>\n\t\t\t\t<\/div>\n\t\t\t\t<div class=\"elementor-element elementor-element-446baae6 elementor-widget elementor-widget-text-editor\" data-id=\"446baae6\" data-element_type=\"widget\" data-widget_type=\"text-editor.default\">\n\t\t\t\t<div class=\"elementor-widget-container\">\n\t\t\t<style>\/*! elementor - v3.6.2 - 04-04-2022 *\/\n.elementor-widget-text-editor.elementor-drop-cap-view-stacked .elementor-drop-cap{background-color:#818a91;color:#fff}.elementor-widget-text-editor.elementor-drop-cap-view-framed .elementor-drop-cap{color:#818a91;border:3px solid;background-color:transparent}.elementor-widget-text-editor:not(.elementor-drop-cap-view-default) .elementor-drop-cap{margin-top:8px}.elementor-widget-text-editor:not(.elementor-drop-cap-view-default) .elementor-drop-cap-letter{width:1em;height:1em}.elementor-widget-text-editor .elementor-drop-cap{float:left;text-align:center;line-height:1;font-size:50px}.elementor-widget-text-editor .elementor-drop-cap-letter{display:inline-block}<\/style>\t\t\t\t<p><!-- wp:paragraph --><\/p>\n<p>Ti\u00ean l\u01b0\u1ee3ng ph\u1ee5c h\u1ed3i sau ch\u1ee9ng nghi\u1ec7n c\u00f4ng vi\u1ec7c c\u00f3 th\u1ec3 ph\u1ee5 thu\u1ed9c v\u00e0o m\u1ee9c \u0111\u1ed9 nghi\u00eam tr\u1ecdng c\u1ee7a v\u1ea5n \u0111\u1ec1. Trong m\u1ed9t s\u1ed1 tr\u01b0\u1eddng h\u1ee3p, vi\u1ec7c \u0111i\u1ec1u ch\u1ec9nh l\u1ed1i s\u1ed1ng c\u00f3 th\u1ec3 t\u1ecf ra h\u1eefu \u00edch trong vi\u1ec7c gi\u1ea3m xu h\u01b0\u1edbng tham c\u00f4ng ti\u1ebfc vi\u1ec7c v\u00e0 c\u1ea3i thi\u1ec7n ch\u1ee9c n\u0103ng t\u1ed5ng th\u1ec3 c\u0169ng nh\u01b0 ch\u1ea5t l\u01b0\u1ee3ng cu\u1ed9c s\u1ed1ng. Tuy nhi\u00ean, trong nh\u1eefng tr\u01b0\u1eddng h\u1ee3p kh\u00e1c, c\u00f3 th\u1ec3 c\u1ea7n ph\u1ea3i \u0111i\u1ec1u tr\u1ecb t\u00e2m l\u00fd chuy\u00ean nghi\u1ec7p b\u1ed5 sung \u0111\u1ec3 gi\u1ea3i quy\u1ebft c\u00e1c nguy\u00ean nh\u00e2n c\u01a1 b\u1ea3n d\u1eabn \u0111\u1ebfn h\u00e0nh vi tham c\u00f4ng ti\u1ebfc vi\u1ec7c v\u00e0 ph\u00e1t tri\u1ec3n c\u00e1c k\u1ef9 n\u0103ng \u0111\u1ed1i ph\u00f3 l\u00e0nh m\u1ea1nh. C\u1ea7n c\u00f3 nghi\u00ean c\u1ee9u c\u00f3 h\u1ec7 th\u1ed1ng h\u01a1n \u0111\u1ec3 hi\u1ec3u ph\u01b0\u01a1ng th\u1ee9c \u0111i\u1ec1u tr\u1ecb n\u00e0o hi\u1ec7u qu\u1ea3 nh\u1ea5t trong c\u00e1c tr\u01b0\u1eddng h\u1ee3p c\u1ee5 th\u1ec3.<\/p>\n<p>M\u1edbi \u0111\u00e2y&nbsp;<a href=\"https:\/\/onlinelibrary.wiley.com\/doi\/pdf\/10.1002\/wps.20971\" target=\"_blank\" rel=\"noreferrer noopener\">nghi\u00ean c\u1ee9u qu\u1ed1c t\u1ebf quy m\u00f4 l\u1edbn<\/a>&nbsp;\u0111\u01b0\u1ee3c c\u00f4ng b\u1ed1 tr\u00ean t\u1ea1p ch\u00ed t\u00e2m th\u1ea7n c\u00f3 \u1ea3nh h\u01b0\u1edfng nh\u1ea5t th\u1ebf gi\u1edbi cho th\u1ea5y m\u1ed9t trong nh\u1eefng y\u1ebfu t\u1ed1 quan tr\u1ecdng \u0111\u1ec3 c\u1ea3i thi\u1ec7n s\u1ee9c kh\u1ecfe t\u00e2m th\u1ea7n l\u00e0 t\u00ecm ki\u1ebfm s\u1ef1 gi\u00fap \u0111\u1ee1 v\u00e0 kh\u00f4ng n\u1ea3n l\u00f2ng tr\u01b0\u1edbc nh\u1eefng kh\u00f3 kh\u0103n ban \u0111\u1ea7u.&nbsp;<\/p>\n<p><!-- \/wp:paragraph --><!-- wp:paragraph --><\/p>\n<p><strong>H\u01a1n 90% nh\u1eefng ng\u01b0\u1eddi kh\u00f4ng ng\u1eebng t\u00ecm ki\u1ebfm s\u1ef1 gi\u00fap \u0111\u1ee1 cu\u1ed1i c\u00f9ng \u0111\u00e3 c\u1ea3i thi\u1ec7n \u0111\u01b0\u1ee3c s\u1ee9c kh\u1ecfe t\u00e2m th\u1ea7n c\u1ee7a m\u00ecnh!<\/strong><\/p>\n<p><!-- \/wp:paragraph --><\/p>\t\t\t\t\t\t<\/div>\n\t\t\t\t<\/div>\n\t\t\t\t\t<\/div>\n\t\t<\/div>\n\t\t\t\t\t\t\t<\/div>\n\t\t<\/section>\n\t\t\t\t\t\t\t<\/div>","protected":false},"excerpt":{"rendered":"<p>K\u1ef3 v\u1ecdng Ti\u00ean l\u01b0\u1ee3ng ph\u1ee5c h\u1ed3i sau nghi\u1ec7n c\u00f4ng vi\u1ec7c c\u00f3 th\u1ec3 ph\u1ee5 thu\u1ed9c v\u00e0o m\u1ee9c \u0111\u1ed9 nghi\u00eam tr\u1ecdng c\u1ee7a v\u1ea5n \u0111\u1ec1. Trong m\u1ed9t s\u1ed1 tr\u01b0\u1eddng h\u1ee3p, vi\u1ec7c thay \u0111\u1ed5i l\u1ed1i s\u1ed1ng c\u00f3 th\u1ec3 h\u1eefu \u00edch trong vi\u1ec7c gi\u1ea3m xu h\u01b0\u1edbng nghi\u1ec7n c\u00f4ng vi\u1ec7c v\u00e0 c\u1ea3i thi\u1ec7n ch\u1ee9c n\u0103ng t\u1ed5ng th\u1ec3 c\u0169ng nh\u01b0 ch\u1ea5t l\u01b0\u1ee3ng cu\u1ed9c s\u1ed1ng. Tuy nhi\u00ean, trong nh\u1eefng tr\u01b0\u1eddng h\u1ee3p kh\u00e1c, c\u00f3 th\u1ec3 c\u1ea7n ph\u1ea3i \u0111i\u1ec1u tr\u1ecb t\u00e2m l\u00fd chuy\u00ean nghi\u1ec7p b\u1ed5 sung \u0111\u1ec3 gi\u1ea3i quy\u1ebft c\u00e1c nguy\u00ean nh\u00e2n c\u01a1 b\u1ea3n g\u00e2y nghi\u1ec7n c\u00f4ng vi\u1ec7c \u2026<\/p>\n<p class=\"read-more\"> <a class=\"\" href=\"https:\/\/workaddiction.org\/vi\/expectations\/\"> <span class=\"screen-reader-text\">K\u1ef3 v\u1ecdng<\/span> \u0110\u1ecdc th\u00eam &quot;<\/a><\/p>","protected":false},"author":1,"featured_media":0,"parent":0,"menu_order":0,"comment_status":"closed","ping_status":"closed","template":"","meta":{"site-sidebar-layout":"default","site-content-layout":"default","ast-main-header-display":"","ast-hfb-above-header-display":"","ast-hfb-below-header-display":"","ast-hfb-mobile-header-display":"","site-post-title":"","ast-breadcrumbs-content":"","ast-featured-img":"","footer-sml-layout":"","theme-transparent-header-meta":"","adv-header-id-meta":"","stick-header-meta":"","header-above-stick-meta":"","header-main-stick-meta":"","header-below-stick-meta":""},"_links":{"self":[{"href":"https:\/\/workaddiction.org\/vi\/wp-json\/wp\/v2\/pages\/1849"}],"collection":[{"href":"https:\/\/workaddiction.org\/vi\/wp-json\/wp\/v2\/pages"}],"about":[{"href":"https:\/\/workaddiction.org\/vi\/wp-json\/wp\/v2\/types\/page"}],"author":[{"embeddable":true,"href":"https:\/\/workaddiction.org\/vi\/wp-json\/wp\/v2\/users\/1"}],"replies":[{"embeddable":true,"href":"https:\/\/workaddiction.org\/vi\/wp-json\/wp\/v2\/comments?post=1849"}],"version-history":[{"count":33,"href":"https:\/\/workaddiction.org\/vi\/wp-json\/wp\/v2\/pages\/1849\/revisions"}],"predecessor-version":[{"id":5080,"href":"https:\/\/workaddiction.org\/vi\/wp-json\/wp\/v2\/pages\/1849\/revisions\/5080"}],"wp:attachment":[{"href":"https:\/\/workaddiction.org\/vi\/wp-json\/wp\/v2\/media?parent=1849"}],"curies":[{"name":"wp","href":"https:\/\/api.w.org\/{rel}","templated":true}]}}